{"id":1136,"date":"2022-11-23T15:09:36","date_gmt":"2022-11-23T20:09:36","guid":{"rendered":"https:\/\/cemarelectro.com\/?page_id=1136"},"modified":"2022-11-23T15:10:01","modified_gmt":"2022-11-23T20:10:01","slug":"nouvelles","status":"publish","type":"page","link":"https:\/\/cemarelectro.com\/fr\/nouvelles\/","title":{"rendered":"Nouvelles"},"content":{"rendered":"[mk_page_section bg_image=\u00a0\u00bbhttp:\/\/cemarelectro.com\/wp-content\/uploads\/pattern-bg.jpg\u00a0\u00bb padding_top=\u00a0\u00bb0&Prime; padding_bottom=\u00a0\u00bb0&Prime; sidebar=\u00a0\u00bbsidebar-1&Prime;][vc_column][mk_padding_divider size=\u00a0\u00bb140&Prime;][mk_fancy_title tag_name=\u00a0\u00bbh1&Prime; size=\u00a0\u00bb48&Prime; force_font_size=\u00a0\u00bbtrue\u00a0\u00bb size_tablet=\u00a0\u00bb30&Prime; size_phone=\u00a0\u00bb20&Prime; line_height=\u00a0\u00bb90&Prime; font_weight=\u00a0\u00bbbold\u00a0\u00bb txt_transform=\u00a0\u00bbuppercase\u00a0\u00bb margin_bottom=\u00a0\u00bb0&Prime; font_family=\u00a0\u00bbMontserrat\u00a0\u00bb font_type=\u00a0\u00bbgoogle\u00a0\u00bb align=\u00a0\u00bbcenter\u00a0\u00bb]Actualit\u00e9s, r\u00e9alisations et partenariats[\/mk_fancy_title][mk_padding_divider size=\u00a0\u00bb60&Prime;][mk_news count=\u00a0\u00bb3&Prime; pagination=\u00a0\u00bbfalse\u00a0\u00bb pagination_style=\u00a0\u00bb3&Prime;][mk_padding_divider size=\u00a0\u00bb100&Prime;][\/vc_column][\/mk_page_section]\n","protected":false},"excerpt":{"rendered":"<p>[mk_page_section bg_image=\u00a0\u00bbhttp:\/\/cemarelectro.com\/wp-content\/uploads\/pattern-bg.jpg\u00a0\u00bb padding_top=\u00a0\u00bb0&Prime; padding_bottom=\u00a0\u00bb0&Prime; sidebar=\u00a0\u00bbsidebar-1&Prime;][vc_column][mk_padding_divider size=\u00a0\u00bb140&Prime;][mk_fancy_title tag_name=\u00a0\u00bbh1&Prime; size=\u00a0\u00bb48&Prime; force_font_size=\u00a0\u00bbtrue\u00a0\u00bb size_tablet=\u00a0\u00bb30&Prime; size_phone=\u00a0\u00bb20&Prime; line_height=\u00a0\u00bb90&Prime; font_weight=\u00a0\u00bbbold\u00a0\u00bb txt_transform=\u00a0\u00bbuppercase\u00a0\u00bb margin_bottom=\u00a0\u00bb0&Prime; font_family=\u00a0\u00bbMontserrat\u00a0\u00bb font_type=\u00a0\u00bbgoogle\u00a0\u00bb align=\u00a0\u00bbcenter\u00a0\u00bb]Actualit\u00e9s, r\u00e9alisations et partenariats[\/mk_fancy_title][mk_padding_divider size=\u00a0\u00bb60&Prime;][mk_news count=\u00a0\u00bb3&Prime; pagination=\u00a0\u00bbfalse\u00a0\u00bb pagination_style=\u00a0\u00bb3&Prime;][mk_padding_divider size=\u00a0\u00bb100&Prime;][\/vc_column][\/mk_page_section]<\/p>\n","protected":false},"author":2,"featured_media":0,"parent":0,"menu_order":0,"comment_status":"closed","ping_status":"closed","template":"","meta":{"footnotes":""},"class_list":["post-1136","page","type-page","status-publish","hentry"],"yoast_head":"<!-- This site is optimized with the Yoast SEO plugin v27.4 - https:\/\/yoast.com\/product\/yoast-seo-wordpress\/ -->\n<title>Actualit\u00e9s, R\u00e9alisations et Partenariats | Cemar Electro<\/title>\n<meta name=\"description\" content=\"D\u00e9couvrez les nouveaut\u00e9s de Cemar Electro: nos r\u00e9alisations, nos partenariats, nos nouveaux produits et nos innovations!\" \/>\n<meta name=\"robots\" content=\"index, follow, max-snippet:-1, max-image-preview:large, max-video-preview:-1\" \/>\n<link rel=\"canonical\" href=\"https:\/\/cemarelectro.com\/fr\/nouvelles\/\" \/>\n<meta property=\"og:locale\" content=\"fr_CA\" \/>\n<meta property=\"og:type\" content=\"article\" \/>\n<meta property=\"og:title\" content=\"Actualit\u00e9s, R\u00e9alisations et Partenariats | Cemar Electro\" \/>\n<meta property=\"og:description\" content=\"D\u00e9couvrez les nouveaut\u00e9s de Cemar Electro: nos r\u00e9alisations, nos partenariats, nos nouveaux produits et nos innovations!\" \/>\n<meta property=\"og:url\" content=\"https:\/\/cemarelectro.com\/fr\/nouvelles\/\" \/>\n<meta property=\"og:site_name\" content=\"Cemar Electro Inc.\" \/>\n<meta property=\"article:modified_time\" content=\"2022-11-23T20:10:01+00:00\" \/>\n<meta name=\"twitter:card\" content=\"summary_large_image\" \/>\n<meta name=\"twitter:label1\" content=\"Estimation du temps de lecture\" \/>\n\t<meta name=\"twitter:data1\" content=\"1 minute\" \/>\n<script type=\"application\/ld+json\" class=\"yoast-schema-graph\">{\"@context\":\"https:\\\/\\\/schema.org\",\"@graph\":[{\"@type\":\"WebPage\",\"@id\":\"https:\\\/\\\/cemarelectro.com\\\/fr\\\/nouvelles\\\/\",\"url\":\"https:\\\/\\\/cemarelectro.com\\\/fr\\\/nouvelles\\\/\",\"name\":\"Actualit\u00e9s, R\u00e9alisations et Partenariats | Cemar Electro\",\"isPartOf\":{\"@id\":\"https:\\\/\\\/cemarelectro.com\\\/fr\\\/#website\"},\"datePublished\":\"2022-11-23T20:09:36+00:00\",\"dateModified\":\"2022-11-23T20:10:01+00:00\",\"description\":\"D\u00e9couvrez les nouveaut\u00e9s de Cemar Electro: nos r\u00e9alisations, nos partenariats, nos nouveaux produits et nos innovations!\",\"breadcrumb\":{\"@id\":\"https:\\\/\\\/cemarelectro.com\\\/fr\\\/nouvelles\\\/#breadcrumb\"},\"inLanguage\":\"fr-CA\",\"potentialAction\":[{\"@type\":\"ReadAction\",\"target\":[\"https:\\\/\\\/cemarelectro.com\\\/fr\\\/nouvelles\\\/\"]}]},{\"@type\":\"BreadcrumbList\",\"@id\":\"https:\\\/\\\/cemarelectro.com\\\/fr\\\/nouvelles\\\/#breadcrumb\",\"itemListElement\":[{\"@type\":\"ListItem\",\"position\":1,\"name\":\"Home\",\"item\":\"https:\\\/\\\/cemarelectro.com\\\/fr\\\/\"},{\"@type\":\"ListItem\",\"position\":2,\"name\":\"Nouvelles\"}]},{\"@type\":\"WebSite\",\"@id\":\"https:\\\/\\\/cemarelectro.com\\\/fr\\\/#website\",\"url\":\"https:\\\/\\\/cemarelectro.com\\\/fr\\\/\",\"name\":\"Cemar Electro Inc.\",\"description\":\"\",\"potentialAction\":[{\"@type\":\"SearchAction\",\"target\":{\"@type\":\"EntryPoint\",\"urlTemplate\":\"https:\\\/\\\/cemarelectro.com\\\/fr\\\/?s={search_term_string}\"},\"query-input\":{\"@type\":\"PropertyValueSpecification\",\"valueRequired\":true,\"valueName\":\"search_term_string\"}}],\"inLanguage\":\"fr-CA\"}]}<\/script>\n<!-- \/ Yoast SEO plugin. -->","yoast_head_json":{"title":"Actualit\u00e9s, R\u00e9alisations et Partenariats | Cemar Electro","description":"D\u00e9couvrez les nouveaut\u00e9s de Cemar Electro: nos r\u00e9alisations, nos partenariats, nos nouveaux produits et nos innovations!","robots":{"index":"index","follow":"follow","max-snippet":"max-snippet:-1","max-image-preview":"max-image-preview:large","max-video-preview":"max-video-preview:-1"},"canonical":"https:\/\/cemarelectro.com\/fr\/nouvelles\/","og_locale":"fr_CA","og_type":"article","og_title":"Actualit\u00e9s, R\u00e9alisations et Partenariats | Cemar Electro","og_description":"D\u00e9couvrez les nouveaut\u00e9s de Cemar Electro: nos r\u00e9alisations, nos partenariats, nos nouveaux produits et nos innovations!","og_url":"https:\/\/cemarelectro.com\/fr\/nouvelles\/","og_site_name":"Cemar Electro Inc.","article_modified_time":"2022-11-23T20:10:01+00:00","twitter_card":"summary_large_image","twitter_misc":{"Estimation du temps de lecture":"1 minute"},"schema":{"@context":"https:\/\/schema.org","@graph":[{"@type":"WebPage","@id":"https:\/\/cemarelectro.com\/fr\/nouvelles\/","url":"https:\/\/cemarelectro.com\/fr\/nouvelles\/","name":"Actualit\u00e9s, R\u00e9alisations et Partenariats | Cemar Electro","isPartOf":{"@id":"https:\/\/cemarelectro.com\/fr\/#website"},"datePublished":"2022-11-23T20:09:36+00:00","dateModified":"2022-11-23T20:10:01+00:00","description":"D\u00e9couvrez les nouveaut\u00e9s de Cemar Electro: nos r\u00e9alisations, nos partenariats, nos nouveaux produits et nos innovations!","breadcrumb":{"@id":"https:\/\/cemarelectro.com\/fr\/nouvelles\/#breadcrumb"},"inLanguage":"fr-CA","potentialAction":[{"@type":"ReadAction","target":["https:\/\/cemarelectro.com\/fr\/nouvelles\/"]}]},{"@type":"BreadcrumbList","@id":"https:\/\/cemarelectro.com\/fr\/nouvelles\/#breadcrumb","itemListElement":[{"@type":"ListItem","position":1,"name":"Home","item":"https:\/\/cemarelectro.com\/fr\/"},{"@type":"ListItem","position":2,"name":"Nouvelles"}]},{"@type":"WebSite","@id":"https:\/\/cemarelectro.com\/fr\/#website","url":"https:\/\/cemarelectro.com\/fr\/","name":"Cemar Electro Inc.","description":"","potentialAction":[{"@type":"SearchAction","target":{"@type":"EntryPoint","urlTemplate":"https:\/\/cemarelectro.com\/fr\/?s={search_term_string}"},"query-input":{"@type":"PropertyValueSpecification","valueRequired":true,"valueName":"search_term_string"}}],"inLanguage":"fr-CA"}]}},"_links":{"self":[{"href":"https:\/\/cemarelectro.com\/fr\/wp-json\/wp\/v2\/pages\/1136","targetHints":{"allow":["GET"]}}],"collection":[{"href":"https:\/\/cemarelectro.com\/fr\/wp-json\/wp\/v2\/pages"}],"about":[{"href":"https:\/\/cemarelectro.com\/fr\/wp-json\/wp\/v2\/types\/page"}],"author":[{"embeddable":true,"href":"https:\/\/cemarelectro.com\/fr\/wp-json\/wp\/v2\/users\/2"}],"replies":[{"embeddable":true,"href":"https:\/\/cemarelectro.com\/fr\/wp-json\/wp\/v2\/comments?post=1136"}],"version-history":[{"count":6,"href":"https:\/\/cemarelectro.com\/fr\/wp-json\/wp\/v2\/pages\/1136\/revisions"}],"predecessor-version":[{"id":1375,"href":"https:\/\/cemarelectro.com\/fr\/wp-json\/wp\/v2\/pages\/1136\/revisions\/1375"}],"wp:attachment":[{"href":"https:\/\/cemarelectro.com\/fr\/wp-json\/wp\/v2\/media?parent=1136"}],"curies":[{"name":"wp","href":"https:\/\/api.w.org\/{rel}","templated":true}]}}