{"id":1152,"date":"2021-03-29T11:14:46","date_gmt":"2021-03-29T16:14:46","guid":{"rendered":"https:\/\/cemarelectro.com\/cl-720-portable-band-saw-laser\/"},"modified":"2022-11-23T15:13:12","modified_gmt":"2022-11-23T20:13:12","slug":"cl-720-laser-portable-scie-ruban","status":"publish","type":"page","link":"https:\/\/cemarelectro.com\/fr\/cl-720-laser-portable-scie-ruban\/","title":{"rendered":"Laser portable pour scie \u00e0 ruban"},"content":{"rendered":"<div class=\"wpb-content-wrapper\">[mk_page_section bg_image=\u00a0\u00bbhttp:\/\/cemarelectro.com\/wp-content\/uploads\/pattern-bg.jpg\u00a0\u00bb padding_top=\u00a0\u00bb0&Prime; padding_bottom=\u00a0\u00bb0&Prime; sidebar=\u00a0\u00bbsidebar-1&Prime;][vc_column][mk_padding_divider size=\u00a0\u00bb140&Prime;][mk_fancy_title color=\u00a0\u00bb#707070&Prime; size=\u00a0\u00bb16&Prime; font_weight=\u00a0\u00bb400&Prime; txt_transform=\u00a0\u00bbuppercase\u00a0\u00bb letter_spacing=\u00a0\u00bb4&Prime; margin_bottom=\u00a0\u00bb0&Prime; font_family=\u00a0\u00bbMontserrat\u00a0\u00bb font_type=\u00a0\u00bbgoogle\u00a0\u00bb align=\u00a0\u00bbcenter\u00a0\u00bb]<span style=\"font-weight: 400;\">Des solutions rentables pour des applications uniques<\/span>[\/mk_fancy_title][mk_fancy_title tag_name=\u00a0\u00bbh1&Prime; size=\u00a0\u00bb48&Prime; force_font_size=\u00a0\u00bbtrue\u00a0\u00bb size_tablet=\u00a0\u00bb30&Prime; size_phone=\u00a0\u00bb20&Prime; line_height=\u00a0\u00bb90&Prime; font_weight=\u00a0\u00bbbold\u00a0\u00bb txt_transform=\u00a0\u00bbuppercase\u00a0\u00bb margin_bottom=\u00a0\u00bb0&Prime; font_family=\u00a0\u00bbMontserrat\u00a0\u00bb font_type=\u00a0\u00bbgoogle\u00a0\u00bb align=\u00a0\u00bbcenter\u00a0\u00bb]Laser portable pour scie \u00e0 ruban<br \/>\nCL-720[\/mk_fancy_title][mk_padding_divider size=\u00a0\u00bb60&Prime;][vc_row_inner attached=\u00a0\u00bbtrue\u00a0\u00bb][vc_column_inner width=\u00a0\u00bb2\/3&Prime;][vc_column_text css=\u00a0\u00bb.vc_custom_1662644046012{margin-bottom: 0px !important;}\u00a0\u00bb]<span style=\"text-align: justify; display: block;\"><span style=\"font-weight: 400;\">Le CL-720 a \u00e9t\u00e9 sp\u00e9cialement configur\u00e9 pour les scies \u00e0 ruban portatives qui fonctionnent \u00e0 l&rsquo;abri ou \u00e0 l&rsquo;int\u00e9rieur. Utilisant Powershift\u2122, une technique permettant de fournir une ligne plus uniforme \u00e0 partir de lasers mont\u00e9s en angle, ce laser est id\u00e9al pour une utilisation ext\u00e9rieur ombrag\u00e9e ou \u00e0 l&rsquo;abri. En fonctionnant avec l&rsquo;alimentation 12V DC de la scie, il n&rsquo;est pas n\u00e9cessaire de disposer d&rsquo;une source d&rsquo;alimentation 110V. Cependant, pour les installations plus permanentes, un bo\u00eetier 110V AC est disponible.<\/span><\/span><\/p>\n<p><strong>Consommation d&rsquo;\u00e9nergie:<\/strong> 1 Watt max.<br \/>\n<strong>Temp\u00e9rature de fonctionnement:<\/strong> -10\u00b0~40\u00b0C 14\u00b0~100\u00b0F<\/p>\n<p><span style=\"text-align: justify; display: block;\"><small>*Appelez-nous pour des options d&rsquo;alimentation suppl\u00e9mentaires pour r\u00e9pondre \u00e0 vos besoins.<\/small><\/span>[\/vc_column_text][vc_column_text css=\u00a0\u00bb.vc_custom_1662644099176{margin-bottom: 0px !important;}\u00a0\u00bb]\n<h3>Homologations<\/h3>\n[\/vc_column_text][vc_single_image image=\u00a0\u00bb418&Prime; img_size=\u00a0\u00bbfull\u00a0\u00bb][vc_single_image image=\u00a0\u00bb362&Prime; img_size=\u00a0\u00bbfull\u00a0\u00bb][\/vc_column_inner][vc_column_inner width=\u00a0\u00bb1\/3&Prime; css=\u00a0\u00bb.vc_custom_1612466126233{margin-left: 15px !important;}\u00a0\u00bb][vc_single_image image=\u00a0\u00bb340&Prime; img_size=\u00a0\u00bbfull\u00a0\u00bb alignment=\u00a0\u00bbcenter\u00a0\u00bb][mk_button dimension=\u00a0\u00bbflat\u00a0\u00bb size=\u00a0\u00bbmedium\u00a0\u00bb url=\u00a0\u00bb\/fr\/soumission\/\u00a0\u00bb target=\u00a0\u00bb_blank\u00a0\u00bb align=\u00a0\u00bbcenter\u00a0\u00bb fullwidth=\u00a0\u00bbtrue\u00a0\u00bb margin_right=\u00a0\u00bb0&Prime; animation=\u00a0\u00bbscale-up\u00a0\u00bb]Demandez un devis[\/mk_button][\/vc_column_inner][\/vc_row_inner][mk_padding_divider size=\u00a0\u00bb100&Prime;][\/vc_column][\/mk_page_section][mk_page_section bg_color=\u00a0\u00bb#0070ac\u00a0\u00bb min_height=\u00a0\u00bb10&Prime; full_width=\u00a0\u00bbtrue\u00a0\u00bb padding_top=\u00a0\u00bb0&Prime; padding_bottom=\u00a0\u00bb0&Prime; sidebar=\u00a0\u00bbsidebar-1&Prime;][vc_column][\/vc_column][\/mk_page_section][mk_page_section bg_color=\u00a0\u00bb#ffffff\u00a0\u00bb padding_top=\u00a0\u00bb90&Prime; padding_bottom=\u00a0\u00bb90&Prime; sidebar=\u00a0\u00bbsidebar-1&Prime;][vc_column width=\u00a0\u00bb1\/2&Prime;][vc_column_text css=\u00a0\u00bb.vc_custom_1662644132435{margin-bottom: 0px !important;}\u00a0\u00bb]\n<h2>Intensit\u00e9 de ligne non uniforme<\/h2>\n<p><span style=\"text-align: justify; display: block;\">D&rsquo;autres lasers utilisent des optiques cylindriques et une lentille en \u00e9ventail pour diffuser la lumi\u00e8re. Cela cr\u00e9e une ligne qui est brillante au milieu mais qui s&rsquo;estompe aux extr\u00e9mit\u00e9s:<\/span>[\/vc_column_text][vc_single_image image=\u00a0\u00bb376&Prime; img_size=\u00a0\u00bbfull\u00a0\u00bb alignment=\u00a0\u00bbcenter\u00a0\u00bb][vc_column_text css=\u00a0\u00bb.vc_custom_1662644152163{margin-bottom: 0px !important;}\u00a0\u00bb]<span style=\"text-align: justify; display: block;\">Lorsque les lasers mont\u00e9s en angle utilisent une lentille en \u00e9ventail pour diffuser la lumi\u00e8re sur la longueur de la ligne, celle-ci perd de son intensit\u00e9 et s&rsquo;estompe au fur et \u00e0 mesure qu&rsquo;elle s&rsquo;\u00e9tend vers l&rsquo;ext\u00e9rieur.<\/span>[\/vc_column_text][vc_single_image image=\u00a0\u00bb374&Prime; img_size=\u00a0\u00bbfull\u00a0\u00bb alignment=\u00a0\u00bbcenter\u00a0\u00bb][\/vc_column][vc_column width=\u00a0\u00bb1\/2&Prime;][vc_column_text css=\u00a0\u00bb.vc_custom_1662644220330{margin-bottom: 0px !important;}\u00a0\u00bb]\n<h2>Cemarline Powershift\u2122<\/h2>\n<p><span style=\"text-align: justify; display: block;\">Avec la lentille lin\u00e9aire brevet\u00e9e de Cemar Electro, la lumi\u00e8re projet\u00e9e est r\u00e9partie uniform\u00e9ment sur toute la longueur de la ligne:<\/span>[\/vc_column_text][vc_single_image image=\u00a0\u00bb396&Prime; img_size=\u00a0\u00bbfull\u00a0\u00bb alignment=\u00a0\u00bbcenter\u00a0\u00bb][vc_column_text css=\u00a0\u00bb.vc_custom_1662644243129{margin-bottom: 0px !important;}\u00a0\u00bb]<span style=\"text-align: justify; display: block;\">Avec <strong>Cemarline Powershift\u2122<\/strong>, la puissance du laser est l\u00e9g\u00e8rement d\u00e9cal\u00e9e vers l&rsquo;extr\u00e9mit\u00e9 de la ligne d\u00e9livrant une ligne claire et \u00e9quilibr\u00e9e du d\u00e9but \u00e0 la fin.<\/span>[\/vc_column_text][vc_single_image image=\u00a0\u00bb394&Prime; img_size=\u00a0\u00bbfull\u00a0\u00bb alignment=\u00a0\u00bbcenter\u00a0\u00bb][\/vc_column][\/mk_page_section][mk_page_section bg_color=\u00a0\u00bb#0070ac\u00a0\u00bb video_color_mask=\u00a0\u00bb#000000&Prime; video_opacity=\u00a0\u00bb0&Prime; sidebar=\u00a0\u00bbsidebar-1&Prime;][vc_column][mk_padding_divider size=\u00a0\u00bb170&Prime;][vc_row_inner][vc_column_inner width=\u00a0\u00bb1\/12&Prime;][\/vc_column_inner][vc_column_inner width=\u00a0\u00bb10\/12&Prime;][mk_fancy_title tag_name=\u00a0\u00bbh3&Prime; color=\u00a0\u00bb#ffffff\u00a0\u00bb size=\u00a0\u00bb60&Prime; force_font_size=\u00a0\u00bbtrue\u00a0\u00bb size_tablet=\u00a0\u00bb35&Prime; size_phone=\u00a0\u00bb25&Prime; font_weight=\u00a0\u00bb400&Prime; txt_transform=\u00a0\u00bbuppercase\u00a0\u00bb font_family=\u00a0\u00bbMontserrat\u00a0\u00bb font_type=\u00a0\u00bbgoogle\u00a0\u00bb align=\u00a0\u00bbcenter\u00a0\u00bb]Apprenez-en plus[\/mk_fancy_title][\/vc_column_inner][vc_column_inner width=\u00a0\u00bb1\/12&Prime;][\/vc_column_inner][\/vc_row_inner][mk_padding_divider size=\u00a0\u00bb30&Prime;][vc_row_inner css=\u00a0\u00bb.vc_custom_1612445087891{padding-right: 30px !important;padding-left: 30px !important;}\u00a0\u00bb][vc_column_inner width=\u00a0\u00bb1\/6&Prime;][\/vc_column_inner][vc_column_inner width=\u00a0\u00bb1\/3&Prime;][mk_button dimension=\u00a0\u00bbflat\u00a0\u00bb size=\u00a0\u00bblarge\u00a0\u00bb url=\u00a0\u00bb\/fr\/contactez-nous\/\u00a0\u00bb align=\u00a0\u00bbcenter\u00a0\u00bb margin_right=\u00a0\u00bb0&Prime; animation=\u00a0\u00bbscale-up\u00a0\u00bb]Questions[\/mk_button][\/vc_column_inner][vc_column_inner width=\u00a0\u00bb1\/3&Prime;][mk_button dimension=\u00a0\u00bbflat\u00a0\u00bb size=\u00a0\u00bblarge\u00a0\u00bb url=\u00a0\u00bb\/fr\/soumission\/\u00a0\u00bb align=\u00a0\u00bbcenter\u00a0\u00bb margin_right=\u00a0\u00bb0&Prime; animation=\u00a0\u00bbscale-up\u00a0\u00bb]Soumission[\/mk_button][\/vc_column_inner][vc_column_inner width=\u00a0\u00bb1\/6&Prime;][\/vc_column_inner][\/vc_row_inner][mk_padding_divider size=\u00a0\u00bb140&Prime;][\/vc_column][\/mk_page_section]\n<\/div>","protected":false},"excerpt":{"rendered":"<p>[mk_page_section bg_image=\u00a0\u00bbhttp:\/\/cemarelectro.com\/wp-content\/uploads\/pattern-bg.jpg\u00a0\u00bb padding_top=\u00a0\u00bb0&Prime; padding_bottom=\u00a0\u00bb0&Prime; sidebar=\u00a0\u00bbsidebar-1&Prime;][vc_column][mk_padding_divider size=\u00a0\u00bb140&Prime;][mk_fancy_title color=\u00a0\u00bb#707070&Prime; size=\u00a0\u00bb16&Prime; font_weight=\u00a0\u00bb400&Prime; txt_transform=\u00a0\u00bbuppercase\u00a0\u00bb letter_spacing=\u00a0\u00bb4&Prime; margin_bottom=\u00a0\u00bb0&Prime; font_family=\u00a0\u00bbMontserrat\u00a0\u00bb font_type=\u00a0\u00bbgoogle\u00a0\u00bb align=\u00a0\u00bbcenter\u00a0\u00bb]Des solutions rentables pour des applications uniques[\/mk_fancy_title][mk_fancy_title tag_name=\u00a0\u00bbh1&Prime; size=\u00a0\u00bb48&Prime; force_font_size=\u00a0\u00bbtrue\u00a0\u00bb size_tablet=\u00a0\u00bb30&Prime; size_phone=\u00a0\u00bb20&Prime; line_height=\u00a0\u00bb90&Prime; font_weight=\u00a0\u00bbbold\u00a0\u00bb txt_transform=\u00a0\u00bbuppercase\u00a0\u00bb margin_bottom=\u00a0\u00bb0&Prime; font_family=\u00a0\u00bbMontserrat\u00a0\u00bb font_type=\u00a0\u00bbgoogle\u00a0\u00bb align=\u00a0\u00bbcenter\u00a0\u00bb]Laser portable pour scie \u00e0 ruban CL-720[\/mk_fancy_title][mk_padding_divider size=\u00a0\u00bb60&Prime;][vc_row_inner attached=\u00a0\u00bbtrue\u00a0\u00bb][vc_column_inner width=\u00a0\u00bb2\/3&Prime;][vc_column_text css=\u00a0\u00bb.vc_custom_1662644046012{margin-bottom: 0px !important;}\u00a0\u00bb]Le CL-720 a \u00e9t\u00e9 sp\u00e9cialement configur\u00e9 pour les scies \u00e0 ruban [&hellip;]<\/p>\n","protected":false},"author":2,"featured_media":0,"parent":0,"menu_order":0,"comment_status":"closed","ping_status":"closed","template":"","meta":{"footnotes":""},"class_list":["post-1152","page","type-page","status-publish","hentry"],"yoast_head":"<!-- This site is optimized with the Yoast SEO plugin v27.4 - https:\/\/yoast.com\/product\/yoast-seo-wordpress\/ -->\n<title>Laser Portable pour Scie \u00e0 Ruban CL-720 | Cemar Electro<\/title>\n<meta name=\"description\" content=\"CL-720 a \u00e9t\u00e9 sp\u00e9cialement con\u00e7u pour les scies \u00e0 ruban portatives qui fonctionnent \u00e0 l&#039;abri ou \u00e0 l&#039;int\u00e9rieur. Consultez les sp\u00e9cifications!\" \/>\n<meta name=\"robots\" content=\"index, follow, max-snippet:-1, max-image-preview:large, max-video-preview:-1\" \/>\n<link rel=\"canonical\" href=\"https:\/\/cemarelectro.com\/fr\/cl-720-laser-portable-scie-ruban\/\" \/>\n<meta property=\"og:locale\" content=\"fr_CA\" \/>\n<meta property=\"og:type\" content=\"article\" \/>\n<meta property=\"og:title\" content=\"Laser Portable pour Scie \u00e0 Ruban CL-720 | Cemar Electro\" \/>\n<meta property=\"og:description\" content=\"CL-720 a \u00e9t\u00e9 sp\u00e9cialement con\u00e7u pour les scies \u00e0 ruban portatives qui fonctionnent \u00e0 l&#039;abri ou \u00e0 l&#039;int\u00e9rieur. Consultez les sp\u00e9cifications!\" \/>\n<meta property=\"og:url\" content=\"https:\/\/cemarelectro.com\/fr\/cl-720-laser-portable-scie-ruban\/\" \/>\n<meta property=\"og:site_name\" content=\"Cemar Electro Inc.\" \/>\n<meta property=\"article:modified_time\" content=\"2022-11-23T20:13:12+00:00\" \/>\n<meta name=\"twitter:card\" content=\"summary_large_image\" \/>\n<meta name=\"twitter:label1\" content=\"Estimation du temps de lecture\" \/>\n\t<meta name=\"twitter:data1\" content=\"2 minutes\" \/>\n<script type=\"application\/ld+json\" class=\"yoast-schema-graph\">{\"@context\":\"https:\\\/\\\/schema.org\",\"@graph\":[{\"@type\":\"WebPage\",\"@id\":\"https:\\\/\\\/cemarelectro.com\\\/fr\\\/cl-720-laser-portable-scie-ruban\\\/\",\"url\":\"https:\\\/\\\/cemarelectro.com\\\/fr\\\/cl-720-laser-portable-scie-ruban\\\/\",\"name\":\"Laser Portable pour Scie \u00e0 Ruban CL-720 | Cemar Electro\",\"isPartOf\":{\"@id\":\"https:\\\/\\\/cemarelectro.com\\\/fr\\\/#website\"},\"datePublished\":\"2021-03-29T16:14:46+00:00\",\"dateModified\":\"2022-11-23T20:13:12+00:00\",\"description\":\"CL-720 a \u00e9t\u00e9 sp\u00e9cialement con\u00e7u pour les scies \u00e0 ruban portatives qui fonctionnent \u00e0 l'abri ou \u00e0 l'int\u00e9rieur. Consultez les sp\u00e9cifications!\",\"breadcrumb\":{\"@id\":\"https:\\\/\\\/cemarelectro.com\\\/fr\\\/cl-720-laser-portable-scie-ruban\\\/#breadcrumb\"},\"inLanguage\":\"fr-CA\",\"potentialAction\":[{\"@type\":\"ReadAction\",\"target\":[\"https:\\\/\\\/cemarelectro.com\\\/fr\\\/cl-720-laser-portable-scie-ruban\\\/\"]}]},{\"@type\":\"BreadcrumbList\",\"@id\":\"https:\\\/\\\/cemarelectro.com\\\/fr\\\/cl-720-laser-portable-scie-ruban\\\/#breadcrumb\",\"itemListElement\":[{\"@type\":\"ListItem\",\"position\":1,\"name\":\"Home\",\"item\":\"https:\\\/\\\/cemarelectro.com\\\/fr\\\/\"},{\"@type\":\"ListItem\",\"position\":2,\"name\":\"Laser portable pour scie \u00e0 ruban\"}]},{\"@type\":\"WebSite\",\"@id\":\"https:\\\/\\\/cemarelectro.com\\\/fr\\\/#website\",\"url\":\"https:\\\/\\\/cemarelectro.com\\\/fr\\\/\",\"name\":\"Cemar Electro Inc.\",\"description\":\"\",\"potentialAction\":[{\"@type\":\"SearchAction\",\"target\":{\"@type\":\"EntryPoint\",\"urlTemplate\":\"https:\\\/\\\/cemarelectro.com\\\/fr\\\/?s={search_term_string}\"},\"query-input\":{\"@type\":\"PropertyValueSpecification\",\"valueRequired\":true,\"valueName\":\"search_term_string\"}}],\"inLanguage\":\"fr-CA\"}]}<\/script>\n<!-- \/ Yoast SEO plugin. -->","yoast_head_json":{"title":"Laser Portable pour Scie \u00e0 Ruban CL-720 | Cemar Electro","description":"CL-720 a \u00e9t\u00e9 sp\u00e9cialement con\u00e7u pour les scies \u00e0 ruban portatives qui fonctionnent \u00e0 l'abri ou \u00e0 l'int\u00e9rieur. Consultez les sp\u00e9cifications!","robots":{"index":"index","follow":"follow","max-snippet":"max-snippet:-1","max-image-preview":"max-image-preview:large","max-video-preview":"max-video-preview:-1"},"canonical":"https:\/\/cemarelectro.com\/fr\/cl-720-laser-portable-scie-ruban\/","og_locale":"fr_CA","og_type":"article","og_title":"Laser Portable pour Scie \u00e0 Ruban CL-720 | Cemar Electro","og_description":"CL-720 a \u00e9t\u00e9 sp\u00e9cialement con\u00e7u pour les scies \u00e0 ruban portatives qui fonctionnent \u00e0 l'abri ou \u00e0 l'int\u00e9rieur. Consultez les sp\u00e9cifications!","og_url":"https:\/\/cemarelectro.com\/fr\/cl-720-laser-portable-scie-ruban\/","og_site_name":"Cemar Electro Inc.","article_modified_time":"2022-11-23T20:13:12+00:00","twitter_card":"summary_large_image","twitter_misc":{"Estimation du temps de lecture":"2 minutes"},"schema":{"@context":"https:\/\/schema.org","@graph":[{"@type":"WebPage","@id":"https:\/\/cemarelectro.com\/fr\/cl-720-laser-portable-scie-ruban\/","url":"https:\/\/cemarelectro.com\/fr\/cl-720-laser-portable-scie-ruban\/","name":"Laser Portable pour Scie \u00e0 Ruban CL-720 | Cemar Electro","isPartOf":{"@id":"https:\/\/cemarelectro.com\/fr\/#website"},"datePublished":"2021-03-29T16:14:46+00:00","dateModified":"2022-11-23T20:13:12+00:00","description":"CL-720 a \u00e9t\u00e9 sp\u00e9cialement con\u00e7u pour les scies \u00e0 ruban portatives qui fonctionnent \u00e0 l'abri ou \u00e0 l'int\u00e9rieur. Consultez les sp\u00e9cifications!","breadcrumb":{"@id":"https:\/\/cemarelectro.com\/fr\/cl-720-laser-portable-scie-ruban\/#breadcrumb"},"inLanguage":"fr-CA","potentialAction":[{"@type":"ReadAction","target":["https:\/\/cemarelectro.com\/fr\/cl-720-laser-portable-scie-ruban\/"]}]},{"@type":"BreadcrumbList","@id":"https:\/\/cemarelectro.com\/fr\/cl-720-laser-portable-scie-ruban\/#breadcrumb","itemListElement":[{"@type":"ListItem","position":1,"name":"Home","item":"https:\/\/cemarelectro.com\/fr\/"},{"@type":"ListItem","position":2,"name":"Laser portable pour scie \u00e0 ruban"}]},{"@type":"WebSite","@id":"https:\/\/cemarelectro.com\/fr\/#website","url":"https:\/\/cemarelectro.com\/fr\/","name":"Cemar Electro Inc.","description":"","potentialAction":[{"@type":"SearchAction","target":{"@type":"EntryPoint","urlTemplate":"https:\/\/cemarelectro.com\/fr\/?s={search_term_string}"},"query-input":{"@type":"PropertyValueSpecification","valueRequired":true,"valueName":"search_term_string"}}],"inLanguage":"fr-CA"}]}},"_links":{"self":[{"href":"https:\/\/cemarelectro.com\/fr\/wp-json\/wp\/v2\/pages\/1152","targetHints":{"allow":["GET"]}}],"collection":[{"href":"https:\/\/cemarelectro.com\/fr\/wp-json\/wp\/v2\/pages"}],"about":[{"href":"https:\/\/cemarelectro.com\/fr\/wp-json\/wp\/v2\/types\/page"}],"author":[{"embeddable":true,"href":"https:\/\/cemarelectro.com\/fr\/wp-json\/wp\/v2\/users\/2"}],"replies":[{"embeddable":true,"href":"https:\/\/cemarelectro.com\/fr\/wp-json\/wp\/v2\/comments?post=1152"}],"version-history":[{"count":3,"href":"https:\/\/cemarelectro.com\/fr\/wp-json\/wp\/v2\/pages\/1152\/revisions"}],"predecessor-version":[{"id":1155,"href":"https:\/\/cemarelectro.com\/fr\/wp-json\/wp\/v2\/pages\/1152\/revisions\/1155"}],"wp:attachment":[{"href":"https:\/\/cemarelectro.com\/fr\/wp-json\/wp\/v2\/media?parent=1152"}],"curies":[{"name":"wp","href":"https:\/\/api.w.org\/{rel}","templated":true}]}}