{"id":1157,"date":"2021-03-29T11:36:45","date_gmt":"2021-03-29T16:36:45","guid":{"rendered":"https:\/\/cemarelectro.com\/cl-800-series-mini-laser\/"},"modified":"2022-11-25T14:34:16","modified_gmt":"2022-11-25T19:34:16","slug":"series-cl-800-rouge","status":"publish","type":"page","link":"https:\/\/cemarelectro.com\/fr\/series-cl-800-rouge\/","title":{"rendered":"S\u00e9ries CL-800 &#8211; Rouge"},"content":{"rendered":"<div class=\"wpb-content-wrapper\">[mk_page_section bg_image=\u00a0\u00bbhttp:\/\/cemarelectro.com\/wp-content\/uploads\/pattern-bg.jpg\u00a0\u00bb padding_top=\u00a0\u00bb0&Prime; padding_bottom=\u00a0\u00bb0&Prime; sidebar=\u00a0\u00bbsidebar-1&Prime;][vc_column][mk_padding_divider size=\u00a0\u00bb140&Prime;][mk_fancy_title color=\u00a0\u00bb#707070&Prime; size=\u00a0\u00bb16&Prime; font_weight=\u00a0\u00bb400&Prime; txt_transform=\u00a0\u00bbuppercase\u00a0\u00bb letter_spacing=\u00a0\u00bb4&Prime; margin_bottom=\u00a0\u00bb0&Prime; font_family=\u00a0\u00bbMontserrat\u00a0\u00bb font_type=\u00a0\u00bbgoogle\u00a0\u00bb align=\u00a0\u00bbcenter\u00a0\u00bb]Le summum en mati\u00e8re de technologie de g\u00e9n\u00e9ration de lignes, utilisant notre lentille lin\u00e9aire brevet\u00e9e[\/mk_fancy_title][mk_fancy_title tag_name=\u00a0\u00bbh1&Prime; size=\u00a0\u00bb48&Prime; force_font_size=\u00a0\u00bbtrue\u00a0\u00bb size_tablet=\u00a0\u00bb30&Prime; size_phone=\u00a0\u00bb20&Prime; line_height=\u00a0\u00bb90&Prime; font_weight=\u00a0\u00bbbold\u00a0\u00bb txt_transform=\u00a0\u00bbnone\u00a0\u00bb margin_bottom=\u00a0\u00bb0&Prime; font_family=\u00a0\u00bbMontserrat\u00a0\u00bb font_type=\u00a0\u00bbgoogle\u00a0\u00bb align=\u00a0\u00bbcenter\u00a0\u00bb]<span style=\"text-transform: uppercase;\">S\u00e9ries CL-800<\/span><br \/>\n(Laser rouge) <span style=\"font-weight: 400;\">635nm<\/span>[\/mk_fancy_title][mk_padding_divider size=\u00a0\u00bb60&Prime;][vc_row_inner attached=\u00a0\u00bbtrue\u00a0\u00bb][vc_column_inner width=\u00a0\u00bb2\/3&Prime;][vc_column_text css=\u00a0\u00bb.vc_custom_1669404830167{margin-bottom: 0px !important;}\u00a0\u00bb]<span style=\"text-align: justify; display: block;\">Le nec plus ultra en mati\u00e8re de technologie de g\u00e9n\u00e9ration de lignes, c\u2019est la s\u00e9rie CL-800. Utilisant notre lentille lin\u00e9aire brevet\u00e9e, il est aussi le laser le plus durable du march\u00e9. Il peut \u00eatre utilis\u00e9 pour une large gamme d&rsquo;applications telles que le bois, les textiles, la pierre, le m\u00e9tal, pour n&rsquo;en citer que quelques-unes.<\/span><\/p>\n<p><span style=\"text-align: justify; display: block;\">Les lasers Cemar Electro s\u00e9rie 800 sont suffisamment petits pour tenir dans la paume de votre main mais suffisamment puissants pour projeter une ligne brillante dans les conditions les plus lumineuses. Con\u00e7us et fabriqu\u00e9s pour \u00eatre les lasers les plus fiables sur le march\u00e9 actuellement. Les lasers de la s\u00e9rie CL-800 sont robustes et peuvent supporter pratiquement n&rsquo;importe quel environnement. Un support de montage, une alimentation \u00e9lectrique adapt\u00e9e \u00e0 vos besoins et nos optiques de g\u00e9n\u00e9rateur de ligne brevet\u00e9es sont inclus avec chaque laser. <\/span><\/p>\n<h2><small><small>Caract\u00e9ristiques techniques des lasers de la s\u00e9rie CL-800<\/small><\/small><\/h2>\n[\/vc_column_text][mk_table]\n<table style=\"font-size: 80%; font-weight: 500;\">\n<thead>\n<tr>\n<th><\/th>\n<th>Puissance optique<\/th>\n<th>Longueur de ligne<\/th>\n<th>Largeur de ligne\/Dimension du point<\/th>\n<th>Longueur d&rsquo;onde<\/th>\n<\/tr>\n<\/thead>\n<tbody>\n<tr>\n<td>CL-800<\/td>\n<td>0.9mW<\/td>\n<td>Dot<\/td>\n<td>1mm @ 25.4mm \u00e0 6mm @ 16.7mm<br \/>\n1\/32&Prime; @ 1&Prime; \u00e0 1\/4&Prime; @ 50 pieds<\/td>\n<td>670 nm<\/td>\n<\/tr>\n<tr>\n<td>CL-801<\/td>\n<td>5 mW<\/td>\n<td>1m (3 pieds)<\/td>\n<td>1mm @ 1m distance (0.04&Prime; @ 3 pieds)<\/td>\n<td>670 nm<\/td>\n<\/tr>\n<tr>\n<td>CL-805<\/td>\n<td>5 mW<\/td>\n<td>2.5m (8 pieds)<\/td>\n<td>1mm @ 3m distance (0.04&Prime; @ 10 pieds)<\/td>\n<td>635 nm<\/td>\n<\/tr>\n<tr>\n<td>CL-810<\/td>\n<td>10 mW<\/td>\n<td>3.5m (12 pieds)<\/td>\n<td>1mm @ 3m distance (0.04&Prime; @ 10 pieds)<\/td>\n<td>635 nm<\/td>\n<\/tr>\n<tr>\n<td>CL-815<\/td>\n<td>15 mW<\/td>\n<td>5m (16 pieds)<\/td>\n<td>1mm @ 3m distance (0.04&Prime; @ 10 pieds)<\/td>\n<td>635 nm<\/td>\n<\/tr>\n<tr>\n<td>CL-820<\/td>\n<td>20 mW<\/td>\n<td>6m (20 pieds)<\/td>\n<td>1mm @ 3m distance (0.04&Prime; @ 10 pieds)<\/td>\n<td>635 nm<\/td>\n<\/tr>\n<tr>\n<td>CL-830<\/td>\n<td>30 mW<\/td>\n<td>10m (32 pieds)<\/td>\n<td>1mm @ 3m distance (0.04&Prime; @ 10 pieds)<\/td>\n<td>635 nm<\/td>\n<\/tr>\n<\/tbody>\n<\/table>\n[\/mk_table][vc_column_text css=\u00a0\u00bb.vc_custom_1662645195999{margin-bottom: 0px !important;}\u00a0\u00bb]<strong>Alimentation \u00e9lectrique:<\/strong> 90~240VAC 9~35<br \/>\n<strong>Consommation d&rsquo;\u00e9nergie:<\/strong> 1 Watt max.<br \/>\n<strong>Temp\u00e9rature de fonctionnement:<\/strong> -10\u00b0~40\u00b0C 14\u00b0~100\u00b0F[\/vc_column_text][\/vc_column_inner][vc_column_inner width=\u00a0\u00bb1\/3&Prime; css=\u00a0\u00bb.vc_custom_1612466126233{margin-left: 15px !important;}\u00a0\u00bb][vc_single_image image=\u00a0\u00bb358&Prime; img_size=\u00a0\u00bbfull\u00a0\u00bb alignment=\u00a0\u00bbcenter\u00a0\u00bb][vc_column_text css=\u00a0\u00bb.vc_custom_1662645210560{margin-bottom: 0px !important;}\u00a0\u00bb]\n<h3>Optiques disponibles<\/h3>\n[\/vc_column_text][vc_single_image image=\u00a0\u00bb490&Prime; img_size=\u00a0\u00bbfull\u00a0\u00bb][vc_column_text css=\u00a0\u00bb.vc_custom_1662645224193{margin-bottom: 0px !important;}\u00a0\u00bb]\n<h3>Homologations<\/h3>\n[\/vc_column_text][vc_single_image image=\u00a0\u00bb418&Prime; img_size=\u00a0\u00bbfull\u00a0\u00bb][vc_single_image image=\u00a0\u00bb362&Prime; img_size=\u00a0\u00bbfull\u00a0\u00bb][mk_button dimension=\u00a0\u00bbflat\u00a0\u00bb size=\u00a0\u00bbmedium\u00a0\u00bb url=\u00a0\u00bbhttps:\/\/cemarelectro.com\/wp-content\/uploads\/minilaser-brochure-final.pdf\u00a0\u00bb target=\u00a0\u00bb_blank\u00a0\u00bb align=\u00a0\u00bbcenter\u00a0\u00bb fullwidth=\u00a0\u00bbtrue\u00a0\u00bb margin_right=\u00a0\u00bb0&Prime; animation=\u00a0\u00bbscale-up\u00a0\u00bb bg_color=\u00a0\u00bb#0070ac\u00a0\u00bb]T\u00e9l\u00e9chargez la brochure (anglais)[\/mk_button][mk_button dimension=\u00a0\u00bbflat\u00a0\u00bb size=\u00a0\u00bbmedium\u00a0\u00bb url=\u00a0\u00bb\/fr\/options-fixation\/\u00a0\u00bb align=\u00a0\u00bbcenter\u00a0\u00bb fullwidth=\u00a0\u00bbtrue\u00a0\u00bb margin_right=\u00a0\u00bb0&Prime; animation=\u00a0\u00bbscale-up\u00a0\u00bb bg_color=\u00a0\u00bb#0070ac\u00a0\u00bb]Voir les options de fixation[\/mk_button][mk_button dimension=\u00a0\u00bbflat\u00a0\u00bb size=\u00a0\u00bbmedium\u00a0\u00bb url=\u00a0\u00bb\/fr\/soumission\/\u00a0\u00bb target=\u00a0\u00bb_blank\u00a0\u00bb align=\u00a0\u00bbcenter\u00a0\u00bb fullwidth=\u00a0\u00bbtrue\u00a0\u00bb margin_right=\u00a0\u00bb0&Prime; animation=\u00a0\u00bbscale-up\u00a0\u00bb]Demander une soumission[\/mk_button][\/vc_column_inner][\/vc_row_inner][mk_padding_divider size=\u00a0\u00bb100&Prime;][\/vc_column][\/mk_page_section][mk_page_section bg_color=\u00a0\u00bb#0070ac\u00a0\u00bb min_height=\u00a0\u00bb10&Prime; full_width=\u00a0\u00bbtrue\u00a0\u00bb padding_top=\u00a0\u00bb0&Prime; padding_bottom=\u00a0\u00bb0&Prime; sidebar=\u00a0\u00bbsidebar-1&Prime;][vc_column][\/vc_column][\/mk_page_section][mk_page_section bg_color=\u00a0\u00bb#ffffff\u00a0\u00bb padding_top=\u00a0\u00bb90&Prime; padding_bottom=\u00a0\u00bb90&Prime; sidebar=\u00a0\u00bbsidebar-1&Prime;][vc_column][vc_row_inner][vc_column_inner][vc_column_text css=\u00a0\u00bb.vc_custom_1662645358094{margin-bottom: 0px !important;}\u00a0\u00bb]\n<h2>Cemarline Powershift\u2122<\/h2>\n<p><span style=\"text-align: justify; display: block;\">L&rsquo;\u00e9quipe de R &amp; D de Cemar Electro a d\u00e9velopp\u00e9 Powershift\u2122, une technique permettant d&rsquo;obtenir une ligne plus uniforme \u00e0 partir de lasers mont\u00e9s en angle. Utilis\u00e9 avec notre lentille lin\u00e9aire brevet\u00e9e, nous sommes en mesure de d\u00e9placer une partie de la puissance du laser pour maintenir l&rsquo;intensit\u00e9 sur toute la longueur de la ligne.<\/span>[\/vc_column_text][\/vc_column_inner][\/vc_row_inner][vc_row_inner][vc_column_inner width=\u00a0\u00bb1\/2&Prime;][vc_column_text css=\u00a0\u00bb.vc_custom_1662645384994{margin-bottom: 0px !important;}\u00a0\u00bb]\n<h3>Intensit\u00e9 de ligne non uniforme<\/h3>\n<p><span style=\"text-align: justify; display: block;\">D&rsquo;autres lasers utilisent des optiques cylindriques et une lentille en \u00e9ventail pour diffuser la lumi\u00e8re. Cela cr\u00e9e une ligne qui est brillante au milieu mais qui s&rsquo;estompe aux extr\u00e9mit\u00e9s:<\/span>[\/vc_column_text][vc_single_image image=\u00a0\u00bb376&Prime; img_size=\u00a0\u00bbfull\u00a0\u00bb alignment=\u00a0\u00bbcenter\u00a0\u00bb][vc_column_text css=\u00a0\u00bb.vc_custom_1662645433459{margin-bottom: 0px !important;}\u00a0\u00bb]<span style=\"text-align: justify; display: block;\">Lorsque les lasers mont\u00e9s en angle utilisent une lentille en \u00e9ventail pour diffuser la lumi\u00e8re sur la longueur de la ligne, celle-ci perd de son intensit\u00e9 et s&rsquo;estompe au fur et \u00e0 mesure qu&rsquo;elle s&rsquo;\u00e9tend vers l&rsquo;ext\u00e9rieur.<\/span>[\/vc_column_text][vc_single_image image=\u00a0\u00bb374&Prime; img_size=\u00a0\u00bbfull\u00a0\u00bb alignment=\u00a0\u00bbcenter\u00a0\u00bb][\/vc_column_inner][vc_column_inner width=\u00a0\u00bb1\/2&Prime;][vc_column_text css=\u00a0\u00bb.vc_custom_1662645421126{margin-bottom: 0px !important;}\u00a0\u00bb]\n<h3>Cemarline Powershift\u2122<\/h3>\n<p><span style=\"text-align: justify; display: block;\">Avec la lentille lin\u00e9aire brevet\u00e9e de Cemar Electro, la lumi\u00e8re projet\u00e9e est r\u00e9partie uniform\u00e9ment sur toute la longueur de la ligne:<\/span>[\/vc_column_text][vc_single_image image=\u00a0\u00bb396&Prime; img_size=\u00a0\u00bbfull\u00a0\u00bb alignment=\u00a0\u00bbcenter\u00a0\u00bb][vc_column_text css=\u00a0\u00bb.vc_custom_1662645452659{margin-bottom: 0px !important;}\u00a0\u00bb]<span style=\"text-align: justify; display: block;\">Avec <strong>Cemarline Powershift\u2122<\/strong>, la puissance du laser est l\u00e9g\u00e8rement d\u00e9cal\u00e9e vers l&rsquo;extr\u00e9mit\u00e9 de la ligne d\u00e9livrant une ligne claire et \u00e9quilibr\u00e9e du d\u00e9but \u00e0 la fin.<\/span>[\/vc_column_text][vc_single_image image=\u00a0\u00bb394&Prime; img_size=\u00a0\u00bbfull\u00a0\u00bb alignment=\u00a0\u00bbcenter\u00a0\u00bb][\/vc_column_inner][\/vc_row_inner][\/vc_column][\/mk_page_section][mk_page_section bg_color=\u00a0\u00bb#0070ac\u00a0\u00bb video_color_mask=\u00a0\u00bb#000000&Prime; video_opacity=\u00a0\u00bb0&Prime; sidebar=\u00a0\u00bbsidebar-1&Prime;][vc_column][mk_padding_divider size=\u00a0\u00bb170&Prime;][vc_row_inner][vc_column_inner width=\u00a0\u00bb1\/12&Prime;][\/vc_column_inner][vc_column_inner width=\u00a0\u00bb10\/12&Prime;][mk_fancy_title tag_name=\u00a0\u00bbh3&Prime; color=\u00a0\u00bb#ffffff\u00a0\u00bb size=\u00a0\u00bb60&Prime; force_font_size=\u00a0\u00bbtrue\u00a0\u00bb size_tablet=\u00a0\u00bb35&Prime; size_phone=\u00a0\u00bb25&Prime; font_weight=\u00a0\u00bb400&Prime; txt_transform=\u00a0\u00bbuppercase\u00a0\u00bb font_family=\u00a0\u00bbMontserrat\u00a0\u00bb font_type=\u00a0\u00bbgoogle\u00a0\u00bb align=\u00a0\u00bbcenter\u00a0\u00bb]En savoir plus[\/mk_fancy_title][\/vc_column_inner][vc_column_inner width=\u00a0\u00bb1\/12&Prime;][\/vc_column_inner][\/vc_row_inner][mk_padding_divider size=\u00a0\u00bb30&Prime;][vc_row_inner css=\u00a0\u00bb.vc_custom_1612445087891{padding-right: 30px !important;padding-left: 30px !important;}\u00a0\u00bb][vc_column_inner width=\u00a0\u00bb1\/6&Prime;][\/vc_column_inner][vc_column_inner width=\u00a0\u00bb1\/3&Prime;][mk_button dimension=\u00a0\u00bbflat\u00a0\u00bb size=\u00a0\u00bblarge\u00a0\u00bb url=\u00a0\u00bb\/fr\/contactez-nous\/\u00a0\u00bb align=\u00a0\u00bbcenter\u00a0\u00bb margin_right=\u00a0\u00bb0&Prime; animation=\u00a0\u00bbscale-up\u00a0\u00bb]Questions[\/mk_button][\/vc_column_inner][vc_column_inner width=\u00a0\u00bb1\/3&Prime;][mk_button dimension=\u00a0\u00bbflat\u00a0\u00bb size=\u00a0\u00bblarge\u00a0\u00bb url=\u00a0\u00bb\/fr\/soumission\/\u00a0\u00bb align=\u00a0\u00bbcenter\u00a0\u00bb margin_right=\u00a0\u00bb0&Prime; animation=\u00a0\u00bbscale-up\u00a0\u00bb]Soumission[\/mk_button][\/vc_column_inner][vc_column_inner width=\u00a0\u00bb1\/6&Prime;][\/vc_column_inner][\/vc_row_inner][mk_padding_divider size=\u00a0\u00bb140&Prime;][\/vc_column][\/mk_page_section]\n<\/div>","protected":false},"excerpt":{"rendered":"<p>[mk_page_section bg_image=\u00a0\u00bbhttp:\/\/cemarelectro.com\/wp-content\/uploads\/pattern-bg.jpg\u00a0\u00bb padding_top=\u00a0\u00bb0&Prime; padding_bottom=\u00a0\u00bb0&Prime; sidebar=\u00a0\u00bbsidebar-1&Prime;][vc_column][mk_padding_divider size=\u00a0\u00bb140&Prime;][mk_fancy_title color=\u00a0\u00bb#707070&Prime; size=\u00a0\u00bb16&Prime; font_weight=\u00a0\u00bb400&Prime; txt_transform=\u00a0\u00bbuppercase\u00a0\u00bb letter_spacing=\u00a0\u00bb4&Prime; margin_bottom=\u00a0\u00bb0&Prime; font_family=\u00a0\u00bbMontserrat\u00a0\u00bb font_type=\u00a0\u00bbgoogle\u00a0\u00bb align=\u00a0\u00bbcenter\u00a0\u00bb]Le summum en mati\u00e8re de technologie de g\u00e9n\u00e9ration de lignes, utilisant notre lentille lin\u00e9aire brevet\u00e9e[\/mk_fancy_title][mk_fancy_title tag_name=\u00a0\u00bbh1&Prime; size=\u00a0\u00bb48&Prime; force_font_size=\u00a0\u00bbtrue\u00a0\u00bb size_tablet=\u00a0\u00bb30&Prime; size_phone=\u00a0\u00bb20&Prime; line_height=\u00a0\u00bb90&Prime; font_weight=\u00a0\u00bbbold\u00a0\u00bb txt_transform=\u00a0\u00bbnone\u00a0\u00bb margin_bottom=\u00a0\u00bb0&Prime; font_family=\u00a0\u00bbMontserrat\u00a0\u00bb font_type=\u00a0\u00bbgoogle\u00a0\u00bb align=\u00a0\u00bbcenter\u00a0\u00bb]S\u00e9ries CL-800 (Laser rouge) 635nm[\/mk_fancy_title][mk_padding_divider size=\u00a0\u00bb60&Prime;][vc_row_inner attached=\u00a0\u00bbtrue\u00a0\u00bb][vc_column_inner width=\u00a0\u00bb2\/3&Prime;][vc_column_text css=\u00a0\u00bb.vc_custom_1669404830167{margin-bottom: 0px !important;}\u00a0\u00bb]Le nec plus ultra en [&hellip;]<\/p>\n","protected":false},"author":2,"featured_media":0,"parent":0,"menu_order":0,"comment_status":"closed","ping_status":"closed","template":"","meta":{"footnotes":""},"class_list":["post-1157","page","type-page","status-publish","hentry"],"yoast_head":"<!-- This site is optimized with the Yoast SEO plugin v27.4 - https:\/\/yoast.com\/product\/yoast-seo-wordpress\/ -->\n<title>CL-800: Le Laser Le Plus Durable du March\u00e9 | Cemar Electro<\/title>\n<meta name=\"description\" content=\"Les lasers de la s\u00e9rie CL-800 offrent une large gamme d&#039;applications telles que le bois, les textiles, la pierre, le m\u00e9tal, etc.\" \/>\n<meta name=\"robots\" content=\"index, follow, max-snippet:-1, max-image-preview:large, max-video-preview:-1\" \/>\n<link rel=\"canonical\" href=\"https:\/\/cemarelectro.com\/fr\/series-cl-800-rouge\/\" \/>\n<meta property=\"og:locale\" content=\"fr_CA\" \/>\n<meta property=\"og:type\" content=\"article\" \/>\n<meta property=\"og:title\" content=\"CL-800: Le Laser Le Plus Durable du March\u00e9 | Cemar Electro\" \/>\n<meta property=\"og:description\" content=\"Les lasers de la s\u00e9rie CL-800 offrent une large gamme d&#039;applications telles que le bois, les textiles, la pierre, le m\u00e9tal, etc.\" \/>\n<meta property=\"og:url\" content=\"https:\/\/cemarelectro.com\/fr\/series-cl-800-rouge\/\" \/>\n<meta property=\"og:site_name\" content=\"Cemar Electro Inc.\" \/>\n<meta property=\"article:modified_time\" content=\"2022-11-25T19:34:16+00:00\" \/>\n<meta name=\"twitter:card\" content=\"summary_large_image\" \/>\n<meta name=\"twitter:label1\" content=\"Estimation du temps de lecture\" \/>\n\t<meta name=\"twitter:data1\" content=\"3 minutes\" \/>\n<script type=\"application\/ld+json\" class=\"yoast-schema-graph\">{\"@context\":\"https:\\\/\\\/schema.org\",\"@graph\":[{\"@type\":\"WebPage\",\"@id\":\"https:\\\/\\\/cemarelectro.com\\\/fr\\\/series-cl-800-rouge\\\/\",\"url\":\"https:\\\/\\\/cemarelectro.com\\\/fr\\\/series-cl-800-rouge\\\/\",\"name\":\"CL-800: Le Laser Le Plus Durable du March\u00e9 | Cemar Electro\",\"isPartOf\":{\"@id\":\"https:\\\/\\\/cemarelectro.com\\\/fr\\\/#website\"},\"datePublished\":\"2021-03-29T16:36:45+00:00\",\"dateModified\":\"2022-11-25T19:34:16+00:00\",\"description\":\"Les lasers de la s\u00e9rie CL-800 offrent une large gamme d'applications telles que le bois, les textiles, la pierre, le m\u00e9tal, etc.\",\"breadcrumb\":{\"@id\":\"https:\\\/\\\/cemarelectro.com\\\/fr\\\/series-cl-800-rouge\\\/#breadcrumb\"},\"inLanguage\":\"fr-CA\",\"potentialAction\":[{\"@type\":\"ReadAction\",\"target\":[\"https:\\\/\\\/cemarelectro.com\\\/fr\\\/series-cl-800-rouge\\\/\"]}]},{\"@type\":\"BreadcrumbList\",\"@id\":\"https:\\\/\\\/cemarelectro.com\\\/fr\\\/series-cl-800-rouge\\\/#breadcrumb\",\"itemListElement\":[{\"@type\":\"ListItem\",\"position\":1,\"name\":\"Home\",\"item\":\"https:\\\/\\\/cemarelectro.com\\\/fr\\\/\"},{\"@type\":\"ListItem\",\"position\":2,\"name\":\"S\u00e9ries CL-800 &#8211; Rouge\"}]},{\"@type\":\"WebSite\",\"@id\":\"https:\\\/\\\/cemarelectro.com\\\/fr\\\/#website\",\"url\":\"https:\\\/\\\/cemarelectro.com\\\/fr\\\/\",\"name\":\"Cemar Electro Inc.\",\"description\":\"\",\"potentialAction\":[{\"@type\":\"SearchAction\",\"target\":{\"@type\":\"EntryPoint\",\"urlTemplate\":\"https:\\\/\\\/cemarelectro.com\\\/fr\\\/?s={search_term_string}\"},\"query-input\":{\"@type\":\"PropertyValueSpecification\",\"valueRequired\":true,\"valueName\":\"search_term_string\"}}],\"inLanguage\":\"fr-CA\"}]}<\/script>\n<!-- \/ Yoast SEO plugin. -->","yoast_head_json":{"title":"CL-800: Le Laser Le Plus Durable du March\u00e9 | Cemar Electro","description":"Les lasers de la s\u00e9rie CL-800 offrent une large gamme d'applications telles que le bois, les textiles, la pierre, le m\u00e9tal, etc.","robots":{"index":"index","follow":"follow","max-snippet":"max-snippet:-1","max-image-preview":"max-image-preview:large","max-video-preview":"max-video-preview:-1"},"canonical":"https:\/\/cemarelectro.com\/fr\/series-cl-800-rouge\/","og_locale":"fr_CA","og_type":"article","og_title":"CL-800: Le Laser Le Plus Durable du March\u00e9 | Cemar Electro","og_description":"Les lasers de la s\u00e9rie CL-800 offrent une large gamme d'applications telles que le bois, les textiles, la pierre, le m\u00e9tal, etc.","og_url":"https:\/\/cemarelectro.com\/fr\/series-cl-800-rouge\/","og_site_name":"Cemar Electro Inc.","article_modified_time":"2022-11-25T19:34:16+00:00","twitter_card":"summary_large_image","twitter_misc":{"Estimation du temps de lecture":"3 minutes"},"schema":{"@context":"https:\/\/schema.org","@graph":[{"@type":"WebPage","@id":"https:\/\/cemarelectro.com\/fr\/series-cl-800-rouge\/","url":"https:\/\/cemarelectro.com\/fr\/series-cl-800-rouge\/","name":"CL-800: Le Laser Le Plus Durable du March\u00e9 | Cemar Electro","isPartOf":{"@id":"https:\/\/cemarelectro.com\/fr\/#website"},"datePublished":"2021-03-29T16:36:45+00:00","dateModified":"2022-11-25T19:34:16+00:00","description":"Les lasers de la s\u00e9rie CL-800 offrent une large gamme d'applications telles que le bois, les textiles, la pierre, le m\u00e9tal, etc.","breadcrumb":{"@id":"https:\/\/cemarelectro.com\/fr\/series-cl-800-rouge\/#breadcrumb"},"inLanguage":"fr-CA","potentialAction":[{"@type":"ReadAction","target":["https:\/\/cemarelectro.com\/fr\/series-cl-800-rouge\/"]}]},{"@type":"BreadcrumbList","@id":"https:\/\/cemarelectro.com\/fr\/series-cl-800-rouge\/#breadcrumb","itemListElement":[{"@type":"ListItem","position":1,"name":"Home","item":"https:\/\/cemarelectro.com\/fr\/"},{"@type":"ListItem","position":2,"name":"S\u00e9ries CL-800 &#8211; Rouge"}]},{"@type":"WebSite","@id":"https:\/\/cemarelectro.com\/fr\/#website","url":"https:\/\/cemarelectro.com\/fr\/","name":"Cemar Electro Inc.","description":"","potentialAction":[{"@type":"SearchAction","target":{"@type":"EntryPoint","urlTemplate":"https:\/\/cemarelectro.com\/fr\/?s={search_term_string}"},"query-input":{"@type":"PropertyValueSpecification","valueRequired":true,"valueName":"search_term_string"}}],"inLanguage":"fr-CA"}]}},"_links":{"self":[{"href":"https:\/\/cemarelectro.com\/fr\/wp-json\/wp\/v2\/pages\/1157","targetHints":{"allow":["GET"]}}],"collection":[{"href":"https:\/\/cemarelectro.com\/fr\/wp-json\/wp\/v2\/pages"}],"about":[{"href":"https:\/\/cemarelectro.com\/fr\/wp-json\/wp\/v2\/types\/page"}],"author":[{"embeddable":true,"href":"https:\/\/cemarelectro.com\/fr\/wp-json\/wp\/v2\/users\/2"}],"replies":[{"embeddable":true,"href":"https:\/\/cemarelectro.com\/fr\/wp-json\/wp\/v2\/comments?post=1157"}],"version-history":[{"count":4,"href":"https:\/\/cemarelectro.com\/fr\/wp-json\/wp\/v2\/pages\/1157\/revisions"}],"predecessor-version":[{"id":1388,"href":"https:\/\/cemarelectro.com\/fr\/wp-json\/wp\/v2\/pages\/1157\/revisions\/1388"}],"wp:attachment":[{"href":"https:\/\/cemarelectro.com\/fr\/wp-json\/wp\/v2\/media?parent=1157"}],"curies":[{"name":"wp","href":"https:\/\/api.w.org\/{rel}","templated":true}]}}