{"id":1162,"date":"2021-03-29T12:15:21","date_gmt":"2021-03-29T17:15:21","guid":{"rendered":"https:\/\/cemarelectro.com\/green-laser\/"},"modified":"2022-11-25T14:36:01","modified_gmt":"2022-11-25T19:36:01","slug":"series-gl-800-vert","status":"publish","type":"page","link":"https:\/\/cemarelectro.com\/fr\/series-gl-800-vert\/","title":{"rendered":"S\u00e9ries GL-800 \u2013 Vert"},"content":{"rendered":"<div class=\"wpb-content-wrapper\">[mk_page_section bg_image=\u00a0\u00bbhttp:\/\/cemarelectro.com\/wp-content\/uploads\/pattern-bg.jpg\u00a0\u00bb padding_top=\u00a0\u00bb0&Prime; padding_bottom=\u00a0\u00bb0&Prime; sidebar=\u00a0\u00bbsidebar-1&Prime;][vc_column][mk_padding_divider size=\u00a0\u00bb140&Prime;][mk_fancy_title color=\u00a0\u00bb#707070&Prime; size=\u00a0\u00bb16&Prime; font_weight=\u00a0\u00bb400&Prime; txt_transform=\u00a0\u00bbuppercase\u00a0\u00bb letter_spacing=\u00a0\u00bb4&Prime; margin_bottom=\u00a0\u00bb0&Prime; font_family=\u00a0\u00bbMontserrat\u00a0\u00bb font_type=\u00a0\u00bbgoogle\u00a0\u00bb align=\u00a0\u00bbcenter\u00a0\u00bb]La r\u00e9f\u00e9rence en mati\u00e8re de lasers verts industriels[\/mk_fancy_title][mk_fancy_title tag_name=\u00a0\u00bbh1&Prime; size=\u00a0\u00bb48&Prime; force_font_size=\u00a0\u00bbtrue\u00a0\u00bb size_tablet=\u00a0\u00bb30&Prime; size_phone=\u00a0\u00bb20&Prime; line_height=\u00a0\u00bb90&Prime; font_weight=\u00a0\u00bbbold\u00a0\u00bb txt_transform=\u00a0\u00bbnone\u00a0\u00bb margin_bottom=\u00a0\u00bb0&Prime; font_family=\u00a0\u00bbMontserrat\u00a0\u00bb font_type=\u00a0\u00bbgoogle\u00a0\u00bb align=\u00a0\u00bbcenter\u00a0\u00bb]<span style=\"text-transform: uppercase;\">S\u00c9RIES GL-800<\/span><br \/>\n(Lasers verts) <span style=\"font-weight: 400;\">532nm<\/span>[\/mk_fancy_title][mk_padding_divider size=\u00a0\u00bb60&Prime;][vc_row_inner attached=\u00a0\u00bbtrue\u00a0\u00bb][vc_column_inner width=\u00a0\u00bb2\/3&Prime;][vc_column_text css=\u00a0\u00bb.vc_custom_1669404951967{margin-bottom: 0px !important;}\u00a0\u00bb]<span style=\"text-align: justify; display: block;\"><span style=\"font-weight: 400;\">Les lasers verts<\/span><span style=\"font-weight: 400;\"> sont con\u00e7u pour \u00eatre utilis\u00e9s dans des zones o\u00f9 l&rsquo;\u00e9clairage est sup\u00e9rieur \u00e0 la moyenne ou pour projeter une ligne sur des surfaces sombres et polies. Les lasers verts de la s\u00e9rie GL-800 \u00e9tablissent la norme pour les lasers \u00e0 ligne verte industriels. Ses applications courantes sont les scies \u00e0 t\u00eate professionnelles et celles \u00e0 pierre. Il est aussi parfait pour les presses plieuses et les cisailles \u00e0 m\u00e9taux. Maintenant disponible en 30 et 50mW, ce sont les lasers \u00e0 lignes les plus puissants du march\u00e9.<\/span><\/span><\/p>\n<h2><small><small>Caract\u00e9ristiques techniques des lasers de la s\u00e9rie GL-800<\/small><\/small><\/h2>\n[\/vc_column_text][mk_table]\n<table style=\"font-size: 80%; font-weight: 500;\">\n<thead>\n<tr>\n<th><\/th>\n<th>Puissance optique<\/th>\n<th>Longueur de ligne<\/th>\n<th>Largeur de ligne\/dimension du point<\/th>\n<th>Longueur d&rsquo;onde<\/th>\n<\/tr>\n<\/thead>\n<tbody>\n<tr>\n<td>GL 805<\/td>\n<td>5mW<\/td>\n<td>2m (7 pieds)<\/td>\n<td>1mm @ 2m distance (0.04&Prime; @ 8 pieds)<\/td>\n<td>532nm<\/td>\n<\/tr>\n<tr>\n<td>GL 815<\/td>\n<td>15mW<\/td>\n<td>10m (32 pieds)<\/td>\n<td>1mm @ 10m distance (0.04&Prime; @ 30 pieds)<\/td>\n<td>532nm<\/td>\n<\/tr>\n<tr>\n<td>GL 830<\/td>\n<td>30mW<\/td>\n<td>15m (49 pieds)<\/td>\n<td>2mm @ 15m distance (0.08&Prime; @ 45 pieds)<\/td>\n<td>532nm<\/td>\n<\/tr>\n<tr>\n<td>GL 850<\/td>\n<td>50mW<\/td>\n<td>20m (65 pieds)<\/td>\n<td>3mm @ 20m distance (0.16&Prime; @ 60 pieds)<\/td>\n<td>532nm<\/td>\n<\/tr>\n<\/tbody>\n<\/table>\n[\/mk_table][vc_column_text css=\u00a0\u00bb.vc_custom_1662648887610{margin-bottom: 0px !important;}\u00a0\u00bb]<strong>Alimentation \u00e9lectrique:<\/strong> 90~240VAC 9~35DC<br \/>\n<strong>Consommation d&rsquo;\u00e9nergie:<\/strong> 1 Watt max.<br \/>\n<strong>Temp\u00e9rature de fonctionnement:<\/strong> 0\u00b0~40\u00b0C 32\u00b0~95\u00b0F[\/vc_column_text][\/vc_column_inner][vc_column_inner width=\u00a0\u00bb1\/3&Prime; css=\u00a0\u00bb.vc_custom_1612466126233{margin-left: 15px !important;}\u00a0\u00bb][vc_single_image image=\u00a0\u00bb378&Prime; img_size=\u00a0\u00bbfull\u00a0\u00bb alignment=\u00a0\u00bbcenter\u00a0\u00bb][vc_column_text css=\u00a0\u00bb.vc_custom_1662648905775{margin-bottom: 0px !important;}\u00a0\u00bb]\n<h3>Optiques disponibles<\/h3>\n[\/vc_column_text][vc_single_image image=\u00a0\u00bb493&Prime; img_size=\u00a0\u00bbfull\u00a0\u00bb][vc_column_text css=\u00a0\u00bb.vc_custom_1662648992377{margin-bottom: 0px !important;}\u00a0\u00bb]\n<h3>Homologation<\/h3>\n[\/vc_column_text][vc_single_image image=\u00a0\u00bb418&Prime; img_size=\u00a0\u00bbfull\u00a0\u00bb][vc_single_image image=\u00a0\u00bb362&Prime; img_size=\u00a0\u00bbfull\u00a0\u00bb][mk_button dimension=\u00a0\u00bbflat\u00a0\u00bb size=\u00a0\u00bbmedium\u00a0\u00bb url=\u00a0\u00bbhttp:\/\/cemarelectro.com\/wp-content\/uploads\/minilaser-brochure.pdf\u00a0\u00bb target=\u00a0\u00bb_blank\u00a0\u00bb align=\u00a0\u00bbcenter\u00a0\u00bb fullwidth=\u00a0\u00bbtrue\u00a0\u00bb margin_right=\u00a0\u00bb0&Prime; animation=\u00a0\u00bbscale-up\u00a0\u00bb bg_color=\u00a0\u00bb#0070ac\u00a0\u00bb]T\u00e9l\u00e9charger la brochure (en anglais)[\/mk_button][mk_button dimension=\u00a0\u00bbflat\u00a0\u00bb size=\u00a0\u00bbmedium\u00a0\u00bb url=\u00a0\u00bb\/fr\/options-fixation\/\u00a0\u00bb align=\u00a0\u00bbcenter\u00a0\u00bb fullwidth=\u00a0\u00bbtrue\u00a0\u00bb margin_right=\u00a0\u00bb0&Prime; animation=\u00a0\u00bbscale-up\u00a0\u00bb bg_color=\u00a0\u00bb#0070ac\u00a0\u00bb]Voir les options de fixation[\/mk_button][mk_button dimension=\u00a0\u00bbflat\u00a0\u00bb size=\u00a0\u00bbmedium\u00a0\u00bb url=\u00a0\u00bb\/fr\/soumission\/\u00a0\u00bb target=\u00a0\u00bb_blank\u00a0\u00bb align=\u00a0\u00bbcenter\u00a0\u00bb fullwidth=\u00a0\u00bbtrue\u00a0\u00bb margin_right=\u00a0\u00bb0&Prime; animation=\u00a0\u00bbscale-up\u00a0\u00bb]Demande de soumission[\/mk_button][\/vc_column_inner][\/vc_row_inner][mk_padding_divider size=\u00a0\u00bb100&Prime;][\/vc_column][\/mk_page_section][mk_page_section bg_color=\u00a0\u00bb#0070ac\u00a0\u00bb min_height=\u00a0\u00bb10&Prime; full_width=\u00a0\u00bbtrue\u00a0\u00bb padding_top=\u00a0\u00bb0&Prime; padding_bottom=\u00a0\u00bb0&Prime; sidebar=\u00a0\u00bbsidebar-1&Prime;][vc_column][\/vc_column][\/mk_page_section][mk_page_section bg_color=\u00a0\u00bb#ffffff\u00a0\u00bb padding_top=\u00a0\u00bb90&Prime; padding_bottom=\u00a0\u00bb90&Prime; sidebar=\u00a0\u00bbsidebar-1&Prime;][vc_column][vc_row_inner][vc_column_inner][vc_column_text css=\u00a0\u00bb.vc_custom_1617105140178{margin-bottom: 0px !important;}\u00a0\u00bb]\n<h2>Cemarline Powershift\u2122<\/h2>\n[\/vc_column_text][\/vc_column_inner][\/vc_row_inner][vc_row_inner][vc_column_inner width=\u00a0\u00bb1\/2&Prime;][vc_column_text css=\u00a0\u00bb.vc_custom_1662659688000{margin-bottom: 0px !important;}\u00a0\u00bb]\n<h3><b>Intensit\u00e9 de ligne non uniforme<\/b><\/h3>\n<p><span style=\"text-align: justify; display: block;\"><span style=\"font-weight: 400;\">D&rsquo;autres lasers utilisent des optiques cylindriques et une lentille en \u00e9ventail pour diffuser la lumi\u00e8re. Cela cr\u00e9e une ligne qui est brillante au milieu mais qui s&rsquo;estompe aux extr\u00e9mit\u00e9s:<\/span><\/span>[\/vc_column_text][vc_single_image image=\u00a0\u00bb370&Prime; img_size=\u00a0\u00bbfull\u00a0\u00bb alignment=\u00a0\u00bbcenter\u00a0\u00bb][vc_column_text css=\u00a0\u00bb.vc_custom_1662659702896{margin-bottom: 0px !important;}\u00a0\u00bb]<span style=\"text-align: justify; display: block;\"><span style=\"font-weight: 400;\">Lorsque les lasers mont\u00e9s en angle utilisent une lentille en \u00e9ventail pour diffuser la lumi\u00e8re sur la longueur de la ligne, celle-ci perd de son intensit\u00e9 et s&rsquo;estompe au fur et \u00e0 mesure qu&rsquo;elle s&rsquo;\u00e9tend vers l&rsquo;ext\u00e9rieur.<\/span><\/span>[\/vc_column_text][vc_single_image image=\u00a0\u00bb372&Prime; img_size=\u00a0\u00bbfull\u00a0\u00bb alignment=\u00a0\u00bbcenter\u00a0\u00bb][\/vc_column_inner][vc_column_inner width=\u00a0\u00bb1\/2&Prime;][vc_column_text css=\u00a0\u00bb.vc_custom_1662659716835{margin-bottom: 0px !important;}\u00a0\u00bb]\n<h3>Cemarline Powershift\u2122<\/h3>\n<p><span style=\"text-align: justify; display: block;\"><span style=\"font-weight: 400;\">Avec la lentille lin\u00e9aire brevet\u00e9e de Cemar Electro, la lumi\u00e8re projet\u00e9e est r\u00e9partie uniform\u00e9ment sur toute la longueur de la ligne:<\/span><\/span>[\/vc_column_text][vc_single_image image=\u00a0\u00bb390&Prime; img_size=\u00a0\u00bbfull\u00a0\u00bb alignment=\u00a0\u00bbcenter\u00a0\u00bb][vc_column_text css=\u00a0\u00bb.vc_custom_1662659747296{margin-bottom: 0px !important;}\u00a0\u00bb]<span style=\"text-align: justify; display: block;\"><span style=\"font-weight: 400;\">Avec <strong>Cemarline Powershift\u2122<\/strong><span style=\"font-weight: 400;\">, la puissance du laser est l\u00e9g\u00e8rement d\u00e9cal\u00e9e vers l&rsquo;extr\u00e9mit\u00e9 de la ligne d\u00e9livrant une ligne claire et \u00e9quilibr\u00e9e du d\u00e9but \u00e0 la fin.<\/span><\/span>[\/vc_column_text][vc_single_image image=\u00a0\u00bb392&Prime; img_size=\u00a0\u00bbfull\u00a0\u00bb alignment=\u00a0\u00bbcenter\u00a0\u00bb][\/vc_column_inner][\/vc_row_inner][\/vc_column][\/mk_page_section][mk_page_section bg_color=\u00a0\u00bb#0070ac\u00a0\u00bb video_color_mask=\u00a0\u00bb#000000&Prime; video_opacity=\u00a0\u00bb0&Prime; padding_bottom=\u00a0\u00bb0&Prime; margin_bottom=\u00a0\u00bb10&Prime; sidebar=\u00a0\u00bbsidebar-1&Prime;][vc_column][mk_padding_divider size=\u00a0\u00bb170&Prime;][vc_row_inner][vc_column_inner width=\u00a0\u00bb1\/12&Prime;][\/vc_column_inner][vc_column_inner width=\u00a0\u00bb10\/12&Prime;][mk_fancy_title tag_name=\u00a0\u00bbh3&Prime; color=\u00a0\u00bb#ffffff\u00a0\u00bb size=\u00a0\u00bb60&Prime; force_font_size=\u00a0\u00bbtrue\u00a0\u00bb size_tablet=\u00a0\u00bb35&Prime; size_phone=\u00a0\u00bb25&Prime; font_weight=\u00a0\u00bb400&Prime; txt_transform=\u00a0\u00bbuppercase\u00a0\u00bb font_family=\u00a0\u00bbMontserrat\u00a0\u00bb font_type=\u00a0\u00bbgoogle\u00a0\u00bb align=\u00a0\u00bbcenter\u00a0\u00bb]En savoir plus[\/mk_fancy_title][\/vc_column_inner][vc_column_inner width=\u00a0\u00bb1\/12&Prime;][\/vc_column_inner][\/vc_row_inner][mk_padding_divider size=\u00a0\u00bb30&Prime;][vc_row_inner css=\u00a0\u00bb.vc_custom_1612445087891{padding-right: 30px !important;padding-left: 30px !important;}\u00a0\u00bb][vc_column_inner width=\u00a0\u00bb1\/6&Prime;][\/vc_column_inner][vc_column_inner width=\u00a0\u00bb1\/3&Prime;][mk_button dimension=\u00a0\u00bbflat\u00a0\u00bb size=\u00a0\u00bblarge\u00a0\u00bb url=\u00a0\u00bb\/fr\/contactez-nous\/\u00a0\u00bb align=\u00a0\u00bbcenter\u00a0\u00bb margin_right=\u00a0\u00bb0&Prime; animation=\u00a0\u00bbscale-up\u00a0\u00bb]Questions[\/mk_button][\/vc_column_inner][vc_column_inner width=\u00a0\u00bb1\/3&Prime;][mk_button dimension=\u00a0\u00bbflat\u00a0\u00bb size=\u00a0\u00bblarge\u00a0\u00bb url=\u00a0\u00bb\/fr\/soumission\/\u00a0\u00bb align=\u00a0\u00bbcenter\u00a0\u00bb margin_right=\u00a0\u00bb0&Prime; animation=\u00a0\u00bbscale-up\u00a0\u00bb]Soumission[\/mk_button][\/vc_column_inner][vc_column_inner width=\u00a0\u00bb1\/6&Prime;][\/vc_column_inner][\/vc_row_inner][mk_padding_divider size=\u00a0\u00bb140&Prime;][\/vc_column][\/mk_page_section]<\/span><\/p>\n<\/div>","protected":false},"excerpt":{"rendered":"<p>[mk_page_section bg_image=\u00a0\u00bbhttp:\/\/cemarelectro.com\/wp-content\/uploads\/pattern-bg.jpg\u00a0\u00bb padding_top=\u00a0\u00bb0&Prime; padding_bottom=\u00a0\u00bb0&Prime; sidebar=\u00a0\u00bbsidebar-1&Prime;][vc_column][mk_padding_divider size=\u00a0\u00bb140&Prime;][mk_fancy_title color=\u00a0\u00bb#707070&Prime; size=\u00a0\u00bb16&Prime; font_weight=\u00a0\u00bb400&Prime; txt_transform=\u00a0\u00bbuppercase\u00a0\u00bb letter_spacing=\u00a0\u00bb4&Prime; margin_bottom=\u00a0\u00bb0&Prime; font_family=\u00a0\u00bbMontserrat\u00a0\u00bb font_type=\u00a0\u00bbgoogle\u00a0\u00bb align=\u00a0\u00bbcenter\u00a0\u00bb]La r\u00e9f\u00e9rence en mati\u00e8re de lasers verts industriels[\/mk_fancy_title][mk_fancy_title tag_name=\u00a0\u00bbh1&Prime; size=\u00a0\u00bb48&Prime; force_font_size=\u00a0\u00bbtrue\u00a0\u00bb size_tablet=\u00a0\u00bb30&Prime; size_phone=\u00a0\u00bb20&Prime; line_height=\u00a0\u00bb90&Prime; font_weight=\u00a0\u00bbbold\u00a0\u00bb txt_transform=\u00a0\u00bbnone\u00a0\u00bb margin_bottom=\u00a0\u00bb0&Prime; font_family=\u00a0\u00bbMontserrat\u00a0\u00bb font_type=\u00a0\u00bbgoogle\u00a0\u00bb align=\u00a0\u00bbcenter\u00a0\u00bb]S\u00c9RIES GL-800 (Lasers verts) 532nm[\/mk_fancy_title][mk_padding_divider size=\u00a0\u00bb60&Prime;][vc_row_inner attached=\u00a0\u00bbtrue\u00a0\u00bb][vc_column_inner width=\u00a0\u00bb2\/3&Prime;][vc_column_text css=\u00a0\u00bb.vc_custom_1669404951967{margin-bottom: 0px !important;}\u00a0\u00bb]Les lasers verts sont con\u00e7u pour \u00eatre utilis\u00e9s dans des zones o\u00f9 [&hellip;]<\/p>\n","protected":false},"author":2,"featured_media":0,"parent":0,"menu_order":0,"comment_status":"closed","ping_status":"closed","template":"","meta":{"footnotes":""},"class_list":["post-1162","page","type-page","status-publish","hentry"],"yoast_head":"<!-- This site is optimized with the Yoast SEO plugin v27.4 - https:\/\/yoast.com\/product\/yoast-seo-wordpress\/ -->\n<title>Lasers Verts de la S\u00e9rie GL-800 | Cemar Electro<\/title>\n<meta name=\"description\" content=\"Les lasers verts de la s\u00e9rie GL-800 \u00e9tablissent la norme! Contactez-nous pour un devis pour les lasers de ligne les plus puissants du march\u00e9.\" \/>\n<meta name=\"robots\" content=\"index, follow, max-snippet:-1, max-image-preview:large, max-video-preview:-1\" \/>\n<link rel=\"canonical\" href=\"https:\/\/cemarelectro.com\/fr\/series-gl-800-vert\/\" \/>\n<meta property=\"og:locale\" content=\"fr_CA\" \/>\n<meta property=\"og:type\" content=\"article\" \/>\n<meta property=\"og:title\" content=\"Lasers Verts de la S\u00e9rie GL-800 | Cemar Electro\" \/>\n<meta property=\"og:description\" content=\"Les lasers verts de la s\u00e9rie GL-800 \u00e9tablissent la norme! Contactez-nous pour un devis pour les lasers de ligne les plus puissants du march\u00e9.\" \/>\n<meta property=\"og:url\" content=\"https:\/\/cemarelectro.com\/fr\/series-gl-800-vert\/\" \/>\n<meta property=\"og:site_name\" content=\"Cemar Electro Inc.\" \/>\n<meta property=\"article:modified_time\" content=\"2022-11-25T19:36:01+00:00\" \/>\n<meta name=\"twitter:card\" content=\"summary_large_image\" \/>\n<meta name=\"twitter:label1\" content=\"Estimation du temps de lecture\" \/>\n\t<meta name=\"twitter:data1\" content=\"3 minutes\" \/>\n<script type=\"application\/ld+json\" class=\"yoast-schema-graph\">{\"@context\":\"https:\\\/\\\/schema.org\",\"@graph\":[{\"@type\":\"WebPage\",\"@id\":\"https:\\\/\\\/cemarelectro.com\\\/fr\\\/series-gl-800-vert\\\/\",\"url\":\"https:\\\/\\\/cemarelectro.com\\\/fr\\\/series-gl-800-vert\\\/\",\"name\":\"Lasers Verts de la S\u00e9rie GL-800 | Cemar Electro\",\"isPartOf\":{\"@id\":\"https:\\\/\\\/cemarelectro.com\\\/fr\\\/#website\"},\"datePublished\":\"2021-03-29T17:15:21+00:00\",\"dateModified\":\"2022-11-25T19:36:01+00:00\",\"description\":\"Les lasers verts de la s\u00e9rie GL-800 \u00e9tablissent la norme! Contactez-nous pour un devis pour les lasers de ligne les plus puissants du march\u00e9.\",\"breadcrumb\":{\"@id\":\"https:\\\/\\\/cemarelectro.com\\\/fr\\\/series-gl-800-vert\\\/#breadcrumb\"},\"inLanguage\":\"fr-CA\",\"potentialAction\":[{\"@type\":\"ReadAction\",\"target\":[\"https:\\\/\\\/cemarelectro.com\\\/fr\\\/series-gl-800-vert\\\/\"]}]},{\"@type\":\"BreadcrumbList\",\"@id\":\"https:\\\/\\\/cemarelectro.com\\\/fr\\\/series-gl-800-vert\\\/#breadcrumb\",\"itemListElement\":[{\"@type\":\"ListItem\",\"position\":1,\"name\":\"Home\",\"item\":\"https:\\\/\\\/cemarelectro.com\\\/fr\\\/\"},{\"@type\":\"ListItem\",\"position\":2,\"name\":\"S\u00e9ries GL-800 \u2013 Vert\"}]},{\"@type\":\"WebSite\",\"@id\":\"https:\\\/\\\/cemarelectro.com\\\/fr\\\/#website\",\"url\":\"https:\\\/\\\/cemarelectro.com\\\/fr\\\/\",\"name\":\"Cemar Electro Inc.\",\"description\":\"\",\"potentialAction\":[{\"@type\":\"SearchAction\",\"target\":{\"@type\":\"EntryPoint\",\"urlTemplate\":\"https:\\\/\\\/cemarelectro.com\\\/fr\\\/?s={search_term_string}\"},\"query-input\":{\"@type\":\"PropertyValueSpecification\",\"valueRequired\":true,\"valueName\":\"search_term_string\"}}],\"inLanguage\":\"fr-CA\"}]}<\/script>\n<!-- \/ Yoast SEO plugin. -->","yoast_head_json":{"title":"Lasers Verts de la S\u00e9rie GL-800 | Cemar Electro","description":"Les lasers verts de la s\u00e9rie GL-800 \u00e9tablissent la norme! Contactez-nous pour un devis pour les lasers de ligne les plus puissants du march\u00e9.","robots":{"index":"index","follow":"follow","max-snippet":"max-snippet:-1","max-image-preview":"max-image-preview:large","max-video-preview":"max-video-preview:-1"},"canonical":"https:\/\/cemarelectro.com\/fr\/series-gl-800-vert\/","og_locale":"fr_CA","og_type":"article","og_title":"Lasers Verts de la S\u00e9rie GL-800 | Cemar Electro","og_description":"Les lasers verts de la s\u00e9rie GL-800 \u00e9tablissent la norme! Contactez-nous pour un devis pour les lasers de ligne les plus puissants du march\u00e9.","og_url":"https:\/\/cemarelectro.com\/fr\/series-gl-800-vert\/","og_site_name":"Cemar Electro Inc.","article_modified_time":"2022-11-25T19:36:01+00:00","twitter_card":"summary_large_image","twitter_misc":{"Estimation du temps de lecture":"3 minutes"},"schema":{"@context":"https:\/\/schema.org","@graph":[{"@type":"WebPage","@id":"https:\/\/cemarelectro.com\/fr\/series-gl-800-vert\/","url":"https:\/\/cemarelectro.com\/fr\/series-gl-800-vert\/","name":"Lasers Verts de la S\u00e9rie GL-800 | Cemar Electro","isPartOf":{"@id":"https:\/\/cemarelectro.com\/fr\/#website"},"datePublished":"2021-03-29T17:15:21+00:00","dateModified":"2022-11-25T19:36:01+00:00","description":"Les lasers verts de la s\u00e9rie GL-800 \u00e9tablissent la norme! Contactez-nous pour un devis pour les lasers de ligne les plus puissants du march\u00e9.","breadcrumb":{"@id":"https:\/\/cemarelectro.com\/fr\/series-gl-800-vert\/#breadcrumb"},"inLanguage":"fr-CA","potentialAction":[{"@type":"ReadAction","target":["https:\/\/cemarelectro.com\/fr\/series-gl-800-vert\/"]}]},{"@type":"BreadcrumbList","@id":"https:\/\/cemarelectro.com\/fr\/series-gl-800-vert\/#breadcrumb","itemListElement":[{"@type":"ListItem","position":1,"name":"Home","item":"https:\/\/cemarelectro.com\/fr\/"},{"@type":"ListItem","position":2,"name":"S\u00e9ries GL-800 \u2013 Vert"}]},{"@type":"WebSite","@id":"https:\/\/cemarelectro.com\/fr\/#website","url":"https:\/\/cemarelectro.com\/fr\/","name":"Cemar Electro Inc.","description":"","potentialAction":[{"@type":"SearchAction","target":{"@type":"EntryPoint","urlTemplate":"https:\/\/cemarelectro.com\/fr\/?s={search_term_string}"},"query-input":{"@type":"PropertyValueSpecification","valueRequired":true,"valueName":"search_term_string"}}],"inLanguage":"fr-CA"}]}},"_links":{"self":[{"href":"https:\/\/cemarelectro.com\/fr\/wp-json\/wp\/v2\/pages\/1162","targetHints":{"allow":["GET"]}}],"collection":[{"href":"https:\/\/cemarelectro.com\/fr\/wp-json\/wp\/v2\/pages"}],"about":[{"href":"https:\/\/cemarelectro.com\/fr\/wp-json\/wp\/v2\/types\/page"}],"author":[{"embeddable":true,"href":"https:\/\/cemarelectro.com\/fr\/wp-json\/wp\/v2\/users\/2"}],"replies":[{"embeddable":true,"href":"https:\/\/cemarelectro.com\/fr\/wp-json\/wp\/v2\/comments?post=1162"}],"version-history":[{"count":6,"href":"https:\/\/cemarelectro.com\/fr\/wp-json\/wp\/v2\/pages\/1162\/revisions"}],"predecessor-version":[{"id":1389,"href":"https:\/\/cemarelectro.com\/fr\/wp-json\/wp\/v2\/pages\/1162\/revisions\/1389"}],"wp:attachment":[{"href":"https:\/\/cemarelectro.com\/fr\/wp-json\/wp\/v2\/media?parent=1162"}],"curies":[{"name":"wp","href":"https:\/\/api.w.org\/{rel}","templated":true}]}}