{"id":1171,"date":"2021-03-30T07:12:26","date_gmt":"2021-03-30T12:12:26","guid":{"rendered":"https:\/\/cemarelectro.com\/mounting-options\/"},"modified":"2026-03-10T13:51:25","modified_gmt":"2026-03-10T18:51:25","slug":"accessoires","status":"publish","type":"page","link":"https:\/\/cemarelectro.com\/fr\/accessoires\/","title":{"rendered":"Accessoires"},"content":{"rendered":"<div class=\"wpb-content-wrapper\">[mk_page_section bg_image=\u00a0\u00bbhttp:\/\/cemarelectro.com\/wp-content\/uploads\/pattern-bg.jpg\u00a0\u00bb padding_top=\u00a0\u00bb0&Prime; padding_bottom=\u00a0\u00bb0&Prime; sidebar=\u00a0\u00bbsidebar-1&Prime;][vc_column][mk_padding_divider size=\u00a0\u00bb140&Prime;][mk_fancy_title tag_name=\u00a0\u00bbh1&Prime; size=\u00a0\u00bb48&Prime; force_font_size=\u00a0\u00bbtrue\u00a0\u00bb size_tablet=\u00a0\u00bb30&Prime; size_phone=\u00a0\u00bb20&Prime; line_height=\u00a0\u00bb90&Prime; font_weight=\u00a0\u00bbbold\u00a0\u00bb txt_transform=\u00a0\u00bbuppercase\u00a0\u00bb margin_bottom=\u00a0\u00bb0&Prime; font_family=\u00a0\u00bbMontserrat\u00a0\u00bb font_type=\u00a0\u00bbgoogle\u00a0\u00bb align=\u00a0\u00bbcenter\u00a0\u00bb]Accessoires[\/mk_fancy_title][mk_fancy_title color=\u00a0\u00bb#707070&Prime; size=\u00a0\u00bb16&Prime; font_weight=\u00a0\u00bb400&Prime; txt_transform=\u00a0\u00bbuppercase\u00a0\u00bb letter_spacing=\u00a0\u00bb4&Prime; margin_bottom=\u00a0\u00bb0&Prime; font_family=\u00a0\u00bbMontserrat\u00a0\u00bb font_type=\u00a0\u00bbgoogle\u00a0\u00bb align=\u00a0\u00bbcenter\u00a0\u00bb]Pour r\u00e9pondre \u00e0 vos besoins sp\u00e9cifiques[\/mk_fancy_title][mk_padding_divider size=\u00a0\u00bb60&Prime;][vc_row_inner is_fullwidth_content=\u00a0\u00bbfalse\u00a0\u00bb][vc_column_inner width=\u00a0\u00bb1\/3&Prime;][vc_single_image image=\u00a0\u00bb406&Prime; img_size=\u00a0\u00bbfull\u00a0\u00bb alignment=\u00a0\u00bbcenter\u00a0\u00bb onclick=\u00a0\u00bblink_image\u00a0\u00bb][\/vc_column_inner][vc_column_inner width=\u00a0\u00bb2\/3&Prime;][vc_column_text css=\u00a0\u00bb.vc_custom_1662661198866{margin-bottom: 0px !important;}\u00a0\u00bb]\n<h2>SK-800 Shift Kit pour d\u00e9ligneuses<\/h2>\n<p><span style=\"text-align: justify; display: block;\">Le kit de changement de vitesse SK-800 est con\u00e7u pour les d\u00e9ligneuses et peut \u00eatre configur\u00e9 pour n&rsquo;importe quelle lame. Tous les kits sont fabriqu\u00e9s sur mesure \u00e0 partir de rails en aluminium et sont enti\u00e8rement assembl\u00e9s. Ces kits s&rsquo;amortissent rapidement et offrent des ann\u00e9es de fonctionnement sans probl\u00e8me. Vous traiterez plus de planches en moins de temps et produirez moins de d\u00e9chets. Cliquez sur l&rsquo;image pour l&rsquo;agrandir.<\/span>[\/vc_column_text][mk_padding_divider size=\u00a0\u00bb60&Prime;][\/vc_column_inner][\/vc_row_inner][vc_row_inner is_fullwidth_content=\u00a0\u00bbfalse\u00a0\u00bb][vc_column_inner width=\u00a0\u00bb1\/3&Prime;][vc_single_image image=\u00a0\u00bb368&Prime; img_size=\u00a0\u00bbfull\u00a0\u00bb alignment=\u00a0\u00bbcenter\u00a0\u00bb onclick=\u00a0\u00bblink_image\u00a0\u00bb][\/vc_column_inner][vc_column_inner width=\u00a0\u00bb2\/3&Prime;][vc_column_text css=\u00a0\u00bb.vc_custom_1662661245465{margin-bottom: 0px !important;}\u00a0\u00bb]\n<h2>R\u00e9seau lin\u00e9aire \u00e0 plusieurs unit\u00e9s<\/h2>\n<p><span style=\"text-align: justify; display: block;\">Con\u00e7u pour les scies \u00e0 refendre \u00e0 plusieurs lames ou les stations de nivellement, ce kit de support de rail stationnaire peut accueillir un nombre illimit\u00e9 de lasers. La position lat\u00e9rale des lasers peut \u00eatre r\u00e9gl\u00e9e par un simple tour de vis. Chaque unit\u00e9 de distribution d&rsquo;alimentation peut accueillir jusqu&rsquo;\u00e0 8 lasers, ce qui facilite l&rsquo;entretien et ne n\u00e9cessite qu&rsquo;un seul branchement.<\/span>[\/vc_column_text][mk_padding_divider size=\u00a0\u00bb60&Prime;][\/vc_column_inner][\/vc_row_inner][vc_row_inner is_fullwidth_content=\u00a0\u00bbfalse\u00a0\u00bb el_id=\u00a0\u00bbce-hps-800&Prime;][vc_column_inner width=\u00a0\u00bb1\/6&Prime;][vc_single_image image=\u00a0\u00bb350&Prime; img_size=\u00a0\u00bbfull\u00a0\u00bb alignment=\u00a0\u00bbcenter\u00a0\u00bb onclick=\u00a0\u00bblink_image\u00a0\u00bb][\/vc_column_inner][vc_column_inner width=\u00a0\u00bb1\/6&Prime;][vc_single_image image=\u00a0\u00bb348&Prime; img_size=\u00a0\u00bbfull\u00a0\u00bb alignment=\u00a0\u00bbcenter\u00a0\u00bb onclick=\u00a0\u00bblink_image\u00a0\u00bb][\/vc_column_inner][vc_column_inner width=\u00a0\u00bb2\/3&Prime;][vc_column_text css=\u00a0\u00bb.vc_custom_1662661266930{margin-bottom: 0px !important;}\u00a0\u00bb]\n<h2>Support de pr\u00e9cision CE-HPS-801<\/h2>\n<p><span style=\"text-align: justify; display: block;\">Con\u00e7u \u00e0 l&rsquo;origine pour les applications lourdes n\u00e9cessitant un r\u00e9glage plus pr\u00e9cis, ce support est une unit\u00e9 mont\u00e9e sur barre avec une fente r\u00e9glable pour s&rsquo;adapter \u00e0 diff\u00e9rentes tailles de barres. Fabriqu\u00e9 en polym\u00e8re absorbant les vibrations, il peut r\u00e9pondre \u00e0 toutes les applications de pr\u00e9cision. <\/span>[\/vc_column_text][mk_button dimension=\u00a0\u00bbflat\u00a0\u00bb size=\u00a0\u00bbmedium\u00a0\u00bb url=\u00a0\u00bbhttp:\/\/cemarelectro.com\/wp-content\/uploads\/ce-hps-800-precision-bracket.pdf\u00a0\u00bb target=\u00a0\u00bb_blank\u00a0\u00bb margin_right=\u00a0\u00bb0&Prime; animation=\u00a0\u00bbscale-up\u00a0\u00bb]T\u00e9l\u00e9charger la fiche technique[\/mk_button][mk_padding_divider size=\u00a0\u00bb60&Prime;][\/vc_column_inner][\/vc_row_inner][vc_row_inner is_fullwidth_content=\u00a0\u00bbfalse\u00a0\u00bb el_id=\u00a0\u00bbce-305-bracket\u00a0\u00bb][vc_column_inner width=\u00a0\u00bb1\/6&Prime;][vc_single_image image=\u00a0\u00bb344&Prime; img_size=\u00a0\u00bbfull\u00a0\u00bb alignment=\u00a0\u00bbcenter\u00a0\u00bb onclick=\u00a0\u00bblink_image\u00a0\u00bb][\/vc_column_inner][vc_column_inner width=\u00a0\u00bb1\/6&Prime;][vc_single_image image=\u00a0\u00bb502&Prime; img_size=\u00a0\u00bbfull\u00a0\u00bb alignment=\u00a0\u00bbcenter\u00a0\u00bb onclick=\u00a0\u00bblink_image\u00a0\u00bb][\/vc_column_inner][vc_column_inner width=\u00a0\u00bb2\/3&Prime;][vc_column_text css=\u00a0\u00bb.vc_custom_1662661345468{margin-bottom: 0px !important;}\u00a0\u00bb]\n<h2>Support CE-305<\/h2>\n<p><span style=\"text-align: justify; display: block;\">Le CE-305 est notre support standard qui est inclus avec chaque laser. Construit en polym\u00e8re absorbant les vibrations, il peut r\u00e9sister aux environnements les plus difficiles. Un simple r\u00e9glage \u00e0 une vis en fait le support le plus facile \u00e0 manipuler. Sa mise en place est rapide et simple.<\/span>[\/vc_column_text][mk_button dimension=\u00a0\u00bbflat\u00a0\u00bb size=\u00a0\u00bbmedium\u00a0\u00bb url=\u00a0\u00bbhttp:\/\/cemarelectro.com\/wp-content\/uploads\/ce305-laser-ballswivel-bracket.pdf\u00a0\u00bb target=\u00a0\u00bb_blank\u00a0\u00bb margin_right=\u00a0\u00bb0&Prime; animation=\u00a0\u00bbscale-up\u00a0\u00bb]T\u00e9l\u00e9charger la fiche technique[\/mk_button][mk_padding_divider size=\u00a0\u00bb60&Prime;][\/vc_column_inner][\/vc_row_inner][vc_row_inner is_fullwidth_content=\u00a0\u00bbfalse\u00a0\u00bb][vc_column_inner width=\u00a0\u00bb1\/3&Prime;][vc_single_image image=\u00a0\u00bb504&Prime; img_size=\u00a0\u00bbfull\u00a0\u00bb alignment=\u00a0\u00bbcenter\u00a0\u00bb onclick=\u00a0\u00bblink_image\u00a0\u00bb][\/vc_column_inner][vc_column_inner width=\u00a0\u00bb2\/3&Prime;][vc_column_text css=\u00a0\u00bb.vc_custom_1669234918962{margin-bottom: 0px !important;}\u00a0\u00bb]\n<h2>Support magn\u00e9tique<\/h2>\n<p><span style=\"text-align: justify; display: block;\">Le support magn\u00e9tique peut \u00eatre fix\u00e9 sur n&rsquo;importe quelle surface ferromagn\u00e9tique, verticalement ou horizontalement. Le laser peut \u00eatre ajust\u00e9 le long de sa fente en \u00ab\u00a0T\u00a0\u00bb, ce qui permet d\u2019ajuster rapidement et en toute s\u00e9curit\u00e9 la position du laser. Il poss\u00e8de suffisamment d&rsquo;aimants pour maintenir en toute s\u00e9curit\u00e9 jusqu&rsquo;\u00e0 deux lasers diff\u00e9rents.<\/span>[\/vc_column_text][mk_padding_divider size=\u00a0\u00bb60&Prime;][\/vc_column_inner][\/vc_row_inner][vc_row_inner is_fullwidth_content=\u00a0\u00bbfalse\u00a0\u00bb][vc_column_inner width=\u00a0\u00bb1\/3&Prime;][vc_single_image image=\u00a0\u00bb288&Prime; img_size=\u00a0\u00bbfull\u00a0\u00bb alignment=\u00a0\u00bbcenter\u00a0\u00bb onclick=\u00a0\u00bblink_image\u00a0\u00bb css=\u00a0\u00bb\u00a0\u00bb][\/vc_column_inner][vc_column_inner width=\u00a0\u00bb2\/3&Prime;][vc_column_text css=\u00a0\u00bb.vc_custom_1773168599839{margin-bottom: 0px !important;}\u00a0\u00bb]\n<h2>Le r\u00e9ducteur de ligne LRC-800<\/h2>\n<p><span style=\"text-align: justify; display: block;\">Le r\u00e9ducteur de ligne LRC-800 est utilis\u00e9 pour ajuster la longueur de la ligne. Certaines applications n\u00e9cessitent une longueur de ligne tr\u00e8s pr\u00e9cise et le LRC-800 vous permet de le faire sur place rapidement et facilement. En faisant glisser le LRC-800 vers l\u2019avant, vous raccourcissez la ligne \u00e0 la longueur souhait\u00e9e.<\/span>[\/vc_column_text][mk_padding_divider size=\u00a0\u00bb60&Prime;][\/vc_column_inner][\/vc_row_inner][vc_row_inner is_fullwidth_content=\u00a0\u00bbfalse\u00a0\u00bb][vc_column_inner width=\u00a0\u00bb1\/3&Prime;][vc_single_image image=\u00a0\u00bb286&Prime; img_size=\u00a0\u00bbfull\u00a0\u00bb alignment=\u00a0\u00bbcenter\u00a0\u00bb onclick=\u00a0\u00bblink_image\u00a0\u00bb css=\u00a0\u00bb\u00a0\u00bb][\/vc_column_inner][vc_column_inner width=\u00a0\u00bb2\/3&Prime;][vc_column_text css=\u00a0\u00bb.vc_custom_1773168661701{margin-bottom: 0px !important;}\u00a0\u00bb]\n<h2>L\u2019adaptateur de ligne pointill\u00e9e DLA-800<\/h2>\n<p><span style=\"text-align: justify; display: block;\">Le DLA-800 est une m\u00e9thode simple et \u00e9conomique pour cr\u00e9er une ligne en pointill\u00e9. Celle-ci est tr\u00e8s utile pour \u00e9tablir une diff\u00e9renciation de ligne o\u00f9 l\u2019op\u00e9rateur doit s\u00e9parer les lignes paires des lignes impaires. Les lentilles de ligne pointill\u00e9e ont g\u00e9n\u00e9ralement une qualit\u00e9 de ligne inf\u00e9rieure \u00e0 la moyenne, mais avec le DLA-800, vous disposez de la lentille lin\u00e9aire brevet\u00e9e Cemarline, ce qui vous garantit la meilleure qualit\u00e9 de ligne.<\/span>[\/vc_column_text][mk_padding_divider size=\u00a0\u00bb60&Prime;][\/vc_column_inner][\/vc_row_inner][mk_padding_divider size=\u00a0\u00bb100&Prime;][\/vc_column][\/mk_page_section][mk_page_section bg_color=\u00a0\u00bb#0070ac\u00a0\u00bb video_color_mask=\u00a0\u00bb#000000&Prime; video_opacity=\u00a0\u00bb0&Prime; sidebar=\u00a0\u00bbsidebar-1&Prime;][vc_column][mk_padding_divider size=\u00a0\u00bb170&Prime;][vc_row_inner][vc_column_inner width=\u00a0\u00bb1\/12&Prime;][\/vc_column_inner][vc_column_inner width=\u00a0\u00bb10\/12&Prime;][mk_fancy_title tag_name=\u00a0\u00bbh3&Prime; color=\u00a0\u00bb#ffffff\u00a0\u00bb size=\u00a0\u00bb60&Prime; force_font_size=\u00a0\u00bbtrue\u00a0\u00bb size_tablet=\u00a0\u00bb35&Prime; size_phone=\u00a0\u00bb25&Prime; font_weight=\u00a0\u00bb400&Prime; txt_transform=\u00a0\u00bbuppercase\u00a0\u00bb font_family=\u00a0\u00bbMontserrat\u00a0\u00bb font_type=\u00a0\u00bbgoogle\u00a0\u00bb align=\u00a0\u00bbcenter\u00a0\u00bb]En savoir plus[\/mk_fancy_title][\/vc_column_inner][vc_column_inner width=\u00a0\u00bb1\/12&Prime;][\/vc_column_inner][\/vc_row_inner][mk_padding_divider size=\u00a0\u00bb30&Prime;][vc_row_inner css=\u00a0\u00bb.vc_custom_1612445087891{padding-right: 30px !important;padding-left: 30px !important;}\u00a0\u00bb][vc_column_inner width=\u00a0\u00bb1\/6&Prime;][\/vc_column_inner][vc_column_inner width=\u00a0\u00bb1\/3&Prime;][mk_button dimension=\u00a0\u00bbflat\u00a0\u00bb size=\u00a0\u00bblarge\u00a0\u00bb url=\u00a0\u00bb\/fr\/contactez-nous\/\u00a0\u00bb align=\u00a0\u00bbcenter\u00a0\u00bb margin_right=\u00a0\u00bb0&Prime; animation=\u00a0\u00bbscale-up\u00a0\u00bb]Questions[\/mk_button][\/vc_column_inner][vc_column_inner width=\u00a0\u00bb1\/3&Prime;][mk_button dimension=\u00a0\u00bbflat\u00a0\u00bb size=\u00a0\u00bblarge\u00a0\u00bb url=\u00a0\u00bb\/fr\/soumission\/\u00a0\u00bb align=\u00a0\u00bbcenter\u00a0\u00bb margin_right=\u00a0\u00bb0&Prime; animation=\u00a0\u00bbscale-up\u00a0\u00bb]Soumission[\/mk_button][\/vc_column_inner][vc_column_inner width=\u00a0\u00bb1\/6&Prime;][\/vc_column_inner][\/vc_row_inner][mk_padding_divider size=\u00a0\u00bb140&Prime;][\/vc_column][\/mk_page_section]\n<\/div>","protected":false},"excerpt":{"rendered":"<p>[mk_page_section bg_image=\u00a0\u00bbhttp:\/\/cemarelectro.com\/wp-content\/uploads\/pattern-bg.jpg\u00a0\u00bb padding_top=\u00a0\u00bb0&Prime; padding_bottom=\u00a0\u00bb0&Prime; sidebar=\u00a0\u00bbsidebar-1&Prime;][vc_column][mk_padding_divider size=\u00a0\u00bb140&Prime;][mk_fancy_title tag_name=\u00a0\u00bbh1&Prime; size=\u00a0\u00bb48&Prime; force_font_size=\u00a0\u00bbtrue\u00a0\u00bb size_tablet=\u00a0\u00bb30&Prime; size_phone=\u00a0\u00bb20&Prime; line_height=\u00a0\u00bb90&Prime; font_weight=\u00a0\u00bbbold\u00a0\u00bb txt_transform=\u00a0\u00bbuppercase\u00a0\u00bb margin_bottom=\u00a0\u00bb0&Prime; font_family=\u00a0\u00bbMontserrat\u00a0\u00bb font_type=\u00a0\u00bbgoogle\u00a0\u00bb align=\u00a0\u00bbcenter\u00a0\u00bb]Accessoires[\/mk_fancy_title][mk_fancy_title color=\u00a0\u00bb#707070&Prime; size=\u00a0\u00bb16&Prime; font_weight=\u00a0\u00bb400&Prime; txt_transform=\u00a0\u00bbuppercase\u00a0\u00bb letter_spacing=\u00a0\u00bb4&Prime; margin_bottom=\u00a0\u00bb0&Prime; font_family=\u00a0\u00bbMontserrat\u00a0\u00bb font_type=\u00a0\u00bbgoogle\u00a0\u00bb align=\u00a0\u00bbcenter\u00a0\u00bb]Pour r\u00e9pondre \u00e0 vos besoins sp\u00e9cifiques[\/mk_fancy_title][mk_padding_divider size=\u00a0\u00bb60&Prime;][vc_row_inner is_fullwidth_content=\u00a0\u00bbfalse\u00a0\u00bb][vc_column_inner width=\u00a0\u00bb1\/3&Prime;][vc_single_image image=\u00a0\u00bb406&Prime; img_size=\u00a0\u00bbfull\u00a0\u00bb alignment=\u00a0\u00bbcenter\u00a0\u00bb onclick=\u00a0\u00bblink_image\u00a0\u00bb][\/vc_column_inner][vc_column_inner width=\u00a0\u00bb2\/3&Prime;][vc_column_text css=\u00a0\u00bb.vc_custom_1662661198866{margin-bottom: 0px !important;}\u00a0\u00bb] SK-800 Shift Kit pour d\u00e9ligneuses Le kit de changement de vitesse SK-800 [&hellip;]<\/p>\n","protected":false},"author":2,"featured_media":0,"parent":0,"menu_order":0,"comment_status":"closed","ping_status":"closed","template":"","meta":{"footnotes":""},"class_list":["post-1171","page","type-page","status-publish","hentry"],"yoast_head":"<!-- This site is optimized with the Yoast SEO plugin v27.3 - https:\/\/yoast.com\/product\/yoast-seo-wordpress\/ -->\n<title>Options de Montage pour nos Lasers | Cemar Electro<\/title>\n<meta name=\"description\" content=\"Regardez nos supports et nos kits de changement de vitesse pour conna\u00eetre les options de montage offertes avec nos lasers.\" \/>\n<meta name=\"robots\" content=\"index, follow, max-snippet:-1, max-image-preview:large, max-video-preview:-1\" \/>\n<link rel=\"canonical\" href=\"https:\/\/cemarelectro.com\/fr\/accessoires\/\" \/>\n<meta property=\"og:locale\" content=\"fr_CA\" \/>\n<meta property=\"og:type\" content=\"article\" \/>\n<meta property=\"og:title\" content=\"Options de Montage pour nos Lasers | Cemar Electro\" \/>\n<meta property=\"og:description\" content=\"Regardez nos supports et nos kits de changement de vitesse pour conna\u00eetre les options de montage offertes avec nos lasers.\" \/>\n<meta property=\"og:url\" content=\"https:\/\/cemarelectro.com\/fr\/accessoires\/\" \/>\n<meta property=\"og:site_name\" content=\"Cemar Electro Inc.\" \/>\n<meta property=\"article:modified_time\" content=\"2026-03-10T18:51:25+00:00\" \/>\n<meta name=\"twitter:card\" content=\"summary_large_image\" \/>\n<meta name=\"twitter:label1\" content=\"Estimation du temps de lecture\" \/>\n\t<meta name=\"twitter:data1\" content=\"5 minutes\" \/>\n<script type=\"application\/ld+json\" class=\"yoast-schema-graph\">{\"@context\":\"https:\\\/\\\/schema.org\",\"@graph\":[{\"@type\":\"WebPage\",\"@id\":\"https:\\\/\\\/cemarelectro.com\\\/fr\\\/accessoires\\\/\",\"url\":\"https:\\\/\\\/cemarelectro.com\\\/fr\\\/accessoires\\\/\",\"name\":\"Options de Montage pour nos Lasers | Cemar Electro\",\"isPartOf\":{\"@id\":\"https:\\\/\\\/cemarelectro.com\\\/fr\\\/#website\"},\"datePublished\":\"2021-03-30T12:12:26+00:00\",\"dateModified\":\"2026-03-10T18:51:25+00:00\",\"description\":\"Regardez nos supports et nos kits de changement de vitesse pour conna\u00eetre les options de montage offertes avec nos lasers.\",\"breadcrumb\":{\"@id\":\"https:\\\/\\\/cemarelectro.com\\\/fr\\\/accessoires\\\/#breadcrumb\"},\"inLanguage\":\"fr-CA\",\"potentialAction\":[{\"@type\":\"ReadAction\",\"target\":[\"https:\\\/\\\/cemarelectro.com\\\/fr\\\/accessoires\\\/\"]}]},{\"@type\":\"BreadcrumbList\",\"@id\":\"https:\\\/\\\/cemarelectro.com\\\/fr\\\/accessoires\\\/#breadcrumb\",\"itemListElement\":[{\"@type\":\"ListItem\",\"position\":1,\"name\":\"Home\",\"item\":\"https:\\\/\\\/cemarelectro.com\\\/fr\\\/\"},{\"@type\":\"ListItem\",\"position\":2,\"name\":\"Accessoires\"}]},{\"@type\":\"WebSite\",\"@id\":\"https:\\\/\\\/cemarelectro.com\\\/fr\\\/#website\",\"url\":\"https:\\\/\\\/cemarelectro.com\\\/fr\\\/\",\"name\":\"Cemar Electro Inc.\",\"description\":\"\",\"potentialAction\":[{\"@type\":\"SearchAction\",\"target\":{\"@type\":\"EntryPoint\",\"urlTemplate\":\"https:\\\/\\\/cemarelectro.com\\\/fr\\\/?s={search_term_string}\"},\"query-input\":{\"@type\":\"PropertyValueSpecification\",\"valueRequired\":true,\"valueName\":\"search_term_string\"}}],\"inLanguage\":\"fr-CA\"}]}<\/script>\n<!-- \/ Yoast SEO plugin. -->","yoast_head_json":{"title":"Options de Montage pour nos Lasers | Cemar Electro","description":"Regardez nos supports et nos kits de changement de vitesse pour conna\u00eetre les options de montage offertes avec nos lasers.","robots":{"index":"index","follow":"follow","max-snippet":"max-snippet:-1","max-image-preview":"max-image-preview:large","max-video-preview":"max-video-preview:-1"},"canonical":"https:\/\/cemarelectro.com\/fr\/accessoires\/","og_locale":"fr_CA","og_type":"article","og_title":"Options de Montage pour nos Lasers | Cemar Electro","og_description":"Regardez nos supports et nos kits de changement de vitesse pour conna\u00eetre les options de montage offertes avec nos lasers.","og_url":"https:\/\/cemarelectro.com\/fr\/accessoires\/","og_site_name":"Cemar Electro Inc.","article_modified_time":"2026-03-10T18:51:25+00:00","twitter_card":"summary_large_image","twitter_misc":{"Estimation du temps de lecture":"5 minutes"},"schema":{"@context":"https:\/\/schema.org","@graph":[{"@type":"WebPage","@id":"https:\/\/cemarelectro.com\/fr\/accessoires\/","url":"https:\/\/cemarelectro.com\/fr\/accessoires\/","name":"Options de Montage pour nos Lasers | Cemar Electro","isPartOf":{"@id":"https:\/\/cemarelectro.com\/fr\/#website"},"datePublished":"2021-03-30T12:12:26+00:00","dateModified":"2026-03-10T18:51:25+00:00","description":"Regardez nos supports et nos kits de changement de vitesse pour conna\u00eetre les options de montage offertes avec nos lasers.","breadcrumb":{"@id":"https:\/\/cemarelectro.com\/fr\/accessoires\/#breadcrumb"},"inLanguage":"fr-CA","potentialAction":[{"@type":"ReadAction","target":["https:\/\/cemarelectro.com\/fr\/accessoires\/"]}]},{"@type":"BreadcrumbList","@id":"https:\/\/cemarelectro.com\/fr\/accessoires\/#breadcrumb","itemListElement":[{"@type":"ListItem","position":1,"name":"Home","item":"https:\/\/cemarelectro.com\/fr\/"},{"@type":"ListItem","position":2,"name":"Accessoires"}]},{"@type":"WebSite","@id":"https:\/\/cemarelectro.com\/fr\/#website","url":"https:\/\/cemarelectro.com\/fr\/","name":"Cemar Electro Inc.","description":"","potentialAction":[{"@type":"SearchAction","target":{"@type":"EntryPoint","urlTemplate":"https:\/\/cemarelectro.com\/fr\/?s={search_term_string}"},"query-input":{"@type":"PropertyValueSpecification","valueRequired":true,"valueName":"search_term_string"}}],"inLanguage":"fr-CA"}]}},"_links":{"self":[{"href":"https:\/\/cemarelectro.com\/fr\/wp-json\/wp\/v2\/pages\/1171","targetHints":{"allow":["GET"]}}],"collection":[{"href":"https:\/\/cemarelectro.com\/fr\/wp-json\/wp\/v2\/pages"}],"about":[{"href":"https:\/\/cemarelectro.com\/fr\/wp-json\/wp\/v2\/types\/page"}],"author":[{"embeddable":true,"href":"https:\/\/cemarelectro.com\/fr\/wp-json\/wp\/v2\/users\/2"}],"replies":[{"embeddable":true,"href":"https:\/\/cemarelectro.com\/fr\/wp-json\/wp\/v2\/comments?post=1171"}],"version-history":[{"count":7,"href":"https:\/\/cemarelectro.com\/fr\/wp-json\/wp\/v2\/pages\/1171\/revisions"}],"predecessor-version":[{"id":1674,"href":"https:\/\/cemarelectro.com\/fr\/wp-json\/wp\/v2\/pages\/1171\/revisions\/1674"}],"wp:attachment":[{"href":"https:\/\/cemarelectro.com\/fr\/wp-json\/wp\/v2\/media?parent=1171"}],"curies":[{"name":"wp","href":"https:\/\/api.w.org\/{rel}","templated":true}]}}