{"id":1175,"date":"2021-03-10T14:11:14","date_gmt":"2021-03-10T19:11:14","guid":{"rendered":"https:\/\/cemarelectro.com\/custom-lasers\/"},"modified":"2026-03-10T13:58:44","modified_gmt":"2026-03-10T18:58:44","slug":"laser-sur-mesure","status":"publish","type":"page","link":"https:\/\/cemarelectro.com\/fr\/laser-sur-mesure\/","title":{"rendered":"Lasers sur mesure"},"content":{"rendered":"<div class=\"wpb-content-wrapper\">[mk_page_section bg_image=\u00a0\u00bbhttp:\/\/cemarelectro.com\/wp-content\/uploads\/custom_laser-opt.jpg\u00a0\u00bb bg_position=\u00a0\u00bbcenter center\u00a0\u00bb bg_repeat=\u00a0\u00bbno-repeat\u00a0\u00bb bg_stretch=\u00a0\u00bbtrue\u00a0\u00bb bg_gradient=\u00a0\u00bbhorizontal\u00a0\u00bb video_color_mask=\u00a0\u00bbrgba(0,0,0,0)\u00a0\u00bb gr_end=\u00a0\u00bbrgba(0,0,0,0.5)\u00a0\u00bb video_opacity=\u00a0\u00bb1&Prime; min_height=\u00a0\u00bb0&Prime; padding_top=\u00a0\u00bb90&Prime; padding_bottom=\u00a0\u00bb90&Prime; el_class=\u00a0\u00bbbjm-stretch-image\u00a0\u00bb sidebar=\u00a0\u00bbsidebar-1&Prime;][vc_column width=\u00a0\u00bb1\/2&Prime; css=\u00a0\u00bb.vc_custom_1612447985664{margin-top: 0px !important;margin-right: 0px !important;margin-bottom: 0px !important;margin-left: 0px !important;border-top-width: 0px !important;border-right-width: 0px !important;border-bottom-width: 0px !important;border-left-width: 0px !important;padding-top: 0px !important;padding-right: 0px !important;padding-bottom: 0px !important;padding-left: 0px !important;}\u00a0\u00bb][\/vc_column][vc_column width=\u00a0\u00bb1\/2&Prime;][mk_fancy_title tag_name=\u00a0\u00bbh1&Prime; color=\u00a0\u00bb#ffffff\u00a0\u00bb size=\u00a0\u00bb40&Prime; force_font_size=\u00a0\u00bbtrue\u00a0\u00bb size_tablet=\u00a0\u00bb30&Prime; size_phone=\u00a0\u00bb20&Prime; line_height=\u00a0\u00bb90&Prime; font_weight=\u00a0\u00bbbold\u00a0\u00bb txt_transform=\u00a0\u00bbuppercase\u00a0\u00bb margin_bottom=\u00a0\u00bb0&Prime; font_family=\u00a0\u00bbMontserrat\u00a0\u00bb font_type=\u00a0\u00bbgoogle\u00a0\u00bb]Lasers sur mesure[\/mk_fancy_title][mk_fancy_title color=\u00a0\u00bb#ffffff\u00a0\u00bb size=\u00a0\u00bb16&Prime; font_weight=\u00a0\u00bb400&Prime; txt_transform=\u00a0\u00bbuppercase\u00a0\u00bb letter_spacing=\u00a0\u00bb2&Prime; margin_bottom=\u00a0\u00bb0&Prime; font_family=\u00a0\u00bbMontserrat\u00a0\u00bb font_type=\u00a0\u00bbgoogle\u00a0\u00bb]\u2022 Positionnement de v\u00e9hicules<br \/>\n\u2022 Contr\u00f4le de la temp\u00e9rature<br \/>\n\u2022 Et plus![\/mk_fancy_title][\/vc_column][\/mk_page_section][mk_page_section bg_image=\u00a0\u00bbhttp:\/\/cemarelectro.com\/wp-content\/uploads\/pattern-bg.jpg\u00a0\u00bb padding_top=\u00a0\u00bb0&Prime; padding_bottom=\u00a0\u00bb0&Prime; sidebar=\u00a0\u00bbsidebar-1&Prime;][vc_column][mk_padding_divider size=\u00a0\u00bb140&Prime;][mk_fancy_title color=\u00a0\u00bb#707070&Prime; size=\u00a0\u00bb16&Prime; font_weight=\u00a0\u00bb400&Prime; txt_transform=\u00a0\u00bbuppercase\u00a0\u00bb letter_spacing=\u00a0\u00bb4&Prime; margin_bottom=\u00a0\u00bb0&Prime; font_family=\u00a0\u00bbMontserrat\u00a0\u00bb font_type=\u00a0\u00bbgoogle\u00a0\u00bb align=\u00a0\u00bbcenter\u00a0\u00bb]Des solutions rentables pour des applications uniques[\/mk_fancy_title][mk_fancy_title size=\u00a0\u00bb48&Prime; force_font_size=\u00a0\u00bbtrue\u00a0\u00bb size_tablet=\u00a0\u00bb30&Prime; size_phone=\u00a0\u00bb20&Prime; line_height=\u00a0\u00bb90&Prime; font_weight=\u00a0\u00bbbold\u00a0\u00bb txt_transform=\u00a0\u00bbuppercase\u00a0\u00bb margin_bottom=\u00a0\u00bb0&Prime; font_family=\u00a0\u00bbMontserrat\u00a0\u00bb font_type=\u00a0\u00bbgoogle\u00a0\u00bb align=\u00a0\u00bbcenter\u00a0\u00bb]Syst\u00e8mes de laser personnalis\u00e9s[\/mk_fancy_title][mk_padding_divider size=\u00a0\u00bb60&Prime;][vc_row_inner attached=\u00a0\u00bbtrue\u00a0\u00bb css=\u00a0\u00bb.vc_custom_1773169121986{padding-bottom: 120px !important;}\u00a0\u00bb][vc_column_inner width=\u00a0\u00bb2\/3&Prime;][vc_column_text css=\u00a0\u00bb.vc_custom_1773168306523{margin-bottom: 0px !important;}\u00a0\u00bb]<span style=\"text-align: justify; display: block;\">Le personnel d&rsquo;ing\u00e9nierie tr\u00e8s innovant de Cemar Electro peut construire des syst\u00e8mes laser personnalis\u00e9s selon n\u2019importe quelles configurations.<\/span><br \/>\n<span style=\"text-align: justify; display: block;\">Cemar Electro a toujours \u00e9t\u00e9 un innovateur dans la technologie de g\u00e9n\u00e9ration de lignes laser. Nos d\u00e9partements d&rsquo;ing\u00e9nierie et de R &amp; D travaillent en \u00e9troite collaboration avec nos clients pour fournir des solutions personnalis\u00e9es rentables pour des applications uniques.<\/span><br \/>\n<span style=\"text-align: justify; display: block;\">De nouvelles applications de la technologie laser sont d\u00e9couvertes chaque jour, et la plupart d\u2019entre elles naissent d\u2019un besoin industriel. Nous vous invitons \u00e0 nous contacter pour toute exigence particuli\u00e8re.<\/span>[\/vc_column_text][\/vc_column_inner][vc_column_inner width=\u00a0\u00bb1\/3&Prime; css=\u00a0\u00bb.vc_custom_1612466126233{margin-left: 15px !important;}\u00a0\u00bb][vc_single_image image=\u00a0\u00bb779&Prime; img_size=\u00a0\u00bbfull\u00a0\u00bb alignment=\u00a0\u00bbcenter\u00a0\u00bb][mk_button dimension=\u00a0\u00bbflat\u00a0\u00bb size=\u00a0\u00bbmedium\u00a0\u00bb url=\u00a0\u00bb\/fr\/soumission\/\u00a0\u00bb target=\u00a0\u00bb_blank\u00a0\u00bb align=\u00a0\u00bbcenter\u00a0\u00bb fullwidth=\u00a0\u00bbtrue\u00a0\u00bb margin_right=\u00a0\u00bb0&Prime; animation=\u00a0\u00bbscale-up\u00a0\u00bb]Demande de soumission[\/mk_button][\/vc_column_inner][\/vc_row_inner][vc_row_inner is_fullwidth_content=\u00a0\u00bbfalse\u00a0\u00bb el_class=\u00a0\u00bbbjm-hide\u00a0\u00bb][vc_column_inner width=\u00a0\u00bb1\/2&Prime;][mk_fancy_title tag_name=\u00a0\u00bbh3&Prime; size=\u00a0\u00bb28&Prime; force_font_size=\u00a0\u00bbtrue\u00a0\u00bb size_phone=\u00a0\u00bb22&Prime; line_height=\u00a0\u00bb90&Prime; font_weight=\u00a0\u00bbbold\u00a0\u00bb txt_transform=\u00a0\u00bbuppercase\u00a0\u00bb margin_bottom=\u00a0\u00bb0&Prime; font_family=\u00a0\u00bbMontserrat\u00a0\u00bb font_type=\u00a0\u00bbgoogle\u00a0\u00bb align=\u00a0\u00bbcenter\u00a0\u00bb]Syst\u00e8me laser de positionnement des v\u00e9hicules[\/mk_fancy_title][vc_single_image image=\u00a0\u00bb289&Prime; img_size=\u00a0\u00bbfull\u00a0\u00bb alignment=\u00a0\u00bbcenter\u00a0\u00bb][vc_column_text css=\u00a0\u00bb.vc_custom_1662661857995{margin-bottom: 0px !important;}\u00a0\u00bb]<span style=\"text-align: justify; display: inline-block;\">Lorsque Alcan est venu nous voir en 2006 \u00e0 la recherche d&rsquo;une solution pour positionner ses camions afin de recevoir de la bauxite et d&rsquo;autres mat\u00e9riaux en poudre, notre \u00e9quipe de R &amp; D a imm\u00e9diatement commenc\u00e9 \u00e0 travailler sur un syst\u00e8me qui guiderait ses camions de manutention pour aligner leurs r\u00e9ceptacles avec le tube de mat\u00e9riau. Il fallait \u00e9galement qu&rsquo;un signal \u00e9lectronique soit envoy\u00e9 une fois le camion align\u00e9 pour confirmer la position et commencer la s\u00e9quence de chargement. <\/span><\/p>\n<p><span style=\"text-align: justify; display: inline-block;\">Le syst\u00e8me cr\u00e9\u00e9 par Cemar Electro est simple \u00e0 utiliser, n&rsquo;oblige pas l&rsquo;op\u00e9rateur \u00e0 ralentir et le conducteur n&rsquo;a plus besoin de sortir du camion pour v\u00e9rifier son bon positionnement. Install\u00e9 en 2007, le syst\u00e8me a fonctionn\u00e9 sans aucun probl\u00e8me technique et le client r\u00e9alise un gain de temps consid\u00e9rable et des co\u00fbts de nettoyage moindres car le syst\u00e8me a \u00e9limin\u00e9 tout d\u00e9versement accidentel de mat\u00e9riau.<br \/>\n<\/span>[\/vc_column_text][mk_padding_divider][\/vc_column_inner][vc_column_inner width=\u00a0\u00bb1\/2&Prime; css=\u00a0\u00bb.vc_custom_1612466126233{margin-left: 15px !important;}\u00a0\u00bb][mk_fancy_title tag_name=\u00a0\u00bbh3&Prime; size=\u00a0\u00bb28&Prime; force_font_size=\u00a0\u00bbtrue\u00a0\u00bb size_phone=\u00a0\u00bb22&Prime; line_height=\u00a0\u00bb90&Prime; font_weight=\u00a0\u00bbbold\u00a0\u00bb txt_transform=\u00a0\u00bbuppercase\u00a0\u00bb margin_bottom=\u00a0\u00bb0&Prime; font_family=\u00a0\u00bbMontserrat\u00a0\u00bb font_type=\u00a0\u00bbgoogle\u00a0\u00bb align=\u00a0\u00bbcenter\u00a0\u00bb]Comment cela fonctionne-t-il?[\/mk_fancy_title][vc_single_image image=\u00a0\u00bb301&Prime; img_size=\u00a0\u00bb192&#215;117&Prime; alignment=\u00a0\u00bbcenter\u00a0\u00bb css=\u00a0\u00bb.vc_custom_1652794162451{margin-bottom: 0px !important;border-bottom-width: 0px !important;padding-bottom: 0px !important;}\u00a0\u00bb][vc_column_text css=\u00a0\u00bb.vc_custom_1662661928660{margin-bottom: 0px !important;}\u00a0\u00bb]<span style=\"text-align: justify; display: inline-block;\"><strong>1. Guides visuels<\/strong><br \/>\nUn laser vertical et un laser horizontal avec bo\u00eetier de protection sont utilis\u00e9s pour l&rsquo;alignement des cibles crois\u00e9es.<\/span>[\/vc_column_text][vc_single_image image=\u00a0\u00bb299&Prime; img_size=\u00a0\u00bb176&#215;149&Prime; alignment=\u00a0\u00bbcenter\u00a0\u00bb css=\u00a0\u00bb.vc_custom_1652794207450{margin-bottom: 0px !important;border-bottom-width: 0px !important;padding-bottom: 0px !important;}\u00a0\u00bb][vc_column_text css=\u00a0\u00bb.vc_custom_1662661955760{margin-bottom: 0px !important;}\u00a0\u00bb]<span style=\"text-align: justify; display: inline-block;\"><strong>2. \u00c9metteur laser<\/strong><br \/>\nBo\u00eetier m\u00e9tallique \u00e9tanche abritant 2 \u00e9metteurs laser sp\u00e9ciaux.<\/span>[\/vc_column_text][vc_single_image image=\u00a0\u00bb303&Prime; img_size=\u00a0\u00bb183&#215;175&Prime; alignment=\u00a0\u00bbcenter\u00a0\u00bb css=\u00a0\u00bb.vc_custom_1652794271424{margin-bottom: 0px !important;border-bottom-width: 0px !important;padding-bottom: 0px !important;}\u00a0\u00bb][vc_column_text css=\u00a0\u00bb.vc_custom_1662661977526{margin-bottom: 0px !important;}\u00a0\u00bb]<span style=\"text-align: justify; display: inline-block;\"><strong>3. Capteur laser<\/strong><br \/>\nBo\u00eetier m\u00e9tallique scell\u00e9 abritant des bancs de capteurs fabriqu\u00e9s sur mesure.<\/span>[\/vc_column_text][mk_padding_divider][\/vc_column_inner][\/vc_row_inner][\/vc_column][\/mk_page_section][mk_page_section bg_color=\u00a0\u00bb#0070ac\u00a0\u00bb video_color_mask=\u00a0\u00bb#000000&Prime; video_opacity=\u00a0\u00bb0&Prime; sidebar=\u00a0\u00bbsidebar-1&Prime;][vc_column][mk_padding_divider size=\u00a0\u00bb170&Prime;][vc_column_text disable_pattern=\u00a0\u00bbfalse\u00a0\u00bb align=\u00a0\u00bbcenter\u00a0\u00bb css=\u00a0\u00bb.vc_custom_1652794395749{margin-bottom: 0px !important;}\u00a0\u00bb]<span style=\"color: #ffffff; letter-spacing: 4px; text-transform: uppercase;\">Custom application?<\/span>[\/vc_column_text][vc_row_inner][vc_column_inner width=\u00a0\u00bb1\/12&Prime;][\/vc_column_inner][vc_column_inner width=\u00a0\u00bb10\/12&Prime;][mk_fancy_title tag_name=\u00a0\u00bbh3&Prime; color=\u00a0\u00bb#ffffff\u00a0\u00bb size=\u00a0\u00bb60&Prime; force_font_size=\u00a0\u00bbtrue\u00a0\u00bb size_tablet=\u00a0\u00bb35&Prime; size_phone=\u00a0\u00bb25&Prime; font_weight=\u00a0\u00bb400&Prime; txt_transform=\u00a0\u00bbuppercase\u00a0\u00bb font_family=\u00a0\u00bbMontserrat\u00a0\u00bb font_type=\u00a0\u00bbgoogle\u00a0\u00bb align=\u00a0\u00bbcenter\u00a0\u00bb]Laissez-nous concevoir une solution adapt\u00e9e \u00e0 vos besoins[\/mk_fancy_title][\/vc_column_inner][vc_column_inner width=\u00a0\u00bb1\/12&Prime;][\/vc_column_inner][\/vc_row_inner][mk_padding_divider size=\u00a0\u00bb30&Prime;][vc_row_inner css=\u00a0\u00bb.vc_custom_1612445087891{padding-right: 30px !important;padding-left: 30px !important;}\u00a0\u00bb][vc_column_inner width=\u00a0\u00bb1\/6&Prime;][\/vc_column_inner][vc_column_inner width=\u00a0\u00bb1\/3&Prime;][mk_button dimension=\u00a0\u00bbflat\u00a0\u00bb size=\u00a0\u00bblarge\u00a0\u00bb url=\u00a0\u00bb\/fr\/contactez-nous\/\u00a0\u00bb align=\u00a0\u00bbcenter\u00a0\u00bb margin_right=\u00a0\u00bb0&Prime; animation=\u00a0\u00bbscale-up\u00a0\u00bb]Question[\/mk_button][\/vc_column_inner][vc_column_inner width=\u00a0\u00bb1\/3&Prime;][mk_button dimension=\u00a0\u00bbflat\u00a0\u00bb size=\u00a0\u00bblarge\u00a0\u00bb url=\u00a0\u00bb\/fr\/soumission\/\u00a0\u00bb align=\u00a0\u00bbcenter\u00a0\u00bb margin_right=\u00a0\u00bb0&Prime; animation=\u00a0\u00bbscale-up\u00a0\u00bb]Soumission[\/mk_button][\/vc_column_inner][vc_column_inner width=\u00a0\u00bb1\/6&Prime;][\/vc_column_inner][\/vc_row_inner][mk_padding_divider size=\u00a0\u00bb140&Prime;][\/vc_column][\/mk_page_section]\n<\/div>","protected":false},"excerpt":{"rendered":"<p>[mk_page_section bg_image=\u00a0\u00bbhttp:\/\/cemarelectro.com\/wp-content\/uploads\/custom_laser-opt.jpg\u00a0\u00bb bg_position=\u00a0\u00bbcenter center\u00a0\u00bb bg_repeat=\u00a0\u00bbno-repeat\u00a0\u00bb bg_stretch=\u00a0\u00bbtrue\u00a0\u00bb bg_gradient=\u00a0\u00bbhorizontal\u00a0\u00bb video_color_mask=\u00a0\u00bbrgba(0,0,0,0)\u00a0\u00bb gr_end=\u00a0\u00bbrgba(0,0,0,0.5)\u00a0\u00bb video_opacity=\u00a0\u00bb1&Prime; min_height=\u00a0\u00bb0&Prime; padding_top=\u00a0\u00bb90&Prime; padding_bottom=\u00a0\u00bb90&Prime; el_class=\u00a0\u00bbbjm-stretch-image\u00a0\u00bb sidebar=\u00a0\u00bbsidebar-1&Prime;][vc_column width=\u00a0\u00bb1\/2&Prime; css=\u00a0\u00bb.vc_custom_1612447985664{margin-top: 0px !important;margin-right: 0px !important;margin-bottom: 0px !important;margin-left: 0px !important;border-top-width: 0px !important;border-right-width: 0px !important;border-bottom-width: 0px !important;border-left-width: 0px !important;padding-top: 0px !important;padding-right: 0px !important;padding-bottom: 0px !important;padding-left: 0px !important;}\u00a0\u00bb][\/vc_column][vc_column width=\u00a0\u00bb1\/2&Prime;][mk_fancy_title tag_name=\u00a0\u00bbh1&Prime; color=\u00a0\u00bb#ffffff\u00a0\u00bb size=\u00a0\u00bb40&Prime; force_font_size=\u00a0\u00bbtrue\u00a0\u00bb size_tablet=\u00a0\u00bb30&Prime; size_phone=\u00a0\u00bb20&Prime; line_height=\u00a0\u00bb90&Prime; font_weight=\u00a0\u00bbbold\u00a0\u00bb txt_transform=\u00a0\u00bbuppercase\u00a0\u00bb margin_bottom=\u00a0\u00bb0&Prime; font_family=\u00a0\u00bbMontserrat\u00a0\u00bb font_type=\u00a0\u00bbgoogle\u00a0\u00bb]Lasers sur [&hellip;]<\/p>\n","protected":false},"author":2,"featured_media":0,"parent":0,"menu_order":0,"comment_status":"closed","ping_status":"closed","template":"","meta":{"footnotes":""},"class_list":["post-1175","page","type-page","status-publish","hentry"],"yoast_head":"<!-- This site is optimized with the Yoast SEO plugin v27.4 - https:\/\/yoast.com\/product\/yoast-seo-wordpress\/ -->\n<title>Syst\u00e8mes Laser Personnalis\u00e9s selon vos Besoins | Cemar Electro<\/title>\n<meta name=\"description\" content=\"Nos ing\u00e9nieurs peuvent construire des syst\u00e8mes laser personnalis\u00e9s de presque toutes les configurations. Informez-vous!\" \/>\n<meta name=\"robots\" content=\"index, follow, max-snippet:-1, max-image-preview:large, max-video-preview:-1\" \/>\n<link rel=\"canonical\" href=\"https:\/\/cemarelectro.com\/fr\/laser-sur-mesure\/\" \/>\n<meta property=\"og:locale\" content=\"fr_CA\" \/>\n<meta property=\"og:type\" content=\"article\" \/>\n<meta property=\"og:title\" content=\"Syst\u00e8mes Laser Personnalis\u00e9s selon vos Besoins | Cemar Electro\" \/>\n<meta property=\"og:description\" content=\"Nos ing\u00e9nieurs peuvent construire des syst\u00e8mes laser personnalis\u00e9s de presque toutes les configurations. Informez-vous!\" \/>\n<meta property=\"og:url\" content=\"https:\/\/cemarelectro.com\/fr\/laser-sur-mesure\/\" \/>\n<meta property=\"og:site_name\" content=\"Cemar Electro Inc.\" \/>\n<meta property=\"article:modified_time\" content=\"2026-03-10T18:58:44+00:00\" \/>\n<meta name=\"twitter:card\" content=\"summary_large_image\" \/>\n<meta name=\"twitter:label1\" content=\"Estimation du temps de lecture\" \/>\n\t<meta name=\"twitter:data1\" content=\"3 minutes\" \/>\n<script type=\"application\/ld+json\" class=\"yoast-schema-graph\">{\"@context\":\"https:\\\/\\\/schema.org\",\"@graph\":[{\"@type\":\"WebPage\",\"@id\":\"https:\\\/\\\/cemarelectro.com\\\/fr\\\/laser-sur-mesure\\\/\",\"url\":\"https:\\\/\\\/cemarelectro.com\\\/fr\\\/laser-sur-mesure\\\/\",\"name\":\"Syst\u00e8mes Laser Personnalis\u00e9s selon vos Besoins | Cemar Electro\",\"isPartOf\":{\"@id\":\"https:\\\/\\\/cemarelectro.com\\\/fr\\\/#website\"},\"datePublished\":\"2021-03-10T19:11:14+00:00\",\"dateModified\":\"2026-03-10T18:58:44+00:00\",\"description\":\"Nos ing\u00e9nieurs peuvent construire des syst\u00e8mes laser personnalis\u00e9s de presque toutes les configurations. Informez-vous!\",\"breadcrumb\":{\"@id\":\"https:\\\/\\\/cemarelectro.com\\\/fr\\\/laser-sur-mesure\\\/#breadcrumb\"},\"inLanguage\":\"fr-CA\",\"potentialAction\":[{\"@type\":\"ReadAction\",\"target\":[\"https:\\\/\\\/cemarelectro.com\\\/fr\\\/laser-sur-mesure\\\/\"]}]},{\"@type\":\"BreadcrumbList\",\"@id\":\"https:\\\/\\\/cemarelectro.com\\\/fr\\\/laser-sur-mesure\\\/#breadcrumb\",\"itemListElement\":[{\"@type\":\"ListItem\",\"position\":1,\"name\":\"Home\",\"item\":\"https:\\\/\\\/cemarelectro.com\\\/fr\\\/\"},{\"@type\":\"ListItem\",\"position\":2,\"name\":\"Lasers sur mesure\"}]},{\"@type\":\"WebSite\",\"@id\":\"https:\\\/\\\/cemarelectro.com\\\/fr\\\/#website\",\"url\":\"https:\\\/\\\/cemarelectro.com\\\/fr\\\/\",\"name\":\"Cemar Electro Inc.\",\"description\":\"\",\"potentialAction\":[{\"@type\":\"SearchAction\",\"target\":{\"@type\":\"EntryPoint\",\"urlTemplate\":\"https:\\\/\\\/cemarelectro.com\\\/fr\\\/?s={search_term_string}\"},\"query-input\":{\"@type\":\"PropertyValueSpecification\",\"valueRequired\":true,\"valueName\":\"search_term_string\"}}],\"inLanguage\":\"fr-CA\"}]}<\/script>\n<!-- \/ Yoast SEO plugin. -->","yoast_head_json":{"title":"Syst\u00e8mes Laser Personnalis\u00e9s selon vos Besoins | Cemar Electro","description":"Nos ing\u00e9nieurs peuvent construire des syst\u00e8mes laser personnalis\u00e9s de presque toutes les configurations. Informez-vous!","robots":{"index":"index","follow":"follow","max-snippet":"max-snippet:-1","max-image-preview":"max-image-preview:large","max-video-preview":"max-video-preview:-1"},"canonical":"https:\/\/cemarelectro.com\/fr\/laser-sur-mesure\/","og_locale":"fr_CA","og_type":"article","og_title":"Syst\u00e8mes Laser Personnalis\u00e9s selon vos Besoins | Cemar Electro","og_description":"Nos ing\u00e9nieurs peuvent construire des syst\u00e8mes laser personnalis\u00e9s de presque toutes les configurations. Informez-vous!","og_url":"https:\/\/cemarelectro.com\/fr\/laser-sur-mesure\/","og_site_name":"Cemar Electro Inc.","article_modified_time":"2026-03-10T18:58:44+00:00","twitter_card":"summary_large_image","twitter_misc":{"Estimation du temps de lecture":"3 minutes"},"schema":{"@context":"https:\/\/schema.org","@graph":[{"@type":"WebPage","@id":"https:\/\/cemarelectro.com\/fr\/laser-sur-mesure\/","url":"https:\/\/cemarelectro.com\/fr\/laser-sur-mesure\/","name":"Syst\u00e8mes Laser Personnalis\u00e9s selon vos Besoins | Cemar Electro","isPartOf":{"@id":"https:\/\/cemarelectro.com\/fr\/#website"},"datePublished":"2021-03-10T19:11:14+00:00","dateModified":"2026-03-10T18:58:44+00:00","description":"Nos ing\u00e9nieurs peuvent construire des syst\u00e8mes laser personnalis\u00e9s de presque toutes les configurations. Informez-vous!","breadcrumb":{"@id":"https:\/\/cemarelectro.com\/fr\/laser-sur-mesure\/#breadcrumb"},"inLanguage":"fr-CA","potentialAction":[{"@type":"ReadAction","target":["https:\/\/cemarelectro.com\/fr\/laser-sur-mesure\/"]}]},{"@type":"BreadcrumbList","@id":"https:\/\/cemarelectro.com\/fr\/laser-sur-mesure\/#breadcrumb","itemListElement":[{"@type":"ListItem","position":1,"name":"Home","item":"https:\/\/cemarelectro.com\/fr\/"},{"@type":"ListItem","position":2,"name":"Lasers sur mesure"}]},{"@type":"WebSite","@id":"https:\/\/cemarelectro.com\/fr\/#website","url":"https:\/\/cemarelectro.com\/fr\/","name":"Cemar Electro Inc.","description":"","potentialAction":[{"@type":"SearchAction","target":{"@type":"EntryPoint","urlTemplate":"https:\/\/cemarelectro.com\/fr\/?s={search_term_string}"},"query-input":{"@type":"PropertyValueSpecification","valueRequired":true,"valueName":"search_term_string"}}],"inLanguage":"fr-CA"}]}},"_links":{"self":[{"href":"https:\/\/cemarelectro.com\/fr\/wp-json\/wp\/v2\/pages\/1175","targetHints":{"allow":["GET"]}}],"collection":[{"href":"https:\/\/cemarelectro.com\/fr\/wp-json\/wp\/v2\/pages"}],"about":[{"href":"https:\/\/cemarelectro.com\/fr\/wp-json\/wp\/v2\/types\/page"}],"author":[{"embeddable":true,"href":"https:\/\/cemarelectro.com\/fr\/wp-json\/wp\/v2\/users\/2"}],"replies":[{"embeddable":true,"href":"https:\/\/cemarelectro.com\/fr\/wp-json\/wp\/v2\/comments?post=1175"}],"version-history":[{"count":9,"href":"https:\/\/cemarelectro.com\/fr\/wp-json\/wp\/v2\/pages\/1175\/revisions"}],"predecessor-version":[{"id":1680,"href":"https:\/\/cemarelectro.com\/fr\/wp-json\/wp\/v2\/pages\/1175\/revisions\/1680"}],"wp:attachment":[{"href":"https:\/\/cemarelectro.com\/fr\/wp-json\/wp\/v2\/media?parent=1175"}],"curies":[{"name":"wp","href":"https:\/\/api.w.org\/{rel}","templated":true}]}}