{"id":1179,"date":"2021-03-17T08:37:50","date_gmt":"2021-03-17T13:37:50","guid":{"rendered":"https:\/\/cemarelectro.com\/career\/"},"modified":"2022-09-08T13:43:24","modified_gmt":"2022-09-08T18:43:24","slug":"carriere","status":"publish","type":"page","link":"https:\/\/cemarelectro.com\/fr\/carriere\/","title":{"rendered":"Carri\u00e8res"},"content":{"rendered":"<div class=\"wpb-content-wrapper\">[mk_page_section bg_image=\u00a0\u00bbhttp:\/\/cemarelectro.com\/wp-content\/uploads\/pattern-bg.jpg\u00a0\u00bb padding_top=\u00a0\u00bb90&Prime; padding_bottom=\u00a0\u00bb90&Prime; sidebar=\u00a0\u00bbsidebar-1&Prime;][vc_column][mk_fancy_title size=\u00a0\u00bb30&Prime; force_font_size=\u00a0\u00bbtrue\u00a0\u00bb size_tablet=\u00a0\u00bb25&Prime; size_phone=\u00a0\u00bb22&Prime; font_weight=\u00a0\u00bb400&Prime; txt_transform=\u00a0\u00bbuppercase\u00a0\u00bb margin_bottom=\u00a0\u00bb0&Prime; font_family=\u00a0\u00bbMontserrat\u00a0\u00bb font_type=\u00a0\u00bbgoogle\u00a0\u00bb align=\u00a0\u00bbcenter\u00a0\u00bb]Nous sommes toujours \u00e0 la recherche de personnes talentueuses pour rejoindre notre \u00e9quipe[\/mk_fancy_title][mk_fancy_title tag_name=\u00a0\u00bbh1&Prime; size=\u00a0\u00bb50&Prime; force_font_size=\u00a0\u00bbtrue\u00a0\u00bb size_tablet=\u00a0\u00bb40&Prime; size_phone=\u00a0\u00bb32&Prime; font_weight=\u00a0\u00bbbold\u00a0\u00bb txt_transform=\u00a0\u00bbuppercase\u00a0\u00bb margin_bottom=\u00a0\u00bb0&Prime; font_family=\u00a0\u00bbMontserrat\u00a0\u00bb font_type=\u00a0\u00bbgoogle\u00a0\u00bb align=\u00a0\u00bbcenter\u00a0\u00bb]Carri\u00e8res chez Cemar Electro inc.[\/mk_fancy_title][vc_row_inner attached=\u00a0\u00bbtrue\u00a0\u00bb][vc_column_inner][vc_column_text align=\u00a0\u00bbcenter\u00a0\u00bb css=\u00a0\u00bb.vc_custom_1662662525734{margin-bottom: 0px !important;}\u00a0\u00bb]Nous offrons d&rsquo;excellentes opportunit\u00e9s d&#8217;emploi \u00e0 tous les niveaux, un environnement de travail motivant et un ensemble d&rsquo;avantages sociaux comp\u00e9titifs. <span style=\"font-weight: 400;\">Si vous souhaitez vous joindre \u00e0 notre \u00e9quipe canadienne, veuillez postuler ci-dessous.<\/span>[\/vc_column_text][\/vc_column_inner][\/vc_row_inner][\/vc_column][\/mk_page_section][mk_page_section bg_color=\u00a0\u00bb#0070ac\u00a0\u00bb video_color_mask=\u00a0\u00bb#000000&Prime; video_opacity=\u00a0\u00bb0&Prime; padding_top=\u00a0\u00bb90&Prime; padding_bottom=\u00a0\u00bb90&Prime; sidebar=\u00a0\u00bbsidebar-1&Prime;][vc_column][vc_row_inner][vc_column_inner width=\u00a0\u00bb1\/12&Prime;][\/vc_column_inner][vc_column_inner width=\u00a0\u00bb10\/12&Prime;][mk_fancy_title tag_name=\u00a0\u00bbh3&Prime; color=\u00a0\u00bb#ffffff\u00a0\u00bb size=\u00a0\u00bb60&Prime; force_font_size=\u00a0\u00bbtrue\u00a0\u00bb size_tablet=\u00a0\u00bb35&Prime; size_phone=\u00a0\u00bb25&Prime; font_weight=\u00a0\u00bb400&Prime; txt_transform=\u00a0\u00bbuppercase\u00a0\u00bb font_family=\u00a0\u00bbMontserrat\u00a0\u00bb font_type=\u00a0\u00bbgoogle\u00a0\u00bb align=\u00a0\u00bbcenter\u00a0\u00bb]Formulaire de candidature[\/mk_fancy_title]\n<div class=\"wpcf7 no-js\" id=\"wpcf7-f1180-o1\" lang=\"en-CA\" dir=\"ltr\" data-wpcf7-id=\"1180\">\n<div class=\"screen-reader-response\"><p role=\"status\" aria-live=\"polite\" aria-atomic=\"true\"><\/p> <ul><\/ul><\/div>\n<form action=\"\/fr\/wp-json\/wp\/v2\/pages\/1179#wpcf7-f1180-o1\" method=\"post\" class=\"wpcf7-form init\" aria-label=\"Contact form\" enctype=\"multipart\/form-data\" novalidate=\"novalidate\" data-status=\"init\">\n<fieldset class=\"hidden-fields-container\"><input type=\"hidden\" name=\"_wpcf7\" value=\"1180\" \/><input type=\"hidden\" name=\"_wpcf7_version\" value=\"6.1.5\" \/><input type=\"hidden\" name=\"_wpcf7_locale\" value=\"en_CA\" \/><input type=\"hidden\" name=\"_wpcf7_unit_tag\" value=\"wpcf7-f1180-o1\" \/><input type=\"hidden\" name=\"_wpcf7_container_post\" value=\"0\" \/><input type=\"hidden\" name=\"_wpcf7_posted_data_hash\" value=\"\" \/>\n<\/fieldset>\n<p><span class=\"wpcf7-form-control-wrap\" data-name=\"your-first-name\"><input size=\"40\" maxlength=\"400\" class=\"wpcf7-form-control wpcf7-text wpcf7-validates-as-required\" aria-required=\"true\" aria-invalid=\"false\" placeholder=\"Pr\u00e9nom*\" value=\"\" type=\"text\" name=\"your-first-name\" \/><\/span><br \/>\n<span class=\"wpcf7-form-control-wrap\" data-name=\"your-last-name\"><input size=\"40\" maxlength=\"400\" class=\"wpcf7-form-control wpcf7-text wpcf7-validates-as-required\" aria-required=\"true\" aria-invalid=\"false\" placeholder=\"Nom*\" value=\"\" type=\"text\" name=\"your-last-name\" \/><\/span><br \/>\n<span class=\"wpcf7-form-control-wrap\" data-name=\"your-tel\"><input size=\"40\" maxlength=\"400\" class=\"wpcf7-form-control wpcf7-tel wpcf7-validates-as-required wpcf7-text wpcf7-validates-as-tel\" aria-required=\"true\" aria-invalid=\"false\" placeholder=\"T\u00e9l\u00e9phone*\" value=\"\" type=\"tel\" name=\"your-tel\" \/><\/span><br \/>\n<span class=\"wpcf7-form-control-wrap\" data-name=\"your-email\"><input size=\"40\" maxlength=\"400\" class=\"wpcf7-form-control wpcf7-email wpcf7-validates-as-required wpcf7-text wpcf7-validates-as-email\" aria-required=\"true\" aria-invalid=\"false\" placeholder=\"Courriel*\" value=\"\" type=\"email\" name=\"your-email\" \/><\/span><br \/>\n<span class=\"wpcf7-form-control-wrap\" data-name=\"your-address\"><input size=\"40\" maxlength=\"400\" class=\"wpcf7-form-control wpcf7-text\" aria-invalid=\"false\" placeholder=\"Adresse\" value=\"\" type=\"text\" name=\"your-address\" \/><\/span><br \/>\n<span class=\"wpcf7-form-control-wrap\" data-name=\"your-pos\"><input size=\"40\" maxlength=\"400\" class=\"wpcf7-form-control wpcf7-text wpcf7-validates-as-required\" aria-required=\"true\" aria-invalid=\"false\" placeholder=\"Poste souhait\u00e9*\" value=\"\" type=\"text\" name=\"your-pos\" \/><\/span><br \/>\n<span class=\"wpcf7-form-control-wrap\" data-name=\"your-message\"><textarea cols=\"40\" rows=\"10\" maxlength=\"2000\" class=\"wpcf7-form-control wpcf7-textarea\" aria-invalid=\"false\" placeholder=\"Message\" name=\"your-message\"><\/textarea><\/span><br \/>\n<strong style=\"color:#fff\">Joindre un CV*<\/strong><br \/>\n<span class=\"wpcf7-form-control-wrap\" data-name=\"your-cv\"><input size=\"40\" class=\"wpcf7-form-control wpcf7-file wpcf7-validates-as-required\" accept=\"audio\/*,video\/*,image\/*\" aria-required=\"true\" aria-invalid=\"false\" type=\"file\" name=\"your-cv\" \/><\/span><br \/>\n<input class=\"wpcf7-form-control wpcf7-submit has-spinner\" type=\"submit\" value=\"Envoyer\" \/><br \/>\n<script>\ndocument.addEventListener( 'wpcf7mailsent', function( event ) {\n location = 'https:\/\/cemarelectro.com\/fr\/merci\/';\n}, false );\n<\/script>\n<\/p><div class=\"wpcf7-response-output\" aria-hidden=\"true\"><\/div>\n<\/form>\n<\/div>\n[\/vc_column_inner][vc_column_inner width=\u00a0\u00bb1\/12&Prime;][\/vc_column_inner][\/vc_row_inner][\/vc_column][\/mk_page_section]\n<\/div>","protected":false},"excerpt":{"rendered":"<p>[mk_page_section bg_image=\u00a0\u00bbhttp:\/\/cemarelectro.com\/wp-content\/uploads\/pattern-bg.jpg\u00a0\u00bb padding_top=\u00a0\u00bb90&Prime; padding_bottom=\u00a0\u00bb90&Prime; sidebar=\u00a0\u00bbsidebar-1&Prime;][vc_column][mk_fancy_title size=\u00a0\u00bb30&Prime; force_font_size=\u00a0\u00bbtrue\u00a0\u00bb size_tablet=\u00a0\u00bb25&Prime; size_phone=\u00a0\u00bb22&Prime; font_weight=\u00a0\u00bb400&Prime; txt_transform=\u00a0\u00bbuppercase\u00a0\u00bb margin_bottom=\u00a0\u00bb0&Prime; font_family=\u00a0\u00bbMontserrat\u00a0\u00bb font_type=\u00a0\u00bbgoogle\u00a0\u00bb align=\u00a0\u00bbcenter\u00a0\u00bb]Nous sommes toujours \u00e0 la recherche de personnes talentueuses pour rejoindre notre \u00e9quipe[\/mk_fancy_title][mk_fancy_title tag_name=\u00a0\u00bbh1&Prime; size=\u00a0\u00bb50&Prime; force_font_size=\u00a0\u00bbtrue\u00a0\u00bb size_tablet=\u00a0\u00bb40&Prime; size_phone=\u00a0\u00bb32&Prime; font_weight=\u00a0\u00bbbold\u00a0\u00bb txt_transform=\u00a0\u00bbuppercase\u00a0\u00bb margin_bottom=\u00a0\u00bb0&Prime; font_family=\u00a0\u00bbMontserrat\u00a0\u00bb font_type=\u00a0\u00bbgoogle\u00a0\u00bb align=\u00a0\u00bbcenter\u00a0\u00bb]Carri\u00e8res chez Cemar Electro inc.[\/mk_fancy_title][vc_row_inner attached=\u00a0\u00bbtrue\u00a0\u00bb][vc_column_inner][vc_column_text align=\u00a0\u00bbcenter\u00a0\u00bb css=\u00a0\u00bb.vc_custom_1662662525734{margin-bottom: 0px !important;}\u00a0\u00bb]Nous offrons d&rsquo;excellentes opportunit\u00e9s d&#8217;emploi \u00e0 tous les niveaux, [&hellip;]<\/p>\n","protected":false},"author":2,"featured_media":0,"parent":0,"menu_order":0,"comment_status":"closed","ping_status":"closed","template":"","meta":{"footnotes":""},"class_list":["post-1179","page","type-page","status-publish","hentry"],"yoast_head":"<!-- This site is optimized with the Yoast SEO plugin v27.4 - https:\/\/yoast.com\/product\/yoast-seo-wordpress\/ -->\n<title>Opportunit\u00e9s d&#039;Emploi en Technologie Laser | Cemar Electro<\/title>\n<meta name=\"description\" content=\"Vous souhaitez travailler avec nous? Jetez un coup d&#039;\u0153il \u00e0 nos offres d&#039;emploi et envoyez-nous votre CV.\" \/>\n<meta name=\"robots\" content=\"index, follow, max-snippet:-1, max-image-preview:large, max-video-preview:-1\" \/>\n<link rel=\"canonical\" href=\"https:\/\/cemarelectro.com\/fr\/carriere\/\" \/>\n<meta property=\"og:locale\" content=\"fr_CA\" \/>\n<meta property=\"og:type\" content=\"article\" \/>\n<meta property=\"og:title\" content=\"Opportunit\u00e9s d&#039;Emploi en Technologie Laser | Cemar Electro\" \/>\n<meta property=\"og:description\" content=\"Vous souhaitez travailler avec nous? Jetez un coup d&#039;\u0153il \u00e0 nos offres d&#039;emploi et envoyez-nous votre CV.\" \/>\n<meta property=\"og:url\" content=\"https:\/\/cemarelectro.com\/fr\/carriere\/\" \/>\n<meta property=\"og:site_name\" content=\"Cemar Electro Inc.\" \/>\n<meta property=\"article:modified_time\" content=\"2022-09-08T18:43:24+00:00\" \/>\n<meta name=\"twitter:card\" content=\"summary_large_image\" \/>\n<meta name=\"twitter:label1\" content=\"Estimation du temps de lecture\" \/>\n\t<meta name=\"twitter:data1\" content=\"1 minute\" \/>\n<script type=\"application\/ld+json\" class=\"yoast-schema-graph\">{\"@context\":\"https:\\\/\\\/schema.org\",\"@graph\":[{\"@type\":\"WebPage\",\"@id\":\"https:\\\/\\\/cemarelectro.com\\\/fr\\\/carriere\\\/\",\"url\":\"https:\\\/\\\/cemarelectro.com\\\/fr\\\/carriere\\\/\",\"name\":\"Opportunit\u00e9s d'Emploi en Technologie Laser | Cemar Electro\",\"isPartOf\":{\"@id\":\"https:\\\/\\\/cemarelectro.com\\\/fr\\\/#website\"},\"datePublished\":\"2021-03-17T13:37:50+00:00\",\"dateModified\":\"2022-09-08T18:43:24+00:00\",\"description\":\"Vous souhaitez travailler avec nous? Jetez un coup d'\u0153il \u00e0 nos offres d'emploi et envoyez-nous votre CV.\",\"breadcrumb\":{\"@id\":\"https:\\\/\\\/cemarelectro.com\\\/fr\\\/carriere\\\/#breadcrumb\"},\"inLanguage\":\"fr-CA\",\"potentialAction\":[{\"@type\":\"ReadAction\",\"target\":[\"https:\\\/\\\/cemarelectro.com\\\/fr\\\/carriere\\\/\"]}]},{\"@type\":\"BreadcrumbList\",\"@id\":\"https:\\\/\\\/cemarelectro.com\\\/fr\\\/carriere\\\/#breadcrumb\",\"itemListElement\":[{\"@type\":\"ListItem\",\"position\":1,\"name\":\"Home\",\"item\":\"https:\\\/\\\/cemarelectro.com\\\/fr\\\/\"},{\"@type\":\"ListItem\",\"position\":2,\"name\":\"Carri\u00e8res\"}]},{\"@type\":\"WebSite\",\"@id\":\"https:\\\/\\\/cemarelectro.com\\\/fr\\\/#website\",\"url\":\"https:\\\/\\\/cemarelectro.com\\\/fr\\\/\",\"name\":\"Cemar Electro Inc.\",\"description\":\"\",\"potentialAction\":[{\"@type\":\"SearchAction\",\"target\":{\"@type\":\"EntryPoint\",\"urlTemplate\":\"https:\\\/\\\/cemarelectro.com\\\/fr\\\/?s={search_term_string}\"},\"query-input\":{\"@type\":\"PropertyValueSpecification\",\"valueRequired\":true,\"valueName\":\"search_term_string\"}}],\"inLanguage\":\"fr-CA\"}]}<\/script>\n<!-- \/ Yoast SEO plugin. -->","yoast_head_json":{"title":"Opportunit\u00e9s d'Emploi en Technologie Laser | Cemar Electro","description":"Vous souhaitez travailler avec nous? Jetez un coup d'\u0153il \u00e0 nos offres d'emploi et envoyez-nous votre CV.","robots":{"index":"index","follow":"follow","max-snippet":"max-snippet:-1","max-image-preview":"max-image-preview:large","max-video-preview":"max-video-preview:-1"},"canonical":"https:\/\/cemarelectro.com\/fr\/carriere\/","og_locale":"fr_CA","og_type":"article","og_title":"Opportunit\u00e9s d'Emploi en Technologie Laser | Cemar Electro","og_description":"Vous souhaitez travailler avec nous? Jetez un coup d'\u0153il \u00e0 nos offres d'emploi et envoyez-nous votre CV.","og_url":"https:\/\/cemarelectro.com\/fr\/carriere\/","og_site_name":"Cemar Electro Inc.","article_modified_time":"2022-09-08T18:43:24+00:00","twitter_card":"summary_large_image","twitter_misc":{"Estimation du temps de lecture":"1 minute"},"schema":{"@context":"https:\/\/schema.org","@graph":[{"@type":"WebPage","@id":"https:\/\/cemarelectro.com\/fr\/carriere\/","url":"https:\/\/cemarelectro.com\/fr\/carriere\/","name":"Opportunit\u00e9s d'Emploi en Technologie Laser | Cemar Electro","isPartOf":{"@id":"https:\/\/cemarelectro.com\/fr\/#website"},"datePublished":"2021-03-17T13:37:50+00:00","dateModified":"2022-09-08T18:43:24+00:00","description":"Vous souhaitez travailler avec nous? Jetez un coup d'\u0153il \u00e0 nos offres d'emploi et envoyez-nous votre CV.","breadcrumb":{"@id":"https:\/\/cemarelectro.com\/fr\/carriere\/#breadcrumb"},"inLanguage":"fr-CA","potentialAction":[{"@type":"ReadAction","target":["https:\/\/cemarelectro.com\/fr\/carriere\/"]}]},{"@type":"BreadcrumbList","@id":"https:\/\/cemarelectro.com\/fr\/carriere\/#breadcrumb","itemListElement":[{"@type":"ListItem","position":1,"name":"Home","item":"https:\/\/cemarelectro.com\/fr\/"},{"@type":"ListItem","position":2,"name":"Carri\u00e8res"}]},{"@type":"WebSite","@id":"https:\/\/cemarelectro.com\/fr\/#website","url":"https:\/\/cemarelectro.com\/fr\/","name":"Cemar Electro Inc.","description":"","potentialAction":[{"@type":"SearchAction","target":{"@type":"EntryPoint","urlTemplate":"https:\/\/cemarelectro.com\/fr\/?s={search_term_string}"},"query-input":{"@type":"PropertyValueSpecification","valueRequired":true,"valueName":"search_term_string"}}],"inLanguage":"fr-CA"}]}},"_links":{"self":[{"href":"https:\/\/cemarelectro.com\/fr\/wp-json\/wp\/v2\/pages\/1179","targetHints":{"allow":["GET"]}}],"collection":[{"href":"https:\/\/cemarelectro.com\/fr\/wp-json\/wp\/v2\/pages"}],"about":[{"href":"https:\/\/cemarelectro.com\/fr\/wp-json\/wp\/v2\/types\/page"}],"author":[{"embeddable":true,"href":"https:\/\/cemarelectro.com\/fr\/wp-json\/wp\/v2\/users\/2"}],"replies":[{"embeddable":true,"href":"https:\/\/cemarelectro.com\/fr\/wp-json\/wp\/v2\/comments?post=1179"}],"version-history":[{"count":2,"href":"https:\/\/cemarelectro.com\/fr\/wp-json\/wp\/v2\/pages\/1179\/revisions"}],"predecessor-version":[{"id":1182,"href":"https:\/\/cemarelectro.com\/fr\/wp-json\/wp\/v2\/pages\/1179\/revisions\/1182"}],"wp:attachment":[{"href":"https:\/\/cemarelectro.com\/fr\/wp-json\/wp\/v2\/media?parent=1179"}],"curies":[{"name":"wp","href":"https:\/\/api.w.org\/{rel}","templated":true}]}}