{"id":1194,"date":"2021-04-27T09:14:40","date_gmt":"2021-04-27T14:14:40","guid":{"rendered":"https:\/\/cemarelectro.com\/cl-800s-extreme-environment-laser\/"},"modified":"2022-11-25T14:45:02","modified_gmt":"2022-11-25T19:45:02","slug":"cl-800s-laser-environnement-extreme","status":"publish","type":"page","link":"https:\/\/cemarelectro.com\/fr\/cl-800s-laser-environnement-extreme\/","title":{"rendered":"S\u00e9ries Environnement extr\u00eame"},"content":{"rendered":"<div class=\"wpb-content-wrapper\">[mk_page_section bg_image=\u00a0\u00bbhttp:\/\/cemarelectro.com\/wp-content\/uploads\/pattern-bg.jpg\u00a0\u00bb padding_top=\u00a0\u00bb0&Prime; padding_bottom=\u00a0\u00bb0&Prime; sidebar=\u00a0\u00bbsidebar-1&Prime;][vc_column][mk_padding_divider size=\u00a0\u00bb140&Prime;][mk_fancy_title color=\u00a0\u00bb#707070&Prime; size=\u00a0\u00bb16&Prime; font_weight=\u00a0\u00bb400&Prime; txt_transform=\u00a0\u00bbuppercase\u00a0\u00bb letter_spacing=\u00a0\u00bb4&Prime; margin_bottom=\u00a0\u00bb0&Prime; font_family=\u00a0\u00bbMontserrat\u00a0\u00bb font_type=\u00a0\u00bbgoogle\u00a0\u00bb align=\u00a0\u00bbcenter\u00a0\u00bb]La technologie ultime de g\u00e9n\u00e9ration de lignes, utilisant notre lentille lin\u00e9aire brevet\u00e9e<br \/>\n[\/mk_fancy_title][mk_fancy_title tag_name=\u00a0\u00bbh1&Prime; size=\u00a0\u00bb48&Prime; force_font_size=\u00a0\u00bbtrue\u00a0\u00bb size_tablet=\u00a0\u00bb30&Prime; size_phone=\u00a0\u00bb20&Prime; line_height=\u00a0\u00bb90&Prime; font_weight=\u00a0\u00bbbold\u00a0\u00bb txt_transform=\u00a0\u00bbuppercase\u00a0\u00bb margin_bottom=\u00a0\u00bb0&Prime; font_family=\u00a0\u00bbMontserrat\u00a0\u00bb font_type=\u00a0\u00bbgoogle\u00a0\u00bb align=\u00a0\u00bbcenter\u00a0\u00bb]S\u00e9rie 800S &#8211; Laser pour environnements extr\u00eames<br \/>\n[\/mk_fancy_title][mk_padding_divider size=\u00a0\u00bb60&Prime;][vc_row_inner attached=\u00a0\u00bbtrue\u00a0\u00bb][vc_column_inner width=\u00a0\u00bb2\/3&Prime;][vc_column_text css=\u00a0\u00bb.vc_custom_1669405490536{margin-bottom: 0px !important;}\u00a0\u00bb]<span style=\"display: block; text-align: justify;\">Le laser de la s\u00e9rie 800S a \u00e9t\u00e9 con\u00e7u et con\u00e7u pour des environnements exigeants tels que l&rsquo;<strong>industrie alimentaire<\/strong>. Enferm\u00e9 dans un <strong>bo\u00eetier en acier inoxydable robuste<\/strong> et des connecteurs en acier inoxydable, ce laser est con\u00e7u pour r\u00e9sister \u00e0 une <strong>haute pression\/temp\u00e9rature\/lavage chimique<\/strong>.<br \/>\n<\/span><\/p>\n<h2>Sp\u00e9cifications pour les lasers de la s\u00e9rie 800S<\/h2>\n[\/vc_column_text][mk_table]\n<table style=\"font-size: 80%; font-weight: 500;\">\n<thead>\n<tr>\n<th>Mod\u00e8le<\/th>\n<th>Puissance optique<\/th>\n<th>Longueur de ligne<\/th>\n<th>Largeur de ligne\/Dimension du point<\/th>\n<th>Longueur d&rsquo;onde<\/th>\n<th>Couleur<\/th>\n<\/tr>\n<\/thead>\n<tbody>\n<tr>\n<td>CL-801S<\/td>\n<td>5 mW<\/td>\n<td>1m (3 pieds)<\/td>\n<td>1mm @ 1m distance (0.04&Prime; @ 3 pieds)<\/td>\n<td>670 nm<\/td>\n<td>rouge<\/td>\n<\/tr>\n<tr>\n<td>CL-805S<\/td>\n<td>5 mW<\/td>\n<td>2.5m (8 pieds)<\/td>\n<td>1mm @ 3m distance (0.04&Prime; @ 10 pieds)<\/td>\n<td>635 nm<\/td>\n<td>rouge<\/td>\n<\/tr>\n<tr>\n<td>CL-810S<\/td>\n<td>10 mW<\/td>\n<td>3.5m (12 pieds)<\/td>\n<td>1mm @ 3m distance (0.04&Prime; @ 10 pieds)<\/td>\n<td>635 nm<\/td>\n<td>rouge<\/td>\n<\/tr>\n<tr>\n<td>CL-815S<\/td>\n<td>15 mW<\/td>\n<td>5m (16 pieds)<\/td>\n<td>1mm @ 3m distance (0.04&Prime; @ 10 pieds)<\/td>\n<td>635 nm<\/td>\n<td>rouge<\/td>\n<\/tr>\n<tr>\n<td>CL-830S<\/td>\n<td>30 mW<\/td>\n<td>10m (32 pieds)<\/td>\n<td>1mm @ 3m distance (0.04&Prime; @ 10 pieds)<\/td>\n<td>635 nm<\/td>\n<td>rouge<\/td>\n<\/tr>\n<tr>\n<td>GL-805S<\/td>\n<td>5 mW<\/td>\n<td>2m (7 pieds)<\/td>\n<td>1mm@ 3m distance (0.01&Prime; @10 pieds)<\/td>\n<td>532 nm<\/td>\n<td>vert<\/td>\n<\/tr>\n<tr>\n<td>GL-815S<\/td>\n<td>15 mW<\/td>\n<td>10m (32 pieds)<\/td>\n<td>1mm@ 3m distance (0.01&Prime; @10 pieds)<\/td>\n<td>532 nm<\/td>\n<td>vert<\/td>\n<\/tr>\n<tr>\n<td>GL-830S<\/td>\n<td>30 mW<\/td>\n<td>15m (49 pieds)<\/td>\n<td>1mm@ 3m distance (0.01&Prime; @10 pieds)<\/td>\n<td>532 nm<\/td>\n<td>vert<\/td>\n<\/tr>\n<\/tbody>\n<\/table>\n[\/mk_table][vc_column_text css=\u00a0\u00bb.vc_custom_1662665521414{margin-bottom: 0px !important;}\u00a0\u00bb]<strong>Alimentation \u00e9lectrique:<\/strong> 90~240VAC 9~35<br \/>\n<strong>Consommation d&rsquo;\u00e9nergie:<\/strong> 1 Watt max.<br \/>\n<strong>Temp\u00e9rature de fonctionnement:<\/strong> -10\u00b0~40\u00b0C 14\u00b0~100\u00b0F[\/vc_column_text][vc_single_image image=\u00a0\u00bb360&Prime; img_size=\u00a0\u00bbfull\u00a0\u00bb alignment=\u00a0\u00bbcenter\u00a0\u00bb][\/vc_column_inner][vc_column_inner width=\u00a0\u00bb1\/3&Prime; css=\u00a0\u00bb.vc_custom_1612466126233{margin-left: 15px !important;}\u00a0\u00bb][vc_single_image image=\u00a0\u00bb354&Prime; img_size=\u00a0\u00bbfull\u00a0\u00bb alignment=\u00a0\u00bbcenter\u00a0\u00bb][vc_column_text css=\u00a0\u00bb.vc_custom_1662665538747{margin-bottom: 0px !important;}\u00a0\u00bb]\n<h3>Optiques disponibles<\/h3>\n[\/vc_column_text][vc_single_image image=\u00a0\u00bb490&Prime; img_size=\u00a0\u00bbfull\u00a0\u00bb][vc_column_text css=\u00a0\u00bb.vc_custom_1662665555947{margin-bottom: 0px !important;}\u00a0\u00bb]\n<h3>Homologations<\/h3>\n[\/vc_column_text][vc_single_image image=\u00a0\u00bb418&Prime; img_size=\u00a0\u00bbfull\u00a0\u00bb][vc_single_image image=\u00a0\u00bb362&Prime; img_size=\u00a0\u00bbfull\u00a0\u00bb][mk_button dimension=\u00a0\u00bbflat\u00a0\u00bb size=\u00a0\u00bbmedium\u00a0\u00bb url=\u00a0\u00bbhttps:\/\/cemarelectro.com\/wp-content\/uploads\/stainless-extreme-environment-laser_2021.pdf\u00a0\u00bb target=\u00a0\u00bb_blank\u00a0\u00bb align=\u00a0\u00bbcenter\u00a0\u00bb fullwidth=\u00a0\u00bbtrue\u00a0\u00bb margin_right=\u00a0\u00bb0&Prime; animation=\u00a0\u00bbscale-up\u00a0\u00bb bg_color=\u00a0\u00bb#0070ac\u00a0\u00bb]T\u00e9l\u00e9charger la brochure (en anglais)[\/mk_button][mk_button dimension=\u00a0\u00bbflat\u00a0\u00bb size=\u00a0\u00bbmedium\u00a0\u00bb url=\u00a0\u00bbhttps:\/\/cemarelectro.com\/wp-content\/uploads\/stainless-laser.pdf\u00a0\u00bb target=\u00a0\u00bb_blank\u00a0\u00bb align=\u00a0\u00bbcenter\u00a0\u00bb fullwidth=\u00a0\u00bbtrue\u00a0\u00bb margin_right=\u00a0\u00bb0&Prime; animation=\u00a0\u00bbscale-up\u00a0\u00bb bg_color=\u00a0\u00bb#0070ac\u00a0\u00bb]Assemblage et dimension du produit[\/mk_button][mk_button dimension=\u00a0\u00bbflat\u00a0\u00bb size=\u00a0\u00bbmedium\u00a0\u00bb url=\u00a0\u00bb\/fr\/soumission\/\u00a0\u00bb target=\u00a0\u00bb_blank\u00a0\u00bb align=\u00a0\u00bbcenter\u00a0\u00bb fullwidth=\u00a0\u00bbtrue\u00a0\u00bb margin_right=\u00a0\u00bb0&Prime; animation=\u00a0\u00bbscale-up\u00a0\u00bb]Demande de soumission[\/mk_button][\/vc_column_inner][\/vc_row_inner][mk_padding_divider size=\u00a0\u00bb100&Prime;][\/vc_column][\/mk_page_section][mk_page_section bg_color=\u00a0\u00bb#0070ac\u00a0\u00bb min_height=\u00a0\u00bb10&Prime; full_width=\u00a0\u00bbtrue\u00a0\u00bb padding_top=\u00a0\u00bb0&Prime; padding_bottom=\u00a0\u00bb0&Prime; sidebar=\u00a0\u00bbsidebar-1&Prime;][vc_column][\/vc_column][\/mk_page_section][mk_page_section bg_color=\u00a0\u00bb#ffffff\u00a0\u00bb padding_top=\u00a0\u00bb90&Prime; padding_bottom=\u00a0\u00bb90&Prime; sidebar=\u00a0\u00bbsidebar-1&Prime;][vc_column][vc_row_inner][vc_column_inner][vc_column_text css=\u00a0\u00bb.vc_custom_1662665773350{margin-bottom: 0px !important;}\u00a0\u00bb]\n<h2>Cemarline Powershift\u2122<\/h2>\n<p><span style=\"text-align: justify; display: block;\">L&rsquo;\u00e9quipe de R &amp; D de Cemar Electro a d\u00e9velopp\u00e9 Powershift\u2122, une technique permettant d&rsquo;obtenir une ligne plus uniforme \u00e0 partir de lasers mont\u00e9s en angle. Utilis\u00e9 avec notre lentille lin\u00e9aire brevet\u00e9e, nous sommes en mesure de d\u00e9placer une partie de la puissance du laser pour maintenir l&rsquo;intensit\u00e9 sur toute la longueur de la ligne.<\/span>[\/vc_column_text][\/vc_column_inner][\/vc_row_inner][vc_row_inner][vc_column_inner width=\u00a0\u00bb1\/2&Prime;][vc_column_text css=\u00a0\u00bb.vc_custom_1662665785418{margin-bottom: 0px !important;}\u00a0\u00bb]\n<h3>Intensit\u00e9 de ligne non uniforme<\/h3>\n<p><span style=\"text-align: justify; display: block;\">D&rsquo;autres lasers utilisent des optiques cylindriques et une lentille en \u00e9ventail pour diffuser la lumi\u00e8re. Cela cr\u00e9e une ligne qui est brillante au milieu mais qui s&rsquo;estompe aux extr\u00e9mit\u00e9s:<\/span>[\/vc_column_text][vc_single_image image=\u00a0\u00bb376&Prime; img_size=\u00a0\u00bbfull\u00a0\u00bb alignment=\u00a0\u00bbcenter\u00a0\u00bb][vc_column_text css=\u00a0\u00bb.vc_custom_1662665797117{margin-bottom: 0px !important;}\u00a0\u00bb]<span style=\"display: block; text-align: justify;\">Lorsque les lasers mont\u00e9s en angle utilisent une lentille en \u00e9ventail pour diffuser la lumi\u00e8re sur la longueur de la ligne, celle-ci perd de son intensit\u00e9 et s&rsquo;estompe au fur et \u00e0 mesure qu&rsquo;elle s&rsquo;\u00e9tend vers l&rsquo;ext\u00e9rieur.<\/span>[\/vc_column_text][vc_single_image image=\u00a0\u00bb374&Prime; img_size=\u00a0\u00bbfull\u00a0\u00bb alignment=\u00a0\u00bbcenter\u00a0\u00bb][\/vc_column_inner][vc_column_inner width=\u00a0\u00bb1\/2&Prime;][vc_column_text css=\u00a0\u00bb.vc_custom_1662665807983{margin-bottom: 0px !important;}\u00a0\u00bb]\n<h3>Cemarline Powershift\u2122<\/h3>\n<p><span style=\"text-align: justify; display: block;\">Avec la lentille lin\u00e9aire brevet\u00e9e de Cemar Electro, la lumi\u00e8re projet\u00e9e est r\u00e9partie uniform\u00e9ment sur toute la longueur de la ligne:<\/span>[\/vc_column_text][vc_single_image image=\u00a0\u00bb396&Prime; img_size=\u00a0\u00bbfull\u00a0\u00bb alignment=\u00a0\u00bbcenter\u00a0\u00bb][vc_column_text css=\u00a0\u00bb.vc_custom_1662665820983{margin-bottom: 0px !important;}\u00a0\u00bb]<span style=\"display: block; text-align: justify;\">Avec <strong>Cemarline Powershift\u2122<\/strong>, la puissance du laser est l\u00e9g\u00e8rement d\u00e9cal\u00e9e vers l&rsquo;extr\u00e9mit\u00e9 de la ligne d\u00e9livrant une ligne claire et \u00e9quilibr\u00e9e du d\u00e9but \u00e0 la fin.<\/span>[\/vc_column_text][vc_single_image image=\u00a0\u00bb394&Prime; img_size=\u00a0\u00bbfull\u00a0\u00bb alignment=\u00a0\u00bbcenter\u00a0\u00bb][\/vc_column_inner][\/vc_row_inner][\/vc_column][\/mk_page_section][mk_page_section bg_color=\u00a0\u00bb#0070ac\u00a0\u00bb video_color_mask=\u00a0\u00bb#000000&Prime; video_opacity=\u00a0\u00bb0&Prime; sidebar=\u00a0\u00bbsidebar-1&Prime;][vc_column][mk_padding_divider size=\u00a0\u00bb170&Prime;][vc_row_inner][vc_column_inner width=\u00a0\u00bb1\/12&Prime;][\/vc_column_inner][vc_column_inner width=\u00a0\u00bb10\/12&Prime;][mk_fancy_title tag_name=\u00a0\u00bbh3&Prime; color=\u00a0\u00bb#ffffff\u00a0\u00bb size=\u00a0\u00bb60&Prime; force_font_size=\u00a0\u00bbtrue\u00a0\u00bb size_tablet=\u00a0\u00bb35&Prime; size_phone=\u00a0\u00bb25&Prime; font_weight=\u00a0\u00bb400&Prime; txt_transform=\u00a0\u00bbuppercase\u00a0\u00bb font_family=\u00a0\u00bbMontserrat\u00a0\u00bb font_type=\u00a0\u00bbgoogle\u00a0\u00bb align=\u00a0\u00bbcenter\u00a0\u00bb]En savoir plus[\/mk_fancy_title][\/vc_column_inner][vc_column_inner width=\u00a0\u00bb1\/12&Prime;][\/vc_column_inner][\/vc_row_inner][mk_padding_divider size=\u00a0\u00bb30&Prime;][vc_row_inner css=\u00a0\u00bb.vc_custom_1612445087891{padding-right: 30px !important;padding-left: 30px !important;}\u00a0\u00bb][vc_column_inner width=\u00a0\u00bb1\/6&Prime;][\/vc_column_inner][vc_column_inner width=\u00a0\u00bb1\/3&Prime;][mk_button dimension=\u00a0\u00bbflat\u00a0\u00bb size=\u00a0\u00bblarge\u00a0\u00bb url=\u00a0\u00bb\/fr\/contactez-nous\/\u00a0\u00bb align=\u00a0\u00bbcenter\u00a0\u00bb margin_right=\u00a0\u00bb0&Prime; animation=\u00a0\u00bbscale-up\u00a0\u00bb]Questions[\/mk_button][\/vc_column_inner][vc_column_inner width=\u00a0\u00bb1\/3&Prime;][mk_button dimension=\u00a0\u00bbflat\u00a0\u00bb size=\u00a0\u00bblarge\u00a0\u00bb url=\u00a0\u00bb\/fr\/soumission\/\u00a0\u00bb align=\u00a0\u00bbcenter\u00a0\u00bb margin_right=\u00a0\u00bb0&Prime; animation=\u00a0\u00bbscale-up\u00a0\u00bb]Soumission[\/mk_button][\/vc_column_inner][vc_column_inner width=\u00a0\u00bb1\/6&Prime;][\/vc_column_inner][\/vc_row_inner][mk_padding_divider size=\u00a0\u00bb140&Prime;][\/vc_column][\/mk_page_section]\n<\/div>","protected":false},"excerpt":{"rendered":"<p>[mk_page_section bg_image=\u00a0\u00bbhttp:\/\/cemarelectro.com\/wp-content\/uploads\/pattern-bg.jpg\u00a0\u00bb padding_top=\u00a0\u00bb0&Prime; padding_bottom=\u00a0\u00bb0&Prime; sidebar=\u00a0\u00bbsidebar-1&Prime;][vc_column][mk_padding_divider size=\u00a0\u00bb140&Prime;][mk_fancy_title color=\u00a0\u00bb#707070&Prime; size=\u00a0\u00bb16&Prime; font_weight=\u00a0\u00bb400&Prime; txt_transform=\u00a0\u00bbuppercase\u00a0\u00bb letter_spacing=\u00a0\u00bb4&Prime; margin_bottom=\u00a0\u00bb0&Prime; font_family=\u00a0\u00bbMontserrat\u00a0\u00bb font_type=\u00a0\u00bbgoogle\u00a0\u00bb align=\u00a0\u00bbcenter\u00a0\u00bb]La technologie ultime de g\u00e9n\u00e9ration de lignes, utilisant notre lentille lin\u00e9aire brevet\u00e9e [\/mk_fancy_title][mk_fancy_title tag_name=\u00a0\u00bbh1&Prime; size=\u00a0\u00bb48&Prime; force_font_size=\u00a0\u00bbtrue\u00a0\u00bb size_tablet=\u00a0\u00bb30&Prime; size_phone=\u00a0\u00bb20&Prime; line_height=\u00a0\u00bb90&Prime; font_weight=\u00a0\u00bbbold\u00a0\u00bb txt_transform=\u00a0\u00bbuppercase\u00a0\u00bb margin_bottom=\u00a0\u00bb0&Prime; font_family=\u00a0\u00bbMontserrat\u00a0\u00bb font_type=\u00a0\u00bbgoogle\u00a0\u00bb align=\u00a0\u00bbcenter\u00a0\u00bb]S\u00e9rie 800S &#8211; Laser pour environnements extr\u00eames [\/mk_fancy_title][mk_padding_divider size=\u00a0\u00bb60&Prime;][vc_row_inner attached=\u00a0\u00bbtrue\u00a0\u00bb][vc_column_inner width=\u00a0\u00bb2\/3&Prime;][vc_column_text css=\u00a0\u00bb.vc_custom_1669405490536{margin-bottom: 0px !important;}\u00a0\u00bb]Le laser de la [&hellip;]<\/p>\n","protected":false},"author":3,"featured_media":0,"parent":0,"menu_order":0,"comment_status":"closed","ping_status":"closed","template":"","meta":{"footnotes":""},"class_list":["post-1194","page","type-page","status-publish","hentry"],"yoast_head":"<!-- This site is optimized with the Yoast SEO plugin v27.4 - https:\/\/yoast.com\/product\/yoast-seo-wordpress\/ -->\n<title>S\u00e9ries Laser pour Environnements Extr\u00eames | Cemar Electro<\/title>\n<meta name=\"description\" content=\"Enferm\u00e9 dans un bo\u00eetier en acier inoxydable, ce laser est con\u00e7u pour r\u00e9sister \u00e0 une haute pression\/temp\u00e9rature\/lavage chimique.\" \/>\n<meta name=\"robots\" content=\"index, follow, max-snippet:-1, max-image-preview:large, max-video-preview:-1\" \/>\n<link rel=\"canonical\" href=\"https:\/\/cemarelectro.com\/fr\/cl-800s-laser-environnement-extreme\/\" \/>\n<meta property=\"og:locale\" content=\"fr_CA\" \/>\n<meta property=\"og:type\" content=\"article\" \/>\n<meta property=\"og:title\" content=\"S\u00e9ries Laser pour Environnements Extr\u00eames | Cemar Electro\" \/>\n<meta property=\"og:description\" content=\"Enferm\u00e9 dans un bo\u00eetier en acier inoxydable, ce laser est con\u00e7u pour r\u00e9sister \u00e0 une haute pression\/temp\u00e9rature\/lavage chimique.\" \/>\n<meta property=\"og:url\" content=\"https:\/\/cemarelectro.com\/fr\/cl-800s-laser-environnement-extreme\/\" \/>\n<meta property=\"og:site_name\" content=\"Cemar Electro Inc.\" \/>\n<meta property=\"article:modified_time\" content=\"2022-11-25T19:45:02+00:00\" \/>\n<meta name=\"twitter:card\" content=\"summary_large_image\" \/>\n<meta name=\"twitter:label1\" content=\"Estimation du temps de lecture\" \/>\n\t<meta name=\"twitter:data1\" content=\"3 minutes\" \/>\n<script type=\"application\/ld+json\" class=\"yoast-schema-graph\">{\"@context\":\"https:\\\/\\\/schema.org\",\"@graph\":[{\"@type\":\"WebPage\",\"@id\":\"https:\\\/\\\/cemarelectro.com\\\/fr\\\/cl-800s-laser-environnement-extreme\\\/\",\"url\":\"https:\\\/\\\/cemarelectro.com\\\/fr\\\/cl-800s-laser-environnement-extreme\\\/\",\"name\":\"S\u00e9ries Laser pour Environnements Extr\u00eames | Cemar Electro\",\"isPartOf\":{\"@id\":\"https:\\\/\\\/cemarelectro.com\\\/fr\\\/#website\"},\"datePublished\":\"2021-04-27T14:14:40+00:00\",\"dateModified\":\"2022-11-25T19:45:02+00:00\",\"description\":\"Enferm\u00e9 dans un bo\u00eetier en acier inoxydable, ce laser est con\u00e7u pour r\u00e9sister \u00e0 une haute pression\\\/temp\u00e9rature\\\/lavage chimique.\",\"breadcrumb\":{\"@id\":\"https:\\\/\\\/cemarelectro.com\\\/fr\\\/cl-800s-laser-environnement-extreme\\\/#breadcrumb\"},\"inLanguage\":\"fr-CA\",\"potentialAction\":[{\"@type\":\"ReadAction\",\"target\":[\"https:\\\/\\\/cemarelectro.com\\\/fr\\\/cl-800s-laser-environnement-extreme\\\/\"]}]},{\"@type\":\"BreadcrumbList\",\"@id\":\"https:\\\/\\\/cemarelectro.com\\\/fr\\\/cl-800s-laser-environnement-extreme\\\/#breadcrumb\",\"itemListElement\":[{\"@type\":\"ListItem\",\"position\":1,\"name\":\"Home\",\"item\":\"https:\\\/\\\/cemarelectro.com\\\/fr\\\/\"},{\"@type\":\"ListItem\",\"position\":2,\"name\":\"S\u00e9ries Environnement extr\u00eame\"}]},{\"@type\":\"WebSite\",\"@id\":\"https:\\\/\\\/cemarelectro.com\\\/fr\\\/#website\",\"url\":\"https:\\\/\\\/cemarelectro.com\\\/fr\\\/\",\"name\":\"Cemar Electro Inc.\",\"description\":\"\",\"potentialAction\":[{\"@type\":\"SearchAction\",\"target\":{\"@type\":\"EntryPoint\",\"urlTemplate\":\"https:\\\/\\\/cemarelectro.com\\\/fr\\\/?s={search_term_string}\"},\"query-input\":{\"@type\":\"PropertyValueSpecification\",\"valueRequired\":true,\"valueName\":\"search_term_string\"}}],\"inLanguage\":\"fr-CA\"}]}<\/script>\n<!-- \/ Yoast SEO plugin. -->","yoast_head_json":{"title":"S\u00e9ries Laser pour Environnements Extr\u00eames | Cemar Electro","description":"Enferm\u00e9 dans un bo\u00eetier en acier inoxydable, ce laser est con\u00e7u pour r\u00e9sister \u00e0 une haute pression\/temp\u00e9rature\/lavage chimique.","robots":{"index":"index","follow":"follow","max-snippet":"max-snippet:-1","max-image-preview":"max-image-preview:large","max-video-preview":"max-video-preview:-1"},"canonical":"https:\/\/cemarelectro.com\/fr\/cl-800s-laser-environnement-extreme\/","og_locale":"fr_CA","og_type":"article","og_title":"S\u00e9ries Laser pour Environnements Extr\u00eames | Cemar Electro","og_description":"Enferm\u00e9 dans un bo\u00eetier en acier inoxydable, ce laser est con\u00e7u pour r\u00e9sister \u00e0 une haute pression\/temp\u00e9rature\/lavage chimique.","og_url":"https:\/\/cemarelectro.com\/fr\/cl-800s-laser-environnement-extreme\/","og_site_name":"Cemar Electro Inc.","article_modified_time":"2022-11-25T19:45:02+00:00","twitter_card":"summary_large_image","twitter_misc":{"Estimation du temps de lecture":"3 minutes"},"schema":{"@context":"https:\/\/schema.org","@graph":[{"@type":"WebPage","@id":"https:\/\/cemarelectro.com\/fr\/cl-800s-laser-environnement-extreme\/","url":"https:\/\/cemarelectro.com\/fr\/cl-800s-laser-environnement-extreme\/","name":"S\u00e9ries Laser pour Environnements Extr\u00eames | Cemar Electro","isPartOf":{"@id":"https:\/\/cemarelectro.com\/fr\/#website"},"datePublished":"2021-04-27T14:14:40+00:00","dateModified":"2022-11-25T19:45:02+00:00","description":"Enferm\u00e9 dans un bo\u00eetier en acier inoxydable, ce laser est con\u00e7u pour r\u00e9sister \u00e0 une haute pression\/temp\u00e9rature\/lavage chimique.","breadcrumb":{"@id":"https:\/\/cemarelectro.com\/fr\/cl-800s-laser-environnement-extreme\/#breadcrumb"},"inLanguage":"fr-CA","potentialAction":[{"@type":"ReadAction","target":["https:\/\/cemarelectro.com\/fr\/cl-800s-laser-environnement-extreme\/"]}]},{"@type":"BreadcrumbList","@id":"https:\/\/cemarelectro.com\/fr\/cl-800s-laser-environnement-extreme\/#breadcrumb","itemListElement":[{"@type":"ListItem","position":1,"name":"Home","item":"https:\/\/cemarelectro.com\/fr\/"},{"@type":"ListItem","position":2,"name":"S\u00e9ries Environnement extr\u00eame"}]},{"@type":"WebSite","@id":"https:\/\/cemarelectro.com\/fr\/#website","url":"https:\/\/cemarelectro.com\/fr\/","name":"Cemar Electro Inc.","description":"","potentialAction":[{"@type":"SearchAction","target":{"@type":"EntryPoint","urlTemplate":"https:\/\/cemarelectro.com\/fr\/?s={search_term_string}"},"query-input":{"@type":"PropertyValueSpecification","valueRequired":true,"valueName":"search_term_string"}}],"inLanguage":"fr-CA"}]}},"_links":{"self":[{"href":"https:\/\/cemarelectro.com\/fr\/wp-json\/wp\/v2\/pages\/1194","targetHints":{"allow":["GET"]}}],"collection":[{"href":"https:\/\/cemarelectro.com\/fr\/wp-json\/wp\/v2\/pages"}],"about":[{"href":"https:\/\/cemarelectro.com\/fr\/wp-json\/wp\/v2\/types\/page"}],"author":[{"embeddable":true,"href":"https:\/\/cemarelectro.com\/fr\/wp-json\/wp\/v2\/users\/3"}],"replies":[{"embeddable":true,"href":"https:\/\/cemarelectro.com\/fr\/wp-json\/wp\/v2\/comments?post=1194"}],"version-history":[{"count":3,"href":"https:\/\/cemarelectro.com\/fr\/wp-json\/wp\/v2\/pages\/1194\/revisions"}],"predecessor-version":[{"id":1392,"href":"https:\/\/cemarelectro.com\/fr\/wp-json\/wp\/v2\/pages\/1194\/revisions\/1392"}],"wp:attachment":[{"href":"https:\/\/cemarelectro.com\/fr\/wp-json\/wp\/v2\/media?parent=1194"}],"curies":[{"name":"wp","href":"https:\/\/api.w.org\/{rel}","templated":true}]}}