{"id":1198,"date":"2021-10-11T20:45:20","date_gmt":"2021-10-12T01:45:20","guid":{"rendered":"https:\/\/cemarelectro.com\/bridge-saw-series\/"},"modified":"2022-11-25T14:37:53","modified_gmt":"2022-11-25T19:37:53","slug":"series-debiteuses","status":"publish","type":"page","link":"https:\/\/cemarelectro.com\/fr\/series-debiteuses\/","title":{"rendered":"S\u00e9ries D\u00e9biteuses \/ Fraises \u00e0 pont"},"content":{"rendered":"<div class=\"wpb-content-wrapper\">[mk_page_section bg_image=\u00a0\u00bbhttp:\/\/cemarelectro.com\/wp-content\/uploads\/pattern-bg.jpg\u00a0\u00bb padding_top=\u00a0\u00bb0&Prime; padding_bottom=\u00a0\u00bb0&Prime; sidebar=\u00a0\u00bbsidebar-1&Prime;][vc_column][mk_padding_divider size=\u00a0\u00bb140&Prime;][mk_fancy_title color=\u00a0\u00bb#707070&Prime; size=\u00a0\u00bb16&Prime; font_weight=\u00a0\u00bb400&Prime; txt_transform=\u00a0\u00bbuppercase\u00a0\u00bb letter_spacing=\u00a0\u00bb4&Prime; margin_bottom=\u00a0\u00bb0&Prime; font_family=\u00a0\u00bbMontserrat\u00a0\u00bb font_type=\u00a0\u00bbgoogle\u00a0\u00bb align=\u00a0\u00bbcenter\u00a0\u00bb]Le laser le plus puissant pour les applications de scies \u00e0 pont[\/mk_fancy_title][mk_fancy_title tag_name=\u00a0\u00bbh1&Prime; size=\u00a0\u00bb48&Prime; force_font_size=\u00a0\u00bbtrue\u00a0\u00bb size_tablet=\u00a0\u00bb30&Prime; size_phone=\u00a0\u00bb20&Prime; line_height=\u00a0\u00bb90&Prime; font_weight=\u00a0\u00bbbold\u00a0\u00bb txt_transform=\u00a0\u00bbuppercase\u00a0\u00bb margin_bottom=\u00a0\u00bb0&Prime; font_family=\u00a0\u00bbMontserrat\u00a0\u00bb font_type=\u00a0\u00bbgoogle\u00a0\u00bb align=\u00a0\u00bbcenter\u00a0\u00bb]S\u00e9ries CL-830B pour d\u00e9biteuses[\/mk_fancy_title][mk_padding_divider size=\u00a0\u00bb60&Prime;][vc_row_inner attached=\u00a0\u00bbtrue\u00a0\u00bb][vc_column_inner width=\u00a0\u00bb2\/3&Prime;][vc_column_text css=\u00a0\u00bb.vc_custom_1662666497724{margin-bottom: 0px !important;}\u00a0\u00bb]\n<h2>Laser rouge CL-830B pour les d\u00e9biteuses<\/h2>\n<p><span style=\"text-align: justify; display: block;\">Le CL 830B rouge est configur\u00e9 uniquement pour les d\u00e9biteuses \/ scies \u00e0 pont. Avec une <strong>puissance laser de 30 mW<\/strong>, c&rsquo;est le laser rouge le plus puissant disponible sur le march\u00e9 aujourd&rsquo;hui, il est donc visible sur toutes les couleurs. Il est livr\u00e9 avec un support facile \u00e0 installer (<a href=\"\/options-fixation\/#ce-hps-800\">CE-HPS-800<\/a>) simple \u00e0 configurer. Sa construction robuste et sa lentille prot\u00e9g\u00e9e scell\u00e9e garantissent qu&rsquo;il r\u00e9sistera aux conditions difficiles pr\u00e9sentes dans la plupart des ateliers de traitement de la pierre.<br \/>\n<\/span><\/p>\n<p><span style=\"text-align: justify; display: block;\">Le CL 830B est aliment\u00e9 \u00e0 la fois par 110 et 220, il s&rsquo;adaptera donc \u00e0 la plupart des scies \u00e0 pont. Presque toutes les configurations d&rsquo;alimentation possibles sont propos\u00e9es, sans frais suppl\u00e9mentaires dans la plupart des cas. Comme avec tous les lasers de la s\u00e9rie CL-800, le CL-830B est prot\u00e9g\u00e9 par la meilleure garantie (2 ans) et le meilleur service. Pour les situations de montage \u00e0 plat, vous pouvez utiliser notre <a href=\"\/options-fixation\/#ce-305-bracket\">support standard CE-305<\/a>.<\/span>[\/vc_column_text][vc_single_image image=\u00a0\u00bb356&Prime; img_size=\u00a0\u00bbfull\u00a0\u00bb alignment=\u00a0\u00bbcenter\u00a0\u00bb][vc_column_text css=\u00a0\u00bb.vc_custom_1662666791259{margin-bottom: 0px !important;}\u00a0\u00bb]\n<h2>Laser vert GL-815B pour les d\u00e9biteuses<\/h2>\n<p><span style=\"text-align: justify; display: block;\">Le <strong>GL-815B vert<\/strong> est le plus r\u00e9cent ajout \u00e0 notre gamme de produits. Il est \u00e9galement configur\u00e9 pour les applications de scie \u00e0 pont. Avec une <strong>puissance laser de 15 mW<\/strong>, c&rsquo;est le laser le plus puissant disponible pour les d\u00e9biteuses. Il est visible m\u00eame sur les couleurs les plus sombres et dans les environnements les plus lumineux.<\/span><\/p>\n<p><span style=\"text-align: justify; display: block;\">Il est livr\u00e9 avec un support facile \u00e0 installer (<a href=\"\/options-fixation\/#ce-hps-800\">CE-HPS-800<\/a>) et simple \u00e0 configurer. Sa construction robuste et sa lentille prot\u00e9g\u00e9e scell\u00e9e garantissent qu&rsquo;il r\u00e9sistera aux conditions difficiles pr\u00e9sentes dans la plupart des ateliers de traitement de la pierre.<\/span><\/p>\n<p><span style=\"text-align: justify; display: block;\">Le GL 815B est aliment\u00e9 \u00e0 la fois en 110 V et 220 V, il s&rsquo;adaptera donc \u00e0 la plupart des scies \u00e0 pont. Presque toutes les configurations d&rsquo;alimentation possibles sont propos\u00e9es sans frais suppl\u00e9mentaires. Le GL 815B est prot\u00e9g\u00e9 par une garantie d&rsquo;un an et le service in\u00e9gal\u00e9 de Cemar Electro.<\/span>[\/vc_column_text][vc_single_image image=\u00a0\u00bb382&Prime; img_size=\u00a0\u00bbfull\u00a0\u00bb alignment=\u00a0\u00bbcenter\u00a0\u00bb][mk_table]\n<table style=\"font-size: 80%; font-weight: 500;\">\n<thead>\n<tr>\n<th><\/th>\n<th>Puissance optique<\/th>\n<th>Longueur de ligne<\/th>\n<th>Largeur de ligne\/Dimension du point<\/th>\n<th>Longueur d&rsquo;onde<\/th>\n<th>Couleur<\/th>\n<\/tr>\n<\/thead>\n<tbody>\n<tr>\n<td>CL-830 B<\/td>\n<td>30 mW<\/td>\n<td>5m (16 pieds)<\/td>\n<td>1mm @ 3m distance (0.04&Prime; @ 10 pieds)<\/td>\n<td>635 nm<\/td>\n<td>Rouge<\/td>\n<\/tr>\n<tr>\n<td>GL-815 B<\/td>\n<td>15 mW<\/td>\n<td>5m (16 pieds)<\/td>\n<td>1mm @ 3m distance (0.04&Prime; @ 10 pieds)<\/td>\n<td>532 nm<\/td>\n<td>Vert<\/td>\n<\/tr>\n<\/tbody>\n<\/table>\n[\/mk_table][vc_column_text css=\u00a0\u00bb.vc_custom_1662666897595{margin-bottom: 0px !important;}\u00a0\u00bb]<strong>Alimentation \u00e9lectrique:<\/strong> 90~240VAC 9~35<br \/>\n<strong>Consommation d&rsquo;\u00e9nergie CC:<\/strong> 1 Watt max.<br \/>\n<strong>Temp\u00e9rature de fonctionnement:<\/strong> -10\u00b0~40\u00b0C 14\u00b0~100\u00b0F[\/vc_column_text][\/vc_column_inner][vc_column_inner width=\u00a0\u00bb1\/3&Prime; css=\u00a0\u00bb.vc_custom_1612466126233{margin-left: 15px !important;}\u00a0\u00bb][vc_column_text css=\u00a0\u00bb.vc_custom_1662666913226{margin-bottom: 0px !important;}\u00a0\u00bb]\n<h3>Optiques disponibles<\/h3>\n[\/vc_column_text][vc_single_image image=\u00a0\u00bb490&Prime; img_size=\u00a0\u00bbfull\u00a0\u00bb][vc_column_text css=\u00a0\u00bb.vc_custom_1662666923062{margin-bottom: 0px !important;}\u00a0\u00bb]\n<h3>Homologations<\/h3>\n[\/vc_column_text][vc_single_image image=\u00a0\u00bb418&Prime; img_size=\u00a0\u00bbfull\u00a0\u00bb][vc_single_image image=\u00a0\u00bb362&Prime; img_size=\u00a0\u00bbfull\u00a0\u00bb][mk_button dimension=\u00a0\u00bbflat\u00a0\u00bb size=\u00a0\u00bbmedium\u00a0\u00bb url=\u00a0\u00bbhttps:\/\/cemarelectro.com\/wp-content\/uploads\/cl-830-final.pdf\u00a0\u00bb target=\u00a0\u00bb_blank\u00a0\u00bb align=\u00a0\u00bbcenter\u00a0\u00bb fullwidth=\u00a0\u00bbtrue\u00a0\u00bb margin_right=\u00a0\u00bb0&Prime; animation=\u00a0\u00bbscale-up\u00a0\u00bb bg_color=\u00a0\u00bb#0070ac\u00a0\u00bb]T\u00e9l\u00e9chargez la brochure (anglais)[\/mk_button][mk_button dimension=\u00a0\u00bbflat\u00a0\u00bb size=\u00a0\u00bbmedium\u00a0\u00bb url=\u00a0\u00bb\/fr\/options-fixation\/\u00a0\u00bb align=\u00a0\u00bbcenter\u00a0\u00bb fullwidth=\u00a0\u00bbtrue\u00a0\u00bb margin_right=\u00a0\u00bb0&Prime; animation=\u00a0\u00bbscale-up\u00a0\u00bb bg_color=\u00a0\u00bb#0070ac\u00a0\u00bb]Voir les options de fixation[\/mk_button][mk_button dimension=\u00a0\u00bbflat\u00a0\u00bb size=\u00a0\u00bbmedium\u00a0\u00bb url=\u00a0\u00bb\/fr\/soumission\/\u00a0\u00bb target=\u00a0\u00bb_blank\u00a0\u00bb align=\u00a0\u00bbcenter\u00a0\u00bb fullwidth=\u00a0\u00bbtrue\u00a0\u00bb margin_right=\u00a0\u00bb0&Prime; animation=\u00a0\u00bbscale-up\u00a0\u00bb]Demande de soumission[\/mk_button][\/vc_column_inner][\/vc_row_inner][mk_padding_divider size=\u00a0\u00bb100&Prime;][\/vc_column][\/mk_page_section][mk_page_section bg_color=\u00a0\u00bb#0070ac\u00a0\u00bb min_height=\u00a0\u00bb10&Prime; full_width=\u00a0\u00bbtrue\u00a0\u00bb padding_top=\u00a0\u00bb0&Prime; padding_bottom=\u00a0\u00bb0&Prime; sidebar=\u00a0\u00bbsidebar-1&Prime;][vc_column][\/vc_column][\/mk_page_section][mk_page_section bg_color=\u00a0\u00bb#ffffff\u00a0\u00bb padding_top=\u00a0\u00bb90&Prime; padding_bottom=\u00a0\u00bb90&Prime; sidebar=\u00a0\u00bbsidebar-1&Prime;][vc_column][vc_row_inner][vc_column_inner][vc_column_text css=\u00a0\u00bb.vc_custom_1662666989827{margin-bottom: 0px !important;}\u00a0\u00bb]\n<h2>Cemarline Powershift\u2122<\/h2>\n<p><span style=\"text-align: justify; display: block;\">L&rsquo;\u00e9quipe de R &amp; D de Cemar Electro a d\u00e9velopp\u00e9 Powershift\u2122, une technique permettant d&rsquo;obtenir une ligne plus uniforme \u00e0 partir de lasers mont\u00e9s en angle. Utilis\u00e9 avec notre lentille lin\u00e9aire brevet\u00e9e, nous sommes en mesure de d\u00e9placer une partie de la puissance du laser pour maintenir l&rsquo;intensit\u00e9 sur toute la longueur de la ligne.<\/span>[\/vc_column_text][\/vc_column_inner][\/vc_row_inner][vc_row_inner][vc_column_inner width=\u00a0\u00bb1\/2&Prime;][vc_column_text css=\u00a0\u00bb.vc_custom_1662667000526{margin-bottom: 0px !important;}\u00a0\u00bb]\n<h3>Intensit\u00e9 de ligne non uniforme<\/h3>\n<p><span style=\"text-align: justify; display: block;\">D&rsquo;autres lasers utilisent des optiques cylindriques et une lentille en \u00e9ventail pour diffuser la lumi\u00e8re. Cela cr\u00e9e une ligne qui est brillante au milieu mais qui s&rsquo;estompe aux extr\u00e9mit\u00e9s:<\/span>[\/vc_column_text][vc_single_image image=\u00a0\u00bb376&Prime; img_size=\u00a0\u00bbfull\u00a0\u00bb alignment=\u00a0\u00bbcenter\u00a0\u00bb][vc_column_text css=\u00a0\u00bb.vc_custom_1662667010027{margin-bottom: 0px !important;}\u00a0\u00bb]<span style=\"text-align: justify; display: block;\">Lorsque les lasers mont\u00e9s en angle utilisent une lentille en \u00e9ventail pour diffuser la lumi\u00e8re sur la longueur de la ligne, celle-ci perd de son intensit\u00e9 et s&rsquo;estompe au fur et \u00e0 mesure qu&rsquo;elle s&rsquo;\u00e9tend vers l&rsquo;ext\u00e9rieur.<\/span>[\/vc_column_text][vc_single_image image=\u00a0\u00bb374&Prime; img_size=\u00a0\u00bbfull\u00a0\u00bb alignment=\u00a0\u00bbcenter\u00a0\u00bb][\/vc_column_inner][vc_column_inner width=\u00a0\u00bb1\/2&Prime;][vc_column_text css=\u00a0\u00bb.vc_custom_1662667021827{margin-bottom: 0px !important;}\u00a0\u00bb]\n<h3>Cemarline Powershift\u2122<\/h3>\n<p><span style=\"text-align: justify; display: block;\">Avec la lentille lin\u00e9aire brevet\u00e9e de Cemar Electro, la lumi\u00e8re projet\u00e9e est r\u00e9partie uniform\u00e9ment sur toute la longueur de la ligne:<\/span>[\/vc_column_text][vc_single_image image=\u00a0\u00bb396&Prime; img_size=\u00a0\u00bbfull\u00a0\u00bb alignment=\u00a0\u00bbcenter\u00a0\u00bb][vc_column_text css=\u00a0\u00bb.vc_custom_1662667032426{margin-bottom: 0px !important;}\u00a0\u00bb]<span style=\"text-align: justify; display: block;\">Avec <strong>Cemarline Powershift\u2122<\/strong>, la puissance du laser est l\u00e9g\u00e8rement d\u00e9cal\u00e9e vers l&rsquo;extr\u00e9mit\u00e9 de la ligne d\u00e9livrant une ligne claire et \u00e9quilibr\u00e9e du d\u00e9but \u00e0 la fin.<\/span>[\/vc_column_text][vc_single_image image=\u00a0\u00bb394&Prime; img_size=\u00a0\u00bbfull\u00a0\u00bb alignment=\u00a0\u00bbcenter\u00a0\u00bb][\/vc_column_inner][\/vc_row_inner][\/vc_column][\/mk_page_section][mk_page_section bg_color=\u00a0\u00bb#0070ac\u00a0\u00bb video_color_mask=\u00a0\u00bb#000000&Prime; video_opacity=\u00a0\u00bb0&Prime; sidebar=\u00a0\u00bbsidebar-1&Prime;][vc_column][mk_padding_divider size=\u00a0\u00bb170&Prime;][vc_row_inner][vc_column_inner width=\u00a0\u00bb1\/12&Prime;][\/vc_column_inner][vc_column_inner width=\u00a0\u00bb10\/12&Prime;][mk_fancy_title tag_name=\u00a0\u00bbh3&Prime; color=\u00a0\u00bb#ffffff\u00a0\u00bb size=\u00a0\u00bb60&Prime; force_font_size=\u00a0\u00bbtrue\u00a0\u00bb size_tablet=\u00a0\u00bb35&Prime; size_phone=\u00a0\u00bb25&Prime; font_weight=\u00a0\u00bb400&Prime; txt_transform=\u00a0\u00bbuppercase\u00a0\u00bb font_family=\u00a0\u00bbMontserrat\u00a0\u00bb font_type=\u00a0\u00bbgoogle\u00a0\u00bb align=\u00a0\u00bbcenter\u00a0\u00bb]En savoir plus[\/mk_fancy_title][\/vc_column_inner][vc_column_inner width=\u00a0\u00bb1\/12&Prime;][\/vc_column_inner][\/vc_row_inner][mk_padding_divider size=\u00a0\u00bb30&Prime;][vc_row_inner css=\u00a0\u00bb.vc_custom_1612445087891{padding-right: 30px !important;padding-left: 30px !important;}\u00a0\u00bb][vc_column_inner width=\u00a0\u00bb1\/6&Prime;][\/vc_column_inner][vc_column_inner width=\u00a0\u00bb1\/3&Prime;][mk_button dimension=\u00a0\u00bbflat\u00a0\u00bb size=\u00a0\u00bblarge\u00a0\u00bb url=\u00a0\u00bb\/fr\/contactez-nous\/\u00a0\u00bb align=\u00a0\u00bbcenter\u00a0\u00bb margin_right=\u00a0\u00bb0&Prime; animation=\u00a0\u00bbscale-up\u00a0\u00bb]Questions[\/mk_button][\/vc_column_inner][vc_column_inner width=\u00a0\u00bb1\/3&Prime;][mk_button dimension=\u00a0\u00bbflat\u00a0\u00bb size=\u00a0\u00bblarge\u00a0\u00bb url=\u00a0\u00bb\/fr\/soumission\/\u00a0\u00bb align=\u00a0\u00bbcenter\u00a0\u00bb margin_right=\u00a0\u00bb0&Prime; animation=\u00a0\u00bbscale-up\u00a0\u00bb]Soumission[\/mk_button][\/vc_column_inner][vc_column_inner width=\u00a0\u00bb1\/6&Prime;][\/vc_column_inner][\/vc_row_inner][mk_padding_divider size=\u00a0\u00bb140&Prime;][\/vc_column][\/mk_page_section]\n<\/div>","protected":false},"excerpt":{"rendered":"<p>[mk_page_section bg_image=\u00a0\u00bbhttp:\/\/cemarelectro.com\/wp-content\/uploads\/pattern-bg.jpg\u00a0\u00bb padding_top=\u00a0\u00bb0&Prime; padding_bottom=\u00a0\u00bb0&Prime; sidebar=\u00a0\u00bbsidebar-1&Prime;][vc_column][mk_padding_divider size=\u00a0\u00bb140&Prime;][mk_fancy_title color=\u00a0\u00bb#707070&Prime; size=\u00a0\u00bb16&Prime; font_weight=\u00a0\u00bb400&Prime; txt_transform=\u00a0\u00bbuppercase\u00a0\u00bb letter_spacing=\u00a0\u00bb4&Prime; margin_bottom=\u00a0\u00bb0&Prime; font_family=\u00a0\u00bbMontserrat\u00a0\u00bb font_type=\u00a0\u00bbgoogle\u00a0\u00bb align=\u00a0\u00bbcenter\u00a0\u00bb]Le laser le plus puissant pour les applications de scies \u00e0 pont[\/mk_fancy_title][mk_fancy_title tag_name=\u00a0\u00bbh1&Prime; size=\u00a0\u00bb48&Prime; force_font_size=\u00a0\u00bbtrue\u00a0\u00bb size_tablet=\u00a0\u00bb30&Prime; size_phone=\u00a0\u00bb20&Prime; line_height=\u00a0\u00bb90&Prime; font_weight=\u00a0\u00bbbold\u00a0\u00bb txt_transform=\u00a0\u00bbuppercase\u00a0\u00bb margin_bottom=\u00a0\u00bb0&Prime; font_family=\u00a0\u00bbMontserrat\u00a0\u00bb font_type=\u00a0\u00bbgoogle\u00a0\u00bb align=\u00a0\u00bbcenter\u00a0\u00bb]S\u00e9ries CL-830B pour d\u00e9biteuses[\/mk_fancy_title][mk_padding_divider size=\u00a0\u00bb60&Prime;][vc_row_inner attached=\u00a0\u00bbtrue\u00a0\u00bb][vc_column_inner width=\u00a0\u00bb2\/3&Prime;][vc_column_text css=\u00a0\u00bb.vc_custom_1662666497724{margin-bottom: 0px !important;}\u00a0\u00bb] Laser rouge CL-830B pour les d\u00e9biteuses Le CL [&hellip;]<\/p>\n","protected":false},"author":3,"featured_media":0,"parent":0,"menu_order":0,"comment_status":"closed","ping_status":"closed","template":"","meta":{"footnotes":""},"class_list":["post-1198","page","type-page","status-publish","hentry"],"yoast_head":"<!-- This site is optimized with the Yoast SEO plugin v27.4 - https:\/\/yoast.com\/product\/yoast-seo-wordpress\/ -->\n<title>Laser CL-830B - S\u00e9ries D\u00e9biteuses \/ Fraises \u00e0 pont | Cemar Electro<\/title>\n<meta name=\"description\" content=\"D\u00e9couvrez les lasers les plus puissants disponible pour d\u00e9biteuses \/ fraises \u00e0 pont, visibles sur toutes les couleurs.\" \/>\n<meta name=\"robots\" content=\"index, follow, max-snippet:-1, max-image-preview:large, max-video-preview:-1\" \/>\n<link rel=\"canonical\" href=\"https:\/\/cemarelectro.com\/fr\/series-debiteuses\/\" \/>\n<meta property=\"og:locale\" content=\"fr_CA\" \/>\n<meta property=\"og:type\" content=\"article\" \/>\n<meta property=\"og:title\" content=\"Laser CL-830B - S\u00e9ries D\u00e9biteuses \/ Fraises \u00e0 pont | Cemar Electro\" \/>\n<meta property=\"og:description\" content=\"D\u00e9couvrez les lasers les plus puissants disponible pour d\u00e9biteuses \/ fraises \u00e0 pont, visibles sur toutes les couleurs.\" \/>\n<meta property=\"og:url\" content=\"https:\/\/cemarelectro.com\/fr\/series-debiteuses\/\" \/>\n<meta property=\"og:site_name\" content=\"Cemar Electro Inc.\" \/>\n<meta property=\"article:modified_time\" content=\"2022-11-25T19:37:53+00:00\" \/>\n<meta name=\"twitter:card\" content=\"summary_large_image\" \/>\n<meta name=\"twitter:label1\" content=\"Estimation du temps de lecture\" \/>\n\t<meta name=\"twitter:data1\" content=\"4 minutes\" \/>\n<script type=\"application\/ld+json\" class=\"yoast-schema-graph\">{\"@context\":\"https:\\\/\\\/schema.org\",\"@graph\":[{\"@type\":\"WebPage\",\"@id\":\"https:\\\/\\\/cemarelectro.com\\\/fr\\\/series-debiteuses\\\/\",\"url\":\"https:\\\/\\\/cemarelectro.com\\\/fr\\\/series-debiteuses\\\/\",\"name\":\"Laser CL-830B - S\u00e9ries D\u00e9biteuses \\\/ Fraises \u00e0 pont | Cemar Electro\",\"isPartOf\":{\"@id\":\"https:\\\/\\\/cemarelectro.com\\\/fr\\\/#website\"},\"datePublished\":\"2021-10-12T01:45:20+00:00\",\"dateModified\":\"2022-11-25T19:37:53+00:00\",\"description\":\"D\u00e9couvrez les lasers les plus puissants disponible pour d\u00e9biteuses \\\/ fraises \u00e0 pont, visibles sur toutes les couleurs.\",\"breadcrumb\":{\"@id\":\"https:\\\/\\\/cemarelectro.com\\\/fr\\\/series-debiteuses\\\/#breadcrumb\"},\"inLanguage\":\"fr-CA\",\"potentialAction\":[{\"@type\":\"ReadAction\",\"target\":[\"https:\\\/\\\/cemarelectro.com\\\/fr\\\/series-debiteuses\\\/\"]}]},{\"@type\":\"BreadcrumbList\",\"@id\":\"https:\\\/\\\/cemarelectro.com\\\/fr\\\/series-debiteuses\\\/#breadcrumb\",\"itemListElement\":[{\"@type\":\"ListItem\",\"position\":1,\"name\":\"Home\",\"item\":\"https:\\\/\\\/cemarelectro.com\\\/fr\\\/\"},{\"@type\":\"ListItem\",\"position\":2,\"name\":\"S\u00e9ries D\u00e9biteuses \\\/ Fraises \u00e0 pont\"}]},{\"@type\":\"WebSite\",\"@id\":\"https:\\\/\\\/cemarelectro.com\\\/fr\\\/#website\",\"url\":\"https:\\\/\\\/cemarelectro.com\\\/fr\\\/\",\"name\":\"Cemar Electro Inc.\",\"description\":\"\",\"potentialAction\":[{\"@type\":\"SearchAction\",\"target\":{\"@type\":\"EntryPoint\",\"urlTemplate\":\"https:\\\/\\\/cemarelectro.com\\\/fr\\\/?s={search_term_string}\"},\"query-input\":{\"@type\":\"PropertyValueSpecification\",\"valueRequired\":true,\"valueName\":\"search_term_string\"}}],\"inLanguage\":\"fr-CA\"}]}<\/script>\n<!-- \/ Yoast SEO plugin. -->","yoast_head_json":{"title":"Laser CL-830B - S\u00e9ries D\u00e9biteuses \/ Fraises \u00e0 pont | Cemar Electro","description":"D\u00e9couvrez les lasers les plus puissants disponible pour d\u00e9biteuses \/ fraises \u00e0 pont, visibles sur toutes les couleurs.","robots":{"index":"index","follow":"follow","max-snippet":"max-snippet:-1","max-image-preview":"max-image-preview:large","max-video-preview":"max-video-preview:-1"},"canonical":"https:\/\/cemarelectro.com\/fr\/series-debiteuses\/","og_locale":"fr_CA","og_type":"article","og_title":"Laser CL-830B - S\u00e9ries D\u00e9biteuses \/ Fraises \u00e0 pont | Cemar Electro","og_description":"D\u00e9couvrez les lasers les plus puissants disponible pour d\u00e9biteuses \/ fraises \u00e0 pont, visibles sur toutes les couleurs.","og_url":"https:\/\/cemarelectro.com\/fr\/series-debiteuses\/","og_site_name":"Cemar Electro Inc.","article_modified_time":"2022-11-25T19:37:53+00:00","twitter_card":"summary_large_image","twitter_misc":{"Estimation du temps de lecture":"4 minutes"},"schema":{"@context":"https:\/\/schema.org","@graph":[{"@type":"WebPage","@id":"https:\/\/cemarelectro.com\/fr\/series-debiteuses\/","url":"https:\/\/cemarelectro.com\/fr\/series-debiteuses\/","name":"Laser CL-830B - S\u00e9ries D\u00e9biteuses \/ Fraises \u00e0 pont | Cemar Electro","isPartOf":{"@id":"https:\/\/cemarelectro.com\/fr\/#website"},"datePublished":"2021-10-12T01:45:20+00:00","dateModified":"2022-11-25T19:37:53+00:00","description":"D\u00e9couvrez les lasers les plus puissants disponible pour d\u00e9biteuses \/ fraises \u00e0 pont, visibles sur toutes les couleurs.","breadcrumb":{"@id":"https:\/\/cemarelectro.com\/fr\/series-debiteuses\/#breadcrumb"},"inLanguage":"fr-CA","potentialAction":[{"@type":"ReadAction","target":["https:\/\/cemarelectro.com\/fr\/series-debiteuses\/"]}]},{"@type":"BreadcrumbList","@id":"https:\/\/cemarelectro.com\/fr\/series-debiteuses\/#breadcrumb","itemListElement":[{"@type":"ListItem","position":1,"name":"Home","item":"https:\/\/cemarelectro.com\/fr\/"},{"@type":"ListItem","position":2,"name":"S\u00e9ries D\u00e9biteuses \/ Fraises \u00e0 pont"}]},{"@type":"WebSite","@id":"https:\/\/cemarelectro.com\/fr\/#website","url":"https:\/\/cemarelectro.com\/fr\/","name":"Cemar Electro Inc.","description":"","potentialAction":[{"@type":"SearchAction","target":{"@type":"EntryPoint","urlTemplate":"https:\/\/cemarelectro.com\/fr\/?s={search_term_string}"},"query-input":{"@type":"PropertyValueSpecification","valueRequired":true,"valueName":"search_term_string"}}],"inLanguage":"fr-CA"}]}},"_links":{"self":[{"href":"https:\/\/cemarelectro.com\/fr\/wp-json\/wp\/v2\/pages\/1198","targetHints":{"allow":["GET"]}}],"collection":[{"href":"https:\/\/cemarelectro.com\/fr\/wp-json\/wp\/v2\/pages"}],"about":[{"href":"https:\/\/cemarelectro.com\/fr\/wp-json\/wp\/v2\/types\/page"}],"author":[{"embeddable":true,"href":"https:\/\/cemarelectro.com\/fr\/wp-json\/wp\/v2\/users\/3"}],"replies":[{"embeddable":true,"href":"https:\/\/cemarelectro.com\/fr\/wp-json\/wp\/v2\/comments?post=1198"}],"version-history":[{"count":3,"href":"https:\/\/cemarelectro.com\/fr\/wp-json\/wp\/v2\/pages\/1198\/revisions"}],"predecessor-version":[{"id":1390,"href":"https:\/\/cemarelectro.com\/fr\/wp-json\/wp\/v2\/pages\/1198\/revisions\/1390"}],"wp:attachment":[{"href":"https:\/\/cemarelectro.com\/fr\/wp-json\/wp\/v2\/media?parent=1198"}],"curies":[{"name":"wp","href":"https:\/\/api.w.org\/{rel}","templated":true}]}}