{"id":1318,"date":"2021-02-04T07:51:26","date_gmt":"2021-02-04T12:51:26","guid":{"rendered":"https:\/\/cemarelectro.com\/about-us\/"},"modified":"2022-11-25T14:28:52","modified_gmt":"2022-11-25T19:28:52","slug":"a-propos","status":"publish","type":"page","link":"https:\/\/cemarelectro.com\/fr\/a-propos\/","title":{"rendered":"\u00c0 propos"},"content":{"rendered":"<div class=\"wpb-content-wrapper\">[mk_page_section bg_image=\u00a0\u00bbhttp:\/\/cemarelectro.com\/wp-content\/uploads\/red-laser-opt.jpg\u00a0\u00bb bg_position=\u00a0\u00bbcenter center\u00a0\u00bb bg_repeat=\u00a0\u00bbno-repeat\u00a0\u00bb bg_stretch=\u00a0\u00bbtrue\u00a0\u00bb video_color_mask=\u00a0\u00bbrgba(0,0,0,0.7)\u00a0\u00bb video_opacity=\u00a0\u00bb0.25&Prime; padding_top=\u00a0\u00bb200&Prime; padding_bottom=\u00a0\u00bb200&Prime; sidebar=\u00a0\u00bbsidebar-1&Prime;][vc_column width=\u00a0\u00bb1\/12&Prime;][\/vc_column][vc_column width=\u00a0\u00bb5\/6&Prime;][mk_padding_divider size=\u00a0\u00bb60&Prime; visibility=\u00a0\u00bbhidden-sm\u00a0\u00bb][mk_fancy_title color=\u00a0\u00bb#ffffff\u00a0\u00bb size=\u00a0\u00bb30&Prime; force_font_size=\u00a0\u00bbtrue\u00a0\u00bb size_tablet=\u00a0\u00bb25&Prime; size_phone=\u00a0\u00bb22&Prime; font_weight=\u00a0\u00bb400&Prime; txt_transform=\u00a0\u00bbuppercase\u00a0\u00bb margin_bottom=\u00a0\u00bb0&Prime; font_family=\u00a0\u00bbMontserrat\u00a0\u00bb font_type=\u00a0\u00bbgoogle\u00a0\u00bb align=\u00a0\u00bbcenter\u00a0\u00bb drop_shadow=\u00a0\u00bbtrue\u00a0\u00bb shadow_angle=\u00a0\u00bb0&Prime; shadow_distance=\u00a0\u00bb0&Prime;]\u00c0 propos de Cemar Electro Inc.[\/mk_fancy_title][mk_fancy_title tag_name=\u00a0\u00bbh1&Prime; color=\u00a0\u00bb#ffffff\u00a0\u00bb size=\u00a0\u00bb50&Prime; force_font_size=\u00a0\u00bbtrue\u00a0\u00bb size_tablet=\u00a0\u00bb40&Prime; size_phone=\u00a0\u00bb32&Prime; font_weight=\u00a0\u00bbbold\u00a0\u00bb txt_transform=\u00a0\u00bbuppercase\u00a0\u00bb margin_bottom=\u00a0\u00bb0&Prime; font_family=\u00a0\u00bbMontserrat\u00a0\u00bb font_type=\u00a0\u00bbgoogle\u00a0\u00bb align=\u00a0\u00bbcenter\u00a0\u00bb drop_shadow=\u00a0\u00bbtrue\u00a0\u00bb shadow_angle=\u00a0\u00bb0&Prime; shadow_distance=\u00a0\u00bb0&Prime;]<span style=\"font-weight: 400;\">Leader mondial et innovateur en technologie laser<\/span>[\/mk_fancy_title][mk_button dimension=\u00a0\u00bbflat\u00a0\u00bb size=\u00a0\u00bblarge\u00a0\u00bb url=\u00a0\u00bb\/fr\/soumission\/\u00a0\u00bb align=\u00a0\u00bbcenter\u00a0\u00bb margin_right=\u00a0\u00bb0&Prime;]Demander une soumission[\/mk_button][\/vc_column][vc_column width=\u00a0\u00bb1\/12&Prime;][\/vc_column][\/mk_page_section][vc_row fullwidth=\u00a0\u00bbtrue\u00a0\u00bb][vc_column][mk_divider style=\u00a0\u00bbthin_solid\u00a0\u00bb thin_single_color=\u00a0\u00bb#0070ac\u00a0\u00bb thickness=\u00a0\u00bb10&Prime; margin_top=\u00a0\u00bb0&Prime; margin_bottom=\u00a0\u00bb0&Prime;][\/vc_column][\/vc_row][mk_page_section bg_image=\u00a0\u00bbhttp:\/\/cemarelectro.com\/wp-content\/uploads\/pattern-bg.jpg\u00a0\u00bb sidebar=\u00a0\u00bbsidebar-1&Prime;][vc_column][mk_padding_divider size=\u00a0\u00bb140&Prime;][vc_row_inner attached=\u00a0\u00bbtrue\u00a0\u00bb][vc_column_inner][vc_column_text align=\u00a0\u00bbcenter\u00a0\u00bb css=\u00a0\u00bb.vc_custom_1669226776319{margin-bottom: 0px !important;}\u00a0\u00bb]Depuis plus de 40 ans, Cemar Electro Inc. est un leader mondial et un innovateur en technologie laser. Depuis des d\u00e9buts modestes avec le d\u00e9veloppement de lentilles g\u00e9n\u00e9ratrices de ligne, nous avons continu\u00e9 \u00e0 cro\u00eetre, r\u00e9volutionnant le march\u00e9 des g\u00e9n\u00e9rateurs de rayons laser. Nous offrons une qualit\u00e9 et une int\u00e9grit\u00e9 de lignes laser jamais vues auparavant, ce qui a ouvert la porte \u00e0 une multitude de possibilit\u00e9s et ainsi nous sommes devenus une force mondiale dans la technologie de rayon laser. Nous proposons \u00e9galement de nombreux autres produits laser uniques pour une large gamme d&rsquo;applications afin de r\u00e9pondre aux besoins de chacun.[\/vc_column_text][\/vc_column_inner][\/vc_row_inner][mk_padding_divider size=\u00a0\u00bb100&Prime;][\/vc_column][\/mk_page_section][mk_page_section bg_color=\u00a0\u00bb#f1f1f1&Prime; sidebar=\u00a0\u00bbsidebar-1&Prime;][vc_column][mk_padding_divider size=\u00a0\u00bb140&Prime;][vc_column_text disable_pattern=\u00a0\u00bbfalse\u00a0\u00bb align=\u00a0\u00bbcenter\u00a0\u00bb margin_bottom=\u00a0\u00bb20&Prime; css=\u00a0\u00bb.vc_custom_1669226791818{margin-bottom: 20px !important;}\u00a0\u00bb]\n<div style=\"letter-spacing: 4px; text-transform: uppercase;\">Pionnier dans la technologie de la ligne laser<\/div>\n[\/vc_column_text][vc_row_inner][vc_column_inner][mk_fancy_title color=\u00a0\u00bb#0070ac\u00a0\u00bb size=\u00a0\u00bb40&Prime; force_font_size=\u00a0\u00bbtrue\u00a0\u00bb size_tablet=\u00a0\u00bb35&Prime; size_phone=\u00a0\u00bb25&Prime; font_weight=\u00a0\u00bb400&Prime; txt_transform=\u00a0\u00bbuppercase\u00a0\u00bb font_family=\u00a0\u00bbMontserrat\u00a0\u00bb font_type=\u00a0\u00bbgoogle\u00a0\u00bb align=\u00a0\u00bbcenter\u00a0\u00bb]Produits et innovations laser uniques[\/mk_fancy_title][\/vc_column_inner][\/vc_row_inner][\/vc_column][\/mk_page_section][mk_page_section bg_color=\u00a0\u00bb#f1f1f1&Prime; bg_position=\u00a0\u00bbcenter center\u00a0\u00bb bg_repeat=\u00a0\u00bbno-repeat\u00a0\u00bb bg_stretch=\u00a0\u00bbtrue\u00a0\u00bb video_opacity=\u00a0\u00bb0&Prime; padding_top=\u00a0\u00bb0&Prime; padding_bottom=\u00a0\u00bb140&Prime; sidebar=\u00a0\u00bbsidebar-1&Prime;][vc_column width=\u00a0\u00bb1\/3&Prime;][mk_padding_divider size=\u00a0\u00bb30&Prime;][mk_fancy_title tag_name=\u00a0\u00bbh3&Prime; size=\u00a0\u00bb36&Prime; force_font_size=\u00a0\u00bbtrue\u00a0\u00bb size_tablet=\u00a0\u00bb30&Prime; size_phone=\u00a0\u00bb20&Prime; line_height=\u00a0\u00bb90&Prime; font_weight=\u00a0\u00bbbold\u00a0\u00bb txt_transform=\u00a0\u00bbuppercase\u00a0\u00bb margin_bottom=\u00a0\u00bb0&Prime; font_family=\u00a0\u00bbMontserrat\u00a0\u00bb font_type=\u00a0\u00bbgoogle\u00a0\u00bb]Innovations[\/mk_fancy_title][vc_column_text css=\u00a0\u00bb.vc_custom_1669227171853{margin-bottom: 0px !important;}\u00a0\u00bb]\n<ul>\n<li style=\"font-weight: 400;\" aria-level=\"1\"><span style=\"font-weight: 400;\">Objectif lin\u00e9aire<\/span><\/li>\n<li style=\"font-weight: 400;\" aria-level=\"1\"><span style=\"font-weight: 400;\">Technologie Power Shift<\/span><span style=\"font-weight: 400;\">TM <\/span><\/li>\n<li style=\"font-weight: 400;\" aria-level=\"1\"><span style=\"font-weight: 400;\">Laser \u00e0 diode \u00e0 l&rsquo;\u00e9tat solide<\/span><\/li>\n<li style=\"font-weight: 400;\" aria-level=\"1\"><span style=\"font-weight: 400;\">Syst\u00e8mes de laser adapt\u00e9s aux environnements extr\u00eames<\/span><\/li>\n<li style=\"font-weight: 400;\" aria-level=\"1\"><span style=\"font-weight: 400;\">Syst\u00e8me de positionnement pr\u00e9cis du v\u00e9hicule<\/span><\/li>\n<li style=\"font-weight: 400;\" aria-level=\"1\"><span style=\"font-weight: 400;\">D\u00e9tection de rupture de fil<\/span><\/li>\n<li style=\"font-weight: 400;\" aria-level=\"1\"><span style=\"font-weight: 400;\">Syst\u00e8me de positionnement des patients de la s\u00e9rie Maxx<\/span><\/li>\n<\/ul>\n[\/vc_column_text][\/vc_column][vc_column width=\u00a0\u00bb2\/3&Prime;][mk_custom_box bg_image=\u00a0\u00bbhttp:\/\/cemarelectro.com\/wp-content\/uploads\/cemar-slider-opt.jpg\u00a0\u00bb overlay_color=\u00a0\u00bbrgba(10,10,10,0.33)\u00a0\u00bb bg_stretch=\u00a0\u00bbtrue\u00a0\u00bb][mk_fancy_title tag_name=\u00a0\u00bbh3&Prime; color=\u00a0\u00bb#ffffff\u00a0\u00bb size=\u00a0\u00bb36&Prime; force_font_size=\u00a0\u00bbtrue\u00a0\u00bb size_tablet=\u00a0\u00bb30&Prime; size_phone=\u00a0\u00bb20&Prime; line_height=\u00a0\u00bb90&Prime; font_weight=\u00a0\u00bbbold\u00a0\u00bb txt_transform=\u00a0\u00bbuppercase\u00a0\u00bb margin_bottom=\u00a0\u00bb0&Prime; font_family=\u00a0\u00bbMontserrat\u00a0\u00bb font_type=\u00a0\u00bbgoogle\u00a0\u00bb]Syst\u00e8me de positionnement des patients<br \/>\nde la s\u00e9rie Maxx[\/mk_fancy_title][mk_padding_divider size=\u00a0\u00bb60&Prime;][vc_row_inner css=\u00a0\u00bb.vc_custom_1612442728515{padding-right: 30px !important;}\u00a0\u00bb][vc_column_inner width=\u00a0\u00bb1\/3&Prime;][\/vc_column_inner][vc_column_inner width=\u00a0\u00bb2\/3&Prime; css=\u00a0\u00bb.vc_custom_1612465596319{padding-top: 30px !important;padding-right: 30px !important;padding-bottom: 30px !important;padding-left: 30px !important;background-color: rgba(0,112,172,0.8) !important;*background-color: rgb(0,112,172) !important;}\u00a0\u00bb][vc_column_text css=\u00a0\u00bb.vc_custom_1669227209916{margin-bottom: 0px !important;}\u00a0\u00bb]<span style=\"color: #ffffff;\">Nos syst\u00e8mes laser de positionnement du patient sont fiables et robustes. Ils sont utilis\u00e9s pour l&rsquo;imagerie et les traitements en radio-oncologie. Ils sont actuellement utilis\u00e9s dans de nombreux h\u00f4pitaux et cliniques \u00e0 travers le monde.<\/span>[\/vc_column_text][\/vc_column_inner][\/vc_row_inner][\/mk_custom_box][\/vc_column][\/mk_page_section][mk_page_section bg_image=\u00a0\u00bbhttp:\/\/cemarelectro.com\/wp-content\/uploads\/pattern-bg.jpg\u00a0\u00bb video_opacity=\u00a0\u00bb0&Prime; padding_top=\u00a0\u00bb90&Prime; padding_bottom=\u00a0\u00bb90&Prime; sidebar=\u00a0\u00bbsidebar-1&Prime;][vc_column width=\u00a0\u00bb1\/2&Prime;][vc_column_text css=\u00a0\u00bb.vc_custom_1669404473583{margin-bottom: 0px !important;}\u00a0\u00bb]<strong>Nos activit\u00e9s<\/strong><br \/>\n<span style=\"text-align: justify; display: block;\">Cemar Electro Inc. fournit des lasers d&rsquo;alignement pour les industries du bois, de la pierre, du textile, du m\u00e9tal, du plastique et du papier. Nous offrons une vari\u00e9t\u00e9 de solutions laser pour le placement des produits et des guides pour la manipulation et le positionnement des mat\u00e9riaux. Nous proposons m\u00eame un laser sp\u00e9cialement con\u00e7u pour les environnements extr\u00eames tels que l&rsquo;industrie alimentaire. Notre syst\u00e8me de d\u00e9tection de rupture de fil pour les m\u00e9tiers \u00e0 tisser est devenu la norme mondiale dans l&rsquo;industrie du tissage. <\/span><\/p>\n<p><span style=\"text-align: justify; display: block;\">Nous avons \u00e9galement d\u00e9velopp\u00e9 des syst\u00e8mes d&rsquo;alignement des patients pour les traitements de radio-oncologie qui sont actuellement utilis\u00e9s dans les h\u00f4pitaux du monde entier. <\/span>[\/vc_column_text][\/vc_column][vc_column width=\u00a0\u00bb1\/2&Prime;][vc_column_text css=\u00a0\u00bb.vc_custom_1669227314417{margin-bottom: 0px !important;}\u00a0\u00bb]<strong>Solutions personnalis\u00e9es<\/strong><br \/>\n<span style=\"text-align: justify; display: block;\">Cemar Electro Inc. propose des solutions de conception sur mesure pour des projets et des applications uniques. Notre objectif est de fournir des solutions efficaces et rentables qui s&rsquo;int\u00e8grent facilement aux prototypes existants.<\/span><\/p>\n<p><strong>Notre engagement<\/strong><br \/>\n<span style=\"text-align: justify; display: block;\">Notre fort engagement dans la recherche et le d\u00e9veloppement nous permet de r\u00e9pondre aux besoins de nos clients et de contribuer \u00e0 la cr\u00e9ation de certains des produits laser industriels et m\u00e9dicaux les plus innovants et les plus efficaces sur le march\u00e9 actuel. Notre \u00e9quipe de professionnels d\u00e9vou\u00e9s travaille constamment pour garantir des produits fiables de la plus haute qualit\u00e9.<\/span>[\/vc_column_text][\/vc_column][\/mk_page_section][mk_page_section bg_image=\u00a0\u00bbhttp:\/\/cemarelectro.com\/wp-content\/uploads\/red-laser-opt.jpg\u00a0\u00bb bg_position=\u00a0\u00bbcenter center\u00a0\u00bb bg_repeat=\u00a0\u00bbno-repeat\u00a0\u00bb bg_stretch=\u00a0\u00bbtrue\u00a0\u00bb video_color_mask=\u00a0\u00bbrgba(11,14,31,0.6)\u00a0\u00bb video_opacity=\u00a0\u00bb1&Prime; padding_top=\u00a0\u00bb160&Prime; padding_bottom=\u00a0\u00bb160&Prime; sidebar=\u00a0\u00bbsidebar-1&Prime;][vc_column][mk_padding_divider size=\u00a0\u00bb20&Prime; visibility=\u00a0\u00bbvisible-sm\u00a0\u00bb][mk_fancy_title tag_name=\u00a0\u00bbh3&Prime; color=\u00a0\u00bb#ffffff\u00a0\u00bb size=\u00a0\u00bb48&Prime; force_font_size=\u00a0\u00bbtrue\u00a0\u00bb size_tablet=\u00a0\u00bb30&Prime; size_phone=\u00a0\u00bb20&Prime; line_height=\u00a0\u00bb90&Prime; font_weight=\u00a0\u00bbbold\u00a0\u00bb txt_transform=\u00a0\u00bbuppercase\u00a0\u00bb margin_bottom=\u00a0\u00bb0&Prime; font_family=\u00a0\u00bbMontserrat\u00a0\u00bb font_type=\u00a0\u00bbgoogle\u00a0\u00bb align=\u00a0\u00bbcenter\u00a0\u00bb]<small style=\"text-transform: uppercase; font-weight: normnal; letter spacing: 4px; font-size: 16px; display: inline-block; line-height: 24px;\">Nous sommes fiers de la qualit\u00e9 de nos produits et de nos services. <\/small><br \/>\nD\u00e9couvrez quelques t\u00e9moignages de nos clients[\/mk_fancy_title][mk_padding_divider size=\u00a0\u00bb50&Prime; visibility=\u00a0\u00bbvisible-sm\u00a0\u00bb][vc_row_inner][vc_column_inner][mk_testimonials skin=\u00a0\u00bblight\u00a0\u00bb count=\u00a0\u00bb-1&Prime;][\/vc_column_inner][\/vc_row_inner][\/vc_column][\/mk_page_section][vc_row fullwidth=\u00a0\u00bbtrue\u00a0\u00bb][vc_column][mk_divider style=\u00a0\u00bbthin_solid\u00a0\u00bb thin_single_color=\u00a0\u00bb#0070ac\u00a0\u00bb thickness=\u00a0\u00bb10&Prime; margin_top=\u00a0\u00bb0&Prime; margin_bottom=\u00a0\u00bb0&Prime;][\/vc_column][\/vc_row][mk_page_section bg_image=\u00a0\u00bbhttp:\/\/cemarelectro.com\/wp-content\/uploads\/cemarline-custom-laser-opt.jpg\u00a0\u00bb bg_color=\u00a0\u00bb#0070ac\u00a0\u00bb video_color_mask=\u00a0\u00bb#000000&Prime; video_opacity=\u00a0\u00bb0.54&Prime; sidebar=\u00a0\u00bbsidebar-1&Prime;][vc_column][mk_padding_divider size=\u00a0\u00bb170&Prime;][vc_column_text disable_pattern=\u00a0\u00bbfalse\u00a0\u00bb align=\u00a0\u00bbcenter\u00a0\u00bb css=\u00a0\u00bb.vc_custom_1669227368513{margin-bottom: 0px !important;}\u00a0\u00bb]<span style=\"color: #ffffff; letter-spacing: 4px; text-transform: uppercase;\">Que vous soyez \u00e0 la recherche d&rsquo;un laser m\u00e9dical, industriel ou personnalis\u00e9&#8230;<\/span>[\/vc_column_text][vc_row_inner][vc_column_inner width=\u00a0\u00bb1\/12&Prime;][\/vc_column_inner][vc_column_inner width=\u00a0\u00bb10\/12&Prime;][mk_fancy_title tag_name=\u00a0\u00bbh3&Prime; color=\u00a0\u00bb#ffffff\u00a0\u00bb size=\u00a0\u00bb60&Prime; force_font_size=\u00a0\u00bbtrue\u00a0\u00bb size_tablet=\u00a0\u00bb35&Prime; size_phone=\u00a0\u00bb25&Prime; font_weight=\u00a0\u00bb400&Prime; txt_transform=\u00a0\u00bbuppercase\u00a0\u00bb font_family=\u00a0\u00bbMontserrat\u00a0\u00bb font_type=\u00a0\u00bbgoogle\u00a0\u00bb align=\u00a0\u00bbcenter\u00a0\u00bb]Nous sommes l\u00e0 pour vous aider.[\/mk_fancy_title][vc_column_text align=\u00a0\u00bbcenter\u00a0\u00bb css=\u00a0\u00bb.vc_custom_1669227405128{margin-bottom: 0px !important;}\u00a0\u00bb]<span style=\"color: #ffffff;\">Nous esp\u00e9rons que vous trouverez toutes les informations que vous recherchez sur notre site web. Si vous avez des questions ou si vous avez besoin d&rsquo;aide concernant nos produits, n&rsquo;h\u00e9sitez pas \u00e0 appeler notre service client\u00e8le au <a style=\"color: #ffffff;\" href=\"tel:+18002985273\">1-800-298-5273<\/a>.<\/span>[\/vc_column_text][\/vc_column_inner][vc_column_inner width=\u00a0\u00bb1\/12&Prime;][\/vc_column_inner][\/vc_row_inner][mk_padding_divider size=\u00a0\u00bb30&Prime;][vc_row_inner css=\u00a0\u00bb.vc_custom_1612445087891{padding-right: 30px !important;padding-left: 30px !important;}\u00a0\u00bb][vc_column_inner width=\u00a0\u00bb1\/3&Prime;][mk_button dimension=\u00a0\u00bbflat\u00a0\u00bb size=\u00a0\u00bblarge\u00a0\u00bb url=\u00a0\u00bb\/fr\/laser-medical\/\u00a0\u00bb align=\u00a0\u00bbcenter\u00a0\u00bb margin_right=\u00a0\u00bb0&Prime; animation=\u00a0\u00bbscale-up\u00a0\u00bb]Voir nos laser m\u00e9dicaux[\/mk_button][\/vc_column_inner][vc_column_inner width=\u00a0\u00bb1\/3&Prime;][mk_button dimension=\u00a0\u00bbflat\u00a0\u00bb size=\u00a0\u00bblarge\u00a0\u00bb url=\u00a0\u00bb\/fr\/laser-industriel\/\u00a0\u00bb align=\u00a0\u00bbcenter\u00a0\u00bb margin_right=\u00a0\u00bb0&Prime; animation=\u00a0\u00bbscale-up\u00a0\u00bb]Voir nos laser industriels[\/mk_button][\/vc_column_inner][vc_column_inner width=\u00a0\u00bb1\/3&Prime;][mk_button dimension=\u00a0\u00bbflat\u00a0\u00bb size=\u00a0\u00bblarge\u00a0\u00bb url=\u00a0\u00bb\/fr\/laser-sur-mesure\/\u00a0\u00bb align=\u00a0\u00bbcenter\u00a0\u00bb margin_right=\u00a0\u00bb0&Prime; animation=\u00a0\u00bbscale-up\u00a0\u00bb]Voir nos lasers sur mesure[\/mk_button][\/vc_column_inner][\/vc_row_inner][mk_padding_divider size=\u00a0\u00bb140&Prime;][\/vc_column][\/mk_page_section]\n<\/div>","protected":false},"excerpt":{"rendered":"<p>[mk_page_section bg_image=\u00a0\u00bbhttp:\/\/cemarelectro.com\/wp-content\/uploads\/red-laser-opt.jpg\u00a0\u00bb bg_position=\u00a0\u00bbcenter center\u00a0\u00bb bg_repeat=\u00a0\u00bbno-repeat\u00a0\u00bb bg_stretch=\u00a0\u00bbtrue\u00a0\u00bb video_color_mask=\u00a0\u00bbrgba(0,0,0,0.7)\u00a0\u00bb video_opacity=\u00a0\u00bb0.25&Prime; padding_top=\u00a0\u00bb200&Prime; padding_bottom=\u00a0\u00bb200&Prime; sidebar=\u00a0\u00bbsidebar-1&Prime;][vc_column width=\u00a0\u00bb1\/12&Prime;][\/vc_column][vc_column width=\u00a0\u00bb5\/6&Prime;][mk_padding_divider size=\u00a0\u00bb60&Prime; visibility=\u00a0\u00bbhidden-sm\u00a0\u00bb][mk_fancy_title color=\u00a0\u00bb#ffffff\u00a0\u00bb size=\u00a0\u00bb30&Prime; force_font_size=\u00a0\u00bbtrue\u00a0\u00bb size_tablet=\u00a0\u00bb25&Prime; size_phone=\u00a0\u00bb22&Prime; font_weight=\u00a0\u00bb400&Prime; txt_transform=\u00a0\u00bbuppercase\u00a0\u00bb margin_bottom=\u00a0\u00bb0&Prime; font_family=\u00a0\u00bbMontserrat\u00a0\u00bb font_type=\u00a0\u00bbgoogle\u00a0\u00bb align=\u00a0\u00bbcenter\u00a0\u00bb drop_shadow=\u00a0\u00bbtrue\u00a0\u00bb shadow_angle=\u00a0\u00bb0&Prime; shadow_distance=\u00a0\u00bb0&Prime;]\u00c0 propos de Cemar Electro Inc.[\/mk_fancy_title][mk_fancy_title tag_name=\u00a0\u00bbh1&Prime; color=\u00a0\u00bb#ffffff\u00a0\u00bb size=\u00a0\u00bb50&Prime; force_font_size=\u00a0\u00bbtrue\u00a0\u00bb size_tablet=\u00a0\u00bb40&Prime; size_phone=\u00a0\u00bb32&Prime; font_weight=\u00a0\u00bbbold\u00a0\u00bb txt_transform=\u00a0\u00bbuppercase\u00a0\u00bb margin_bottom=\u00a0\u00bb0&Prime; font_family=\u00a0\u00bbMontserrat\u00a0\u00bb font_type=\u00a0\u00bbgoogle\u00a0\u00bb align=\u00a0\u00bbcenter\u00a0\u00bb drop_shadow=\u00a0\u00bbtrue\u00a0\u00bb shadow_angle=\u00a0\u00bb0&Prime; shadow_distance=\u00a0\u00bb0&Prime;]Leader mondial et innovateur en technologie laser[\/mk_fancy_title][mk_button [&hellip;]<\/p>\n","protected":false},"author":2,"featured_media":0,"parent":0,"menu_order":0,"comment_status":"closed","ping_status":"closed","template":"","meta":{"footnotes":""},"class_list":["post-1318","page","type-page","status-publish","hentry"],"yoast_head":"<!-- This site is optimized with the Yoast SEO plugin v27.4 - https:\/\/yoast.com\/product\/yoast-seo-wordpress\/ -->\n<title>\u00c0 Propos: Notre Histoire, Notre Engagement | Cemar Electro<\/title>\n<meta name=\"description\" content=\"Depuis plus de 40 ans, nous sommes un leader dans le domaine de la technologie laser. D\u00e9couvrez notre vision, nos innovations et t\u00e9moignages.\" \/>\n<meta name=\"robots\" content=\"index, follow, max-snippet:-1, max-image-preview:large, max-video-preview:-1\" \/>\n<link rel=\"canonical\" href=\"https:\/\/cemarelectro.com\/fr\/a-propos\/\" \/>\n<meta property=\"og:locale\" content=\"fr_CA\" \/>\n<meta property=\"og:type\" content=\"article\" \/>\n<meta property=\"og:title\" content=\"\u00c0 Propos: Notre Histoire, Notre Engagement | Cemar Electro\" \/>\n<meta property=\"og:description\" content=\"Depuis plus de 40 ans, nous sommes un leader dans le domaine de la technologie laser. D\u00e9couvrez notre vision, nos innovations et t\u00e9moignages.\" \/>\n<meta property=\"og:url\" content=\"https:\/\/cemarelectro.com\/fr\/a-propos\/\" \/>\n<meta property=\"og:site_name\" content=\"Cemar Electro Inc.\" \/>\n<meta property=\"article:modified_time\" content=\"2022-11-25T19:28:52+00:00\" \/>\n<meta name=\"twitter:card\" content=\"summary_large_image\" \/>\n<meta name=\"twitter:label1\" content=\"Estimation du temps de lecture\" \/>\n\t<meta name=\"twitter:data1\" content=\"4 minutes\" \/>\n<script type=\"application\/ld+json\" class=\"yoast-schema-graph\">{\"@context\":\"https:\\\/\\\/schema.org\",\"@graph\":[{\"@type\":\"WebPage\",\"@id\":\"https:\\\/\\\/cemarelectro.com\\\/fr\\\/a-propos\\\/\",\"url\":\"https:\\\/\\\/cemarelectro.com\\\/fr\\\/a-propos\\\/\",\"name\":\"\u00c0 Propos: Notre Histoire, Notre Engagement | Cemar Electro\",\"isPartOf\":{\"@id\":\"https:\\\/\\\/cemarelectro.com\\\/fr\\\/#website\"},\"datePublished\":\"2021-02-04T12:51:26+00:00\",\"dateModified\":\"2022-11-25T19:28:52+00:00\",\"description\":\"Depuis plus de 40 ans, nous sommes un leader dans le domaine de la technologie laser. D\u00e9couvrez notre vision, nos innovations et t\u00e9moignages.\",\"breadcrumb\":{\"@id\":\"https:\\\/\\\/cemarelectro.com\\\/fr\\\/a-propos\\\/#breadcrumb\"},\"inLanguage\":\"fr-CA\",\"potentialAction\":[{\"@type\":\"ReadAction\",\"target\":[\"https:\\\/\\\/cemarelectro.com\\\/fr\\\/a-propos\\\/\"]}]},{\"@type\":\"BreadcrumbList\",\"@id\":\"https:\\\/\\\/cemarelectro.com\\\/fr\\\/a-propos\\\/#breadcrumb\",\"itemListElement\":[{\"@type\":\"ListItem\",\"position\":1,\"name\":\"Home\",\"item\":\"https:\\\/\\\/cemarelectro.com\\\/fr\\\/\"},{\"@type\":\"ListItem\",\"position\":2,\"name\":\"\u00c0 propos\"}]},{\"@type\":\"WebSite\",\"@id\":\"https:\\\/\\\/cemarelectro.com\\\/fr\\\/#website\",\"url\":\"https:\\\/\\\/cemarelectro.com\\\/fr\\\/\",\"name\":\"Cemar Electro Inc.\",\"description\":\"\",\"potentialAction\":[{\"@type\":\"SearchAction\",\"target\":{\"@type\":\"EntryPoint\",\"urlTemplate\":\"https:\\\/\\\/cemarelectro.com\\\/fr\\\/?s={search_term_string}\"},\"query-input\":{\"@type\":\"PropertyValueSpecification\",\"valueRequired\":true,\"valueName\":\"search_term_string\"}}],\"inLanguage\":\"fr-CA\"}]}<\/script>\n<!-- \/ Yoast SEO plugin. -->","yoast_head_json":{"title":"\u00c0 Propos: Notre Histoire, Notre Engagement | Cemar Electro","description":"Depuis plus de 40 ans, nous sommes un leader dans le domaine de la technologie laser. D\u00e9couvrez notre vision, nos innovations et t\u00e9moignages.","robots":{"index":"index","follow":"follow","max-snippet":"max-snippet:-1","max-image-preview":"max-image-preview:large","max-video-preview":"max-video-preview:-1"},"canonical":"https:\/\/cemarelectro.com\/fr\/a-propos\/","og_locale":"fr_CA","og_type":"article","og_title":"\u00c0 Propos: Notre Histoire, Notre Engagement | Cemar Electro","og_description":"Depuis plus de 40 ans, nous sommes un leader dans le domaine de la technologie laser. D\u00e9couvrez notre vision, nos innovations et t\u00e9moignages.","og_url":"https:\/\/cemarelectro.com\/fr\/a-propos\/","og_site_name":"Cemar Electro Inc.","article_modified_time":"2022-11-25T19:28:52+00:00","twitter_card":"summary_large_image","twitter_misc":{"Estimation du temps de lecture":"4 minutes"},"schema":{"@context":"https:\/\/schema.org","@graph":[{"@type":"WebPage","@id":"https:\/\/cemarelectro.com\/fr\/a-propos\/","url":"https:\/\/cemarelectro.com\/fr\/a-propos\/","name":"\u00c0 Propos: Notre Histoire, Notre Engagement | Cemar Electro","isPartOf":{"@id":"https:\/\/cemarelectro.com\/fr\/#website"},"datePublished":"2021-02-04T12:51:26+00:00","dateModified":"2022-11-25T19:28:52+00:00","description":"Depuis plus de 40 ans, nous sommes un leader dans le domaine de la technologie laser. D\u00e9couvrez notre vision, nos innovations et t\u00e9moignages.","breadcrumb":{"@id":"https:\/\/cemarelectro.com\/fr\/a-propos\/#breadcrumb"},"inLanguage":"fr-CA","potentialAction":[{"@type":"ReadAction","target":["https:\/\/cemarelectro.com\/fr\/a-propos\/"]}]},{"@type":"BreadcrumbList","@id":"https:\/\/cemarelectro.com\/fr\/a-propos\/#breadcrumb","itemListElement":[{"@type":"ListItem","position":1,"name":"Home","item":"https:\/\/cemarelectro.com\/fr\/"},{"@type":"ListItem","position":2,"name":"\u00c0 propos"}]},{"@type":"WebSite","@id":"https:\/\/cemarelectro.com\/fr\/#website","url":"https:\/\/cemarelectro.com\/fr\/","name":"Cemar Electro Inc.","description":"","potentialAction":[{"@type":"SearchAction","target":{"@type":"EntryPoint","urlTemplate":"https:\/\/cemarelectro.com\/fr\/?s={search_term_string}"},"query-input":{"@type":"PropertyValueSpecification","valueRequired":true,"valueName":"search_term_string"}}],"inLanguage":"fr-CA"}]}},"_links":{"self":[{"href":"https:\/\/cemarelectro.com\/fr\/wp-json\/wp\/v2\/pages\/1318","targetHints":{"allow":["GET"]}}],"collection":[{"href":"https:\/\/cemarelectro.com\/fr\/wp-json\/wp\/v2\/pages"}],"about":[{"href":"https:\/\/cemarelectro.com\/fr\/wp-json\/wp\/v2\/types\/page"}],"author":[{"embeddable":true,"href":"https:\/\/cemarelectro.com\/fr\/wp-json\/wp\/v2\/users\/2"}],"replies":[{"embeddable":true,"href":"https:\/\/cemarelectro.com\/fr\/wp-json\/wp\/v2\/comments?post=1318"}],"version-history":[{"count":5,"href":"https:\/\/cemarelectro.com\/fr\/wp-json\/wp\/v2\/pages\/1318\/revisions"}],"predecessor-version":[{"id":1387,"href":"https:\/\/cemarelectro.com\/fr\/wp-json\/wp\/v2\/pages\/1318\/revisions\/1387"}],"wp:attachment":[{"href":"https:\/\/cemarelectro.com\/fr\/wp-json\/wp\/v2\/media?parent=1318"}],"curies":[{"name":"wp","href":"https:\/\/api.w.org\/{rel}","templated":true}]}}