{"id":1324,"date":"2021-02-04T10:02:59","date_gmt":"2021-02-04T15:02:59","guid":{"rendered":"https:\/\/cemarelectro.com\/maxx-700-patient-positioning-system\/"},"modified":"2026-03-10T13:29:42","modified_gmt":"2026-03-10T18:29:42","slug":"systeme-positionnement-patient-maxx-700","status":"publish","type":"page","link":"https:\/\/cemarelectro.com\/fr\/systeme-positionnement-patient-maxx-700\/","title":{"rendered":"S\u00e9ries MAXX-700"},"content":{"rendered":"<div class=\"wpb-content-wrapper\">[mk_page_section min_height=\u00a0\u00bb0&Prime; full_width=\u00a0\u00bbtrue\u00a0\u00bb padding_top=\u00a0\u00bb0&Prime; padding_bottom=\u00a0\u00bb0&Prime; visibility=\u00a0\u00bbhidden-sm\u00a0\u00bb el_class=\u00a0\u00bbbjm-stretch-image\u00a0\u00bb sidebar=\u00a0\u00bbsidebar-1&Prime;][vc_column css=\u00a0\u00bb.vc_custom_1612447985664{margin-top: 0px !important;margin-right: 0px !important;margin-bottom: 0px !important;margin-left: 0px !important;border-top-width: 0px !important;border-right-width: 0px !important;border-bottom-width: 0px !important;border-left-width: 0px !important;padding-top: 0px !important;padding-right: 0px !important;padding-bottom: 0px !important;padding-left: 0px !important;}\u00a0\u00bb][vc_single_image image=\u00a0\u00bb1329&Prime; img_size=\u00a0\u00bbfull\u00a0\u00bb alignment=\u00a0\u00bbcenter\u00a0\u00bb css=\u00a0\u00bb.vc_custom_1669229267518{margin-top: 0px !important;margin-right: 0px !important;margin-bottom: 0px !important;margin-left: 0px !important;border-top-width: 0px !important;border-right-width: 0px !important;border-bottom-width: 0px !important;border-left-width: 0px !important;padding-top: 0px !important;padding-right: 0px !important;padding-bottom: 0px !important;padding-left: 0px !important;}\u00a0\u00bb][\/vc_column][\/mk_page_section][mk_page_section min_height=\u00a0\u00bb0&Prime; full_width=\u00a0\u00bbtrue\u00a0\u00bb padding_top=\u00a0\u00bb0&Prime; padding_bottom=\u00a0\u00bb0&Prime; visibility=\u00a0\u00bbvisible-sm\u00a0\u00bb el_class=\u00a0\u00bbbjm-stretch-image\u00a0\u00bb sidebar=\u00a0\u00bbsidebar-1&Prime;][vc_column css=\u00a0\u00bb.vc_custom_1612447985664{margin-top: 0px !important;margin-right: 0px !important;margin-bottom: 0px !important;margin-left: 0px !important;border-top-width: 0px !important;border-right-width: 0px !important;border-bottom-width: 0px !important;border-left-width: 0px !important;padding-top: 0px !important;padding-right: 0px !important;padding-bottom: 0px !important;padding-left: 0px !important;}\u00a0\u00bb][vc_single_image image=\u00a0\u00bb1331&Prime; img_size=\u00a0\u00bbfull\u00a0\u00bb alignment=\u00a0\u00bbcenter\u00a0\u00bb css=\u00a0\u00bb.vc_custom_1669229402154{margin-top: 0px !important;margin-right: 0px !important;margin-bottom: 0px !important;margin-left: 0px !important;border-top-width: 0px !important;border-right-width: 0px !important;border-bottom-width: 0px !important;border-left-width: 0px !important;padding-top: 0px !important;padding-right: 0px !important;padding-bottom: 0px !important;padding-left: 0px !important;}\u00a0\u00bb][\/vc_column][\/mk_page_section][mk_page_section bg_image=\u00a0\u00bbhttp:\/\/cemarelectro.com\/wp-content\/uploads\/pattern-bg.jpg\u00a0\u00bb padding_top=\u00a0\u00bb0&Prime; padding_bottom=\u00a0\u00bb0&Prime; sidebar=\u00a0\u00bbsidebar-1&Prime;][vc_column][mk_padding_divider size=\u00a0\u00bb140&Prime;][mk_fancy_title tag_name=\u00a0\u00bbh1&Prime; color=\u00a0\u00bb#707070&Prime; size=\u00a0\u00bb16&Prime; font_weight=\u00a0\u00bb400&Prime; txt_transform=\u00a0\u00bbuppercase\u00a0\u00bb letter_spacing=\u00a0\u00bb4&Prime; margin_bottom=\u00a0\u00bb0&Prime; font_family=\u00a0\u00bbMontserrat\u00a0\u00bb font_type=\u00a0\u00bbgoogle\u00a0\u00bb align=\u00a0\u00bbcenter\u00a0\u00bb]Le syst\u00e8me de positionnement du patient le plus avanc\u00e9 sur le march\u00e9[\/mk_fancy_title][mk_fancy_title size=\u00a0\u00bb48&Prime; force_font_size=\u00a0\u00bbtrue\u00a0\u00bb size_tablet=\u00a0\u00bb30&Prime; size_phone=\u00a0\u00bb20&Prime; line_height=\u00a0\u00bb90&Prime; font_weight=\u00a0\u00bbbold\u00a0\u00bb txt_transform=\u00a0\u00bbuppercase\u00a0\u00bb margin_bottom=\u00a0\u00bb0&Prime; font_family=\u00a0\u00bbMontserrat\u00a0\u00bb font_type=\u00a0\u00bbgoogle\u00a0\u00bb align=\u00a0\u00bbcenter\u00a0\u00bb]S\u00e9ries MAXX-700[\/mk_fancy_title][mk_padding_divider size=\u00a0\u00bb60&Prime;][vc_row_inner attached=\u00a0\u00bbtrue\u00a0\u00bb][vc_column_inner width=\u00a0\u00bb2\/3&Prime;][vc_column_text css=\u00a0\u00bb.vc_custom_1773167377846{margin-bottom: 0px !important;}\u00a0\u00bb]<span style=\"text-align: justify; display: block;\">La s\u00e9rie Maxx-700 offre le syst\u00e8me de positionnement de patient le plus avanc\u00e9 technologiquement sur le march\u00e9. Sa conception \u00e0 la fine pointe de la technologie allie fonctionnalit\u00e9, installation facile, utilisation simple et entretien ais\u00e9. Tous les mod\u00e8les sont disponibles en rouge ou en vert. Command\u00e9e par Bluetooth, la t\u00e9l\u00e9commande ne provoque aucun conflit avec les syst\u00e8mes sans fil des h\u00f4pitaux et propose un syst\u00e8me de contr\u00f4le bas\u00e9 sur des symboles universels, ce qui r\u00e9duit le temps de formation. La v\u00e9rification quotidienne est un processus simple en une seule \u00e9tape, ce qui permet de gagner un temps pr\u00e9cieux et d\u2019augmenter la capacit\u00e9 de traitement, car tous les Maxx-700 sont \u00e9quip\u00e9s d\u2019un syst\u00e8me de v\u00e9rification automatique de l\u2019alignement.<\/span><\/p>\n<ul>\n<li>V\u00e9rification automatique de l&rsquo;alignement<\/li>\n<li>R\u00e9glage automatique de la lumi\u00e8re ambiante<\/li>\n<li>Mouvement 4 axes<\/li>\n<li>Axe X \u2013 Mouvement horizontal: 20mm (0.8\u201d) +\/-10mm (\u00e0 partir du ISO centre)<\/li>\n<li>Axe Y \u2013 Mouvement vertical: 20mm (0.8\u201d) +\/-10mm (\u00e0 partir du ISO centre)<\/li>\n<li>Axe de roulis \u2013 Rotation horizontale: 10\u00ba +\/-5\u00ba<\/li>\n<li>Axe de tangage \u2013 Rotation verticale: 6\u00ba +\/-3\u00ba<\/li>\n<li>Entra\u00eenements par moteurs de pr\u00e9cision<\/li>\n<li>R\u00e9glage micro et macro<\/li>\n<li>Disponible en vert et rouge<\/li>\n<\/ul>\n[\/vc_column_text][vc_column_text css=\u00a0\u00bb.vc_custom_1669228118787{margin-bottom: 0px !important;padding-bottom: 0px !important;}\u00a0\u00bb]\n<h3 style=\"margin-top: 40px;\">Support de montage optionnel<\/h3>\n[\/vc_column_text][mk_gallery images=\u00a0\u00bb99,101,103&Prime; column=\u00a0\u00bb5&Prime; image_size=\u00a0\u00bbfull\u00a0\u00bb][mk_padding_divider][mk_custom_box padding_vertical=\u00a0\u00bb20&Prime; bg_color=\u00a0\u00bbrgba(241,241,241,0.67)\u00a0\u00bb][vc_column_text css=\u00a0\u00bb.vc_custom_1669228422658{margin-bottom: 0px !important;padding-bottom: 0px !important;}\u00a0\u00bb]\n<h3 style=\"margin-top: 0px;\">Sp\u00e9cifications techniques<\/h3>\n<ul>\n<li style=\"font-weight: 400;\" aria-level=\"1\"><span style=\"font-weight: 400;\">Mouvement sur 4 axes:<\/span>\n<ul>\n<li style=\"font-weight: 400;\" aria-level=\"2\"><span style=\"font-weight: 400;\">Axe X \u2013 Mouvement horizontal: 20mm (0.8\u201d) +\/-10mm (\u00e0 partir du ISO centre)<\/span><\/li>\n<li style=\"font-weight: 400;\" aria-level=\"2\"><span style=\"font-weight: 400;\">Axe Y \u2013 Mouvement vertical: 20mm (0.8\u201d) +\/-10mm (\u00e0 partir du ISO centre)<\/span><\/li>\n<li style=\"font-weight: 400;\" aria-level=\"2\"><span style=\"font-weight: 400;\">Axe de roulis \u2013 Rotation horizontale: 10\u00ba +\/-5\u00ba<\/span><\/li>\n<li style=\"font-weight: 400;\" aria-level=\"2\"><span style=\"font-weight: 400;\">Axe de tangage \u2013 Rotation verticale: 6\u00ba +\/-3\u00ba<\/span><\/li>\n<\/ul>\n<\/li>\n<li style=\"font-weight: 400;\" aria-level=\"1\"><span style=\"font-weight: 400;\">D\u00e9tection de mouvement et de position du laser oppos\u00e9<\/span><\/li>\n<li style=\"font-weight: 400;\" aria-level=\"1\"><span style=\"font-weight: 400;\">Rotation du faisceau en croix: 15\u00ba +\/-7.5\u00ba<\/span><\/li>\n<li style=\"font-weight: 400;\" aria-level=\"1\"><span style=\"font-weight: 400;\">R\u00e9glage de la mise au point: de 0.5m \u00e0 6m (2\u2019-20\u2019)<\/span><\/li>\n<li style=\"font-weight: 400;\" aria-level=\"1\"><span style=\"font-weight: 400;\">D\u00e9ploiement de la croix laser: 60\u00ba dans les deux axes<\/span><\/li>\n<li style=\"font-weight: 400;\" aria-level=\"1\"><span style=\"font-weight: 400;\">Tous les d\u00e9placements sont entra\u00een\u00e9s par un moteur de pr\u00e9cision<\/span><\/li>\n<li style=\"font-weight: 400;\" aria-level=\"1\"><span style=\"font-weight: 400;\">R\u00e9glage de l\u2019intensit\u00e9 du laser: 0.1mW-5mW<\/span><\/li>\n<li style=\"font-weight: 400;\" aria-level=\"1\">Largeur maximale de ligne @ 3m (10\u2019): &lt; 1.0mm (0.04\u201d)<\/li>\n<li style=\"font-weight: 400;\" aria-level=\"1\"><span style=\"font-weight: 400;\">La t\u00e9l\u00e9commande peut contr\u00f4ler jusqu&rsquo;\u00e0 5 lasers par pi\u00e8ce<\/span><\/li>\n<li style=\"font-weight: 400;\" aria-level=\"1\"><span style=\"font-weight: 400;\">Temp\u00e9rature de fonctionnement: 5\u00b0-28\u00b0C (40\u00b0-85\u00b0F)<\/span><\/li>\n<li style=\"font-weight: 400;\" aria-level=\"1\"><span style=\"font-weight: 400;\">Exigences d\u2019alimentation: 100-240 VAC, 0.25A, 50-60Hz<\/span><\/li>\n<li style=\"font-weight: 400;\" aria-level=\"1\"><span style=\"font-weight: 400;\">Dimensions:<\/span>\n<ul>\n<li style=\"font-weight: 400;\" aria-level=\"2\"><span style=\"font-weight: 400;\">Longueur 210 mm (8.3\u201d)<\/span><\/li>\n<li style=\"font-weight: 400;\" aria-level=\"2\"><span style=\"font-weight: 400;\">Largeur 116 mm (4.5\u201d)<\/span><\/li>\n<li style=\"font-weight: 400;\" aria-level=\"2\"><span style=\"font-weight: 400;\">Hauteur 94 mm (3.7\u201d)<\/span><\/li>\n<li style=\"font-weight: 400;\" aria-level=\"2\"><span style=\"font-weight: 400;\">Poids: 2.9 kg (6.4 lbs)<\/span><\/li>\n<\/ul>\n<\/li>\n<\/ul>\n[\/vc_column_text][\/mk_custom_box][\/vc_column_inner][vc_column_inner width=\u00a0\u00bb1\/3&Prime; css=\u00a0\u00bb.vc_custom_1612466126233{margin-left: 15px !important;}\u00a0\u00bb][vc_single_image image=\u00a0\u00bb170&Prime; img_size=\u00a0\u00bbfull\u00a0\u00bb alignment=\u00a0\u00bbcenter\u00a0\u00bb][vc_single_image image=\u00a0\u00bb1622&Prime; img_size=\u00a0\u00bbmedium\u00a0\u00bb alignment=\u00a0\u00bbcenter\u00a0\u00bb css=\u00a0\u00bb\u00a0\u00bb][mk_button dimension=\u00a0\u00bbflat\u00a0\u00bb size=\u00a0\u00bbmedium\u00a0\u00bb url=\u00a0\u00bbhttps:\/\/cemarelectro.com\/wp-content\/uploads\/maxx-700-brochure-for-maxx-tablet-march-2026.pdf\u00a0\u00bb target=\u00a0\u00bb_blank\u00a0\u00bb align=\u00a0\u00bbcenter\u00a0\u00bb fullwidth=\u00a0\u00bbtrue\u00a0\u00bb margin_right=\u00a0\u00bb0&Prime; animation=\u00a0\u00bbscale-up\u00a0\u00bb bg_color=\u00a0\u00bb#0070ac\u00a0\u00bb]T\u00e9l\u00e9charger la brochure du MAXX-700[\/mk_button][mk_button dimension=\u00a0\u00bbflat\u00a0\u00bb size=\u00a0\u00bbmedium\u00a0\u00bb url=\u00a0\u00bb\/fr\/demande-manuel-utilisation\/\u00a0\u00bb align=\u00a0\u00bbcenter\u00a0\u00bb fullwidth=\u00a0\u00bbtrue\u00a0\u00bb margin_right=\u00a0\u00bb0&Prime; animation=\u00a0\u00bbscale-up\u00a0\u00bb bg_color=\u00a0\u00bb#0070ac\u00a0\u00bb]Obtenir le manuel d&rsquo;utilisation[\/mk_button][mk_button dimension=\u00a0\u00bbflat\u00a0\u00bb size=\u00a0\u00bbmedium\u00a0\u00bb url=\u00a0\u00bbhttp:\/\/cemarelectro.com\/wp-content\/uploads\/maxx-700templates.pdf\u00a0\u00bb target=\u00a0\u00bb_blank\u00a0\u00bb align=\u00a0\u00bbcenter\u00a0\u00bb fullwidth=\u00a0\u00bbtrue\u00a0\u00bb margin_right=\u00a0\u00bb0&Prime; animation=\u00a0\u00bbscale-up\u00a0\u00bb bg_color=\u00a0\u00bb#0070ac\u00a0\u00bb]T\u00e9l\u00e9charger le gabarit d&rsquo;installation[\/mk_button][mk_button dimension=\u00a0\u00bbflat\u00a0\u00bb size=\u00a0\u00bbmedium\u00a0\u00bb url=\u00a0\u00bb\/fr\/soumission\/\u00a0\u00bb target=\u00a0\u00bb_blank\u00a0\u00bb align=\u00a0\u00bbcenter\u00a0\u00bb fullwidth=\u00a0\u00bbtrue\u00a0\u00bb margin_right=\u00a0\u00bb0&Prime; animation=\u00a0\u00bbscale-up\u00a0\u00bb]Demander une soumission[\/mk_button][\/vc_column_inner][\/vc_row_inner][mk_padding_divider size=\u00a0\u00bb100&Prime;][\/vc_column][\/mk_page_section]\n<\/div>","protected":false},"excerpt":{"rendered":"<p>[mk_page_section min_height=\u00a0\u00bb0&Prime; full_width=\u00a0\u00bbtrue\u00a0\u00bb padding_top=\u00a0\u00bb0&Prime; padding_bottom=\u00a0\u00bb0&Prime; visibility=\u00a0\u00bbhidden-sm\u00a0\u00bb el_class=\u00a0\u00bbbjm-stretch-image\u00a0\u00bb sidebar=\u00a0\u00bbsidebar-1&Prime;][vc_column css=\u00a0\u00bb.vc_custom_1612447985664{margin-top: 0px !important;margin-right: 0px !important;margin-bottom: 0px !important;margin-left: 0px !important;border-top-width: 0px !important;border-right-width: 0px !important;border-bottom-width: 0px !important;border-left-width: 0px !important;padding-top: 0px !important;padding-right: 0px !important;padding-bottom: 0px !important;padding-left: 0px !important;}\u00a0\u00bb][vc_single_image image=\u00a0\u00bb1329&Prime; img_size=\u00a0\u00bbfull\u00a0\u00bb alignment=\u00a0\u00bbcenter\u00a0\u00bb css=\u00a0\u00bb.vc_custom_1669229267518{margin-top: 0px !important;margin-right: 0px !important;margin-bottom: 0px !important;margin-left: 0px !important;border-top-width: 0px !important;border-right-width: 0px !important;border-bottom-width: 0px !important;border-left-width: 0px !important;padding-top: 0px !important;padding-right: [&hellip;]<\/p>\n","protected":false},"author":2,"featured_media":0,"parent":0,"menu_order":0,"comment_status":"closed","ping_status":"closed","template":"","meta":{"footnotes":""},"class_list":["post-1324","page","type-page","status-publish","hentry"],"yoast_head":"<!-- This site is optimized with the Yoast SEO plugin v27.4 - https:\/\/yoast.com\/product\/yoast-seo-wordpress\/ -->\n<title>Syst\u00e8me de Positionnement du Patient MAXX-700 | Cemar Electro<\/title>\n<meta name=\"description\" content=\"Optez pour le syst\u00e8me de positionnement le plus avanc\u00e9 sur le march\u00e9, qui allie fonctionnalit\u00e9, facilit\u00e9 d&#039;installation, d&#039;utilisation et d&#039;entretien.\" \/>\n<meta name=\"robots\" content=\"index, follow, max-snippet:-1, max-image-preview:large, max-video-preview:-1\" \/>\n<link rel=\"canonical\" href=\"https:\/\/cemarelectro.com\/fr\/systeme-positionnement-patient-maxx-700\/\" \/>\n<meta property=\"og:locale\" content=\"fr_CA\" \/>\n<meta property=\"og:type\" content=\"article\" \/>\n<meta property=\"og:title\" content=\"Syst\u00e8me de Positionnement du Patient MAXX-700 | Cemar Electro\" \/>\n<meta property=\"og:description\" content=\"Optez pour le syst\u00e8me de positionnement le plus avanc\u00e9 sur le march\u00e9, qui allie fonctionnalit\u00e9, facilit\u00e9 d&#039;installation, d&#039;utilisation et d&#039;entretien.\" \/>\n<meta property=\"og:url\" content=\"https:\/\/cemarelectro.com\/fr\/systeme-positionnement-patient-maxx-700\/\" \/>\n<meta property=\"og:site_name\" content=\"Cemar Electro Inc.\" \/>\n<meta property=\"article:modified_time\" content=\"2026-03-10T18:29:42+00:00\" \/>\n<meta name=\"twitter:card\" content=\"summary_large_image\" \/>\n<meta name=\"twitter:label1\" content=\"Estimation du temps de lecture\" \/>\n\t<meta name=\"twitter:data1\" content=\"4 minutes\" \/>\n<script type=\"application\/ld+json\" class=\"yoast-schema-graph\">{\"@context\":\"https:\\\/\\\/schema.org\",\"@graph\":[{\"@type\":\"WebPage\",\"@id\":\"https:\\\/\\\/cemarelectro.com\\\/fr\\\/systeme-positionnement-patient-maxx-700\\\/\",\"url\":\"https:\\\/\\\/cemarelectro.com\\\/fr\\\/systeme-positionnement-patient-maxx-700\\\/\",\"name\":\"Syst\u00e8me de Positionnement du Patient MAXX-700 | Cemar Electro\",\"isPartOf\":{\"@id\":\"https:\\\/\\\/cemarelectro.com\\\/fr\\\/#website\"},\"datePublished\":\"2021-02-04T15:02:59+00:00\",\"dateModified\":\"2026-03-10T18:29:42+00:00\",\"description\":\"Optez pour le syst\u00e8me de positionnement le plus avanc\u00e9 sur le march\u00e9, qui allie fonctionnalit\u00e9, facilit\u00e9 d'installation, d'utilisation et d'entretien.\",\"breadcrumb\":{\"@id\":\"https:\\\/\\\/cemarelectro.com\\\/fr\\\/systeme-positionnement-patient-maxx-700\\\/#breadcrumb\"},\"inLanguage\":\"fr-CA\",\"potentialAction\":[{\"@type\":\"ReadAction\",\"target\":[\"https:\\\/\\\/cemarelectro.com\\\/fr\\\/systeme-positionnement-patient-maxx-700\\\/\"]}]},{\"@type\":\"BreadcrumbList\",\"@id\":\"https:\\\/\\\/cemarelectro.com\\\/fr\\\/systeme-positionnement-patient-maxx-700\\\/#breadcrumb\",\"itemListElement\":[{\"@type\":\"ListItem\",\"position\":1,\"name\":\"Home\",\"item\":\"https:\\\/\\\/cemarelectro.com\\\/fr\\\/\"},{\"@type\":\"ListItem\",\"position\":2,\"name\":\"S\u00e9ries MAXX-700\"}]},{\"@type\":\"WebSite\",\"@id\":\"https:\\\/\\\/cemarelectro.com\\\/fr\\\/#website\",\"url\":\"https:\\\/\\\/cemarelectro.com\\\/fr\\\/\",\"name\":\"Cemar Electro Inc.\",\"description\":\"\",\"potentialAction\":[{\"@type\":\"SearchAction\",\"target\":{\"@type\":\"EntryPoint\",\"urlTemplate\":\"https:\\\/\\\/cemarelectro.com\\\/fr\\\/?s={search_term_string}\"},\"query-input\":{\"@type\":\"PropertyValueSpecification\",\"valueRequired\":true,\"valueName\":\"search_term_string\"}}],\"inLanguage\":\"fr-CA\"}]}<\/script>\n<!-- \/ Yoast SEO plugin. -->","yoast_head_json":{"title":"Syst\u00e8me de Positionnement du Patient MAXX-700 | Cemar Electro","description":"Optez pour le syst\u00e8me de positionnement le plus avanc\u00e9 sur le march\u00e9, qui allie fonctionnalit\u00e9, facilit\u00e9 d'installation, d'utilisation et d'entretien.","robots":{"index":"index","follow":"follow","max-snippet":"max-snippet:-1","max-image-preview":"max-image-preview:large","max-video-preview":"max-video-preview:-1"},"canonical":"https:\/\/cemarelectro.com\/fr\/systeme-positionnement-patient-maxx-700\/","og_locale":"fr_CA","og_type":"article","og_title":"Syst\u00e8me de Positionnement du Patient MAXX-700 | Cemar Electro","og_description":"Optez pour le syst\u00e8me de positionnement le plus avanc\u00e9 sur le march\u00e9, qui allie fonctionnalit\u00e9, facilit\u00e9 d'installation, d'utilisation et d'entretien.","og_url":"https:\/\/cemarelectro.com\/fr\/systeme-positionnement-patient-maxx-700\/","og_site_name":"Cemar Electro Inc.","article_modified_time":"2026-03-10T18:29:42+00:00","twitter_card":"summary_large_image","twitter_misc":{"Estimation du temps de lecture":"4 minutes"},"schema":{"@context":"https:\/\/schema.org","@graph":[{"@type":"WebPage","@id":"https:\/\/cemarelectro.com\/fr\/systeme-positionnement-patient-maxx-700\/","url":"https:\/\/cemarelectro.com\/fr\/systeme-positionnement-patient-maxx-700\/","name":"Syst\u00e8me de Positionnement du Patient MAXX-700 | Cemar Electro","isPartOf":{"@id":"https:\/\/cemarelectro.com\/fr\/#website"},"datePublished":"2021-02-04T15:02:59+00:00","dateModified":"2026-03-10T18:29:42+00:00","description":"Optez pour le syst\u00e8me de positionnement le plus avanc\u00e9 sur le march\u00e9, qui allie fonctionnalit\u00e9, facilit\u00e9 d'installation, d'utilisation et d'entretien.","breadcrumb":{"@id":"https:\/\/cemarelectro.com\/fr\/systeme-positionnement-patient-maxx-700\/#breadcrumb"},"inLanguage":"fr-CA","potentialAction":[{"@type":"ReadAction","target":["https:\/\/cemarelectro.com\/fr\/systeme-positionnement-patient-maxx-700\/"]}]},{"@type":"BreadcrumbList","@id":"https:\/\/cemarelectro.com\/fr\/systeme-positionnement-patient-maxx-700\/#breadcrumb","itemListElement":[{"@type":"ListItem","position":1,"name":"Home","item":"https:\/\/cemarelectro.com\/fr\/"},{"@type":"ListItem","position":2,"name":"S\u00e9ries MAXX-700"}]},{"@type":"WebSite","@id":"https:\/\/cemarelectro.com\/fr\/#website","url":"https:\/\/cemarelectro.com\/fr\/","name":"Cemar Electro Inc.","description":"","potentialAction":[{"@type":"SearchAction","target":{"@type":"EntryPoint","urlTemplate":"https:\/\/cemarelectro.com\/fr\/?s={search_term_string}"},"query-input":{"@type":"PropertyValueSpecification","valueRequired":true,"valueName":"search_term_string"}}],"inLanguage":"fr-CA"}]}},"_links":{"self":[{"href":"https:\/\/cemarelectro.com\/fr\/wp-json\/wp\/v2\/pages\/1324","targetHints":{"allow":["GET"]}}],"collection":[{"href":"https:\/\/cemarelectro.com\/fr\/wp-json\/wp\/v2\/pages"}],"about":[{"href":"https:\/\/cemarelectro.com\/fr\/wp-json\/wp\/v2\/types\/page"}],"author":[{"embeddable":true,"href":"https:\/\/cemarelectro.com\/fr\/wp-json\/wp\/v2\/users\/2"}],"replies":[{"embeddable":true,"href":"https:\/\/cemarelectro.com\/fr\/wp-json\/wp\/v2\/comments?post=1324"}],"version-history":[{"count":11,"href":"https:\/\/cemarelectro.com\/fr\/wp-json\/wp\/v2\/pages\/1324\/revisions"}],"predecessor-version":[{"id":1658,"href":"https:\/\/cemarelectro.com\/fr\/wp-json\/wp\/v2\/pages\/1324\/revisions\/1658"}],"wp:attachment":[{"href":"https:\/\/cemarelectro.com\/fr\/wp-json\/wp\/v2\/media?parent=1324"}],"curies":[{"name":"wp","href":"https:\/\/api.w.org\/{rel}","templated":true}]}}