{"id":1335,"date":"2021-03-02T06:19:15","date_gmt":"2021-03-02T11:19:15","guid":{"rendered":"https:\/\/cemarelectro.com\/maxx-600-manual-laser-patient-positioning-system\/"},"modified":"2026-03-10T13:13:25","modified_gmt":"2026-03-10T18:13:25","slug":"systeme-positionnement-patient-maxx-600","status":"publish","type":"page","link":"https:\/\/cemarelectro.com\/fr\/systeme-positionnement-patient-maxx-600\/","title":{"rendered":"S\u00e9ries MAXX-600"},"content":{"rendered":"<div class=\"wpb-content-wrapper\">[mk_page_section bg_image=\u00a0\u00bbhttp:\/\/cemarelectro.com\/wp-content\/uploads\/bg-tile.jpg\u00a0\u00bb min_height=\u00a0\u00bb0&Prime; full_width=\u00a0\u00bbtrue\u00a0\u00bb padding_top=\u00a0\u00bb0&Prime; padding_bottom=\u00a0\u00bb0&Prime; visibility=\u00a0\u00bbhidden-sm\u00a0\u00bb el_class=\u00a0\u00bbbjm-stretch-image\u00a0\u00bb sidebar=\u00a0\u00bbsidebar-1&Prime;][vc_column css=\u00a0\u00bb.vc_custom_1612447985664{margin-top: 0px !important;margin-right: 0px !important;margin-bottom: 0px !important;margin-left: 0px !important;border-top-width: 0px !important;border-right-width: 0px !important;border-bottom-width: 0px !important;border-left-width: 0px !important;padding-top: 0px !important;padding-right: 0px !important;padding-bottom: 0px !important;padding-left: 0px !important;}\u00a0\u00bb][vc_single_image image=\u00a0\u00bb1337&Prime; img_size=\u00a0\u00bbfull\u00a0\u00bb alignment=\u00a0\u00bbcenter\u00a0\u00bb css=\u00a0\u00bb.vc_custom_1669229949480{margin-top: 0px !important;margin-right: 0px !important;margin-bottom: 0px !important;margin-left: 0px !important;border-top-width: 0px !important;border-right-width: 0px !important;border-bottom-width: 0px !important;border-left-width: 0px !important;padding-top: 0px !important;padding-right: 0px !important;padding-bottom: 0px !important;padding-left: 0px !important;}\u00a0\u00bb][\/vc_column][\/mk_page_section][mk_page_section min_height=\u00a0\u00bb0&Prime; full_width=\u00a0\u00bbtrue\u00a0\u00bb padding_top=\u00a0\u00bb0&Prime; padding_bottom=\u00a0\u00bb0&Prime; visibility=\u00a0\u00bbvisible-sm\u00a0\u00bb el_class=\u00a0\u00bbbjm-stretch-image\u00a0\u00bb sidebar=\u00a0\u00bbsidebar-1&Prime;][vc_column css=\u00a0\u00bb.vc_custom_1612447985664{margin-top: 0px !important;margin-right: 0px !important;margin-bottom: 0px !important;margin-left: 0px !important;border-top-width: 0px !important;border-right-width: 0px !important;border-bottom-width: 0px !important;border-left-width: 0px !important;padding-top: 0px !important;padding-right: 0px !important;padding-bottom: 0px !important;padding-left: 0px !important;}\u00a0\u00bb][vc_single_image image=\u00a0\u00bb1339&Prime; img_size=\u00a0\u00bbfull\u00a0\u00bb alignment=\u00a0\u00bbcenter\u00a0\u00bb css=\u00a0\u00bb.vc_custom_1669230064438{margin-top: 0px !important;margin-right: 0px !important;margin-bottom: 0px !important;margin-left: 0px !important;border-top-width: 0px !important;border-right-width: 0px !important;border-bottom-width: 0px !important;border-left-width: 0px !important;padding-top: 0px !important;padding-right: 0px !important;padding-bottom: 0px !important;padding-left: 0px !important;}\u00a0\u00bb][\/vc_column][\/mk_page_section][mk_page_section bg_image=\u00a0\u00bbhttp:\/\/cemarelectro.com\/wp-content\/uploads\/pattern-bg.jpg\u00a0\u00bb padding_top=\u00a0\u00bb0&Prime; padding_bottom=\u00a0\u00bb0&Prime; sidebar=\u00a0\u00bbsidebar-1&Prime;][vc_column][mk_padding_divider size=\u00a0\u00bb140&Prime;][mk_fancy_title tag_name=\u00a0\u00bbh1&Prime; color=\u00a0\u00bb#707070&Prime; size=\u00a0\u00bb16&Prime; font_weight=\u00a0\u00bb400&Prime; txt_transform=\u00a0\u00bbuppercase\u00a0\u00bb letter_spacing=\u00a0\u00bb4&Prime; margin_bottom=\u00a0\u00bb0&Prime; font_family=\u00a0\u00bbMontserrat\u00a0\u00bb font_type=\u00a0\u00bbgoogle\u00a0\u00bb align=\u00a0\u00bbcenter\u00a0\u00bb]Notre syst\u00e8me manuel de positionnement des patients par laser[\/mk_fancy_title][mk_fancy_title size=\u00a0\u00bb48&Prime; force_font_size=\u00a0\u00bbtrue\u00a0\u00bb size_tablet=\u00a0\u00bb30&Prime; size_phone=\u00a0\u00bb20&Prime; line_height=\u00a0\u00bb90&Prime; font_weight=\u00a0\u00bbbold\u00a0\u00bb txt_transform=\u00a0\u00bbuppercase\u00a0\u00bb margin_bottom=\u00a0\u00bb0&Prime; font_family=\u00a0\u00bbMontserrat\u00a0\u00bb font_type=\u00a0\u00bbgoogle\u00a0\u00bb align=\u00a0\u00bbcenter\u00a0\u00bb]S\u00e9ries MAXX-600[\/mk_fancy_title][mk_padding_divider size=\u00a0\u00bb60&Prime;][vc_row_inner attached=\u00a0\u00bbtrue\u00a0\u00bb][vc_column_inner width=\u00a0\u00bb2\/3&Prime;][vc_column_text css=\u00a0\u00bb.vc_custom_1669230431374{margin-bottom: 0px !important;}\u00a0\u00bb]<span style=\"text-align: justify; display: block;\">La s\u00e9rie Maxx-600 est notre syst\u00e8me de positionnement manuel du patient. Elle est bas\u00e9e sur la s\u00e9rie originale CL-606 mais profite d&rsquo;un nouveau design \u00e9pur\u00e9 et \u00e9conomique ainsi que de la derni\u00e8re technologie pour offrir un <strong>syst\u00e8me de laser simple mais robuste<\/strong> avec une maintenance minimale. La s\u00e9rie MAXX-600 comprend le laser en croix MAXX-606 et le laser sagittal MAXX-607.<\/span><br \/>\n<span style=\"text-align: justify; display: block;\">Faciles \u00e0 installer, les Maxx-606 et Maxx-607 incarnent l&rsquo;essence m\u00eame de notre devise \u00ab\u00a0L\u2019art de la simplicit\u00e9\u00a0\u00bb. <strong>La s\u00e9rie Maxx-600 est un choix \u00e9conomique qui offrira des ann\u00e9es de fonctionnement sans probl\u00e8me.<\/strong><\/span><\/p>\n<p><strong>Sp\u00e9cifications du laser:<\/strong><\/p>\n<ul>\n<li>Mouvement sur 4 axes:\n<ul>\n<li>Axe X \u2013 Mouvement horizontal: 20mm (0.8\u201d) +\/-10mm (\u00e0 partir du ISO centre)<\/li>\n<li>Axe Y \u2013 Mouvement vertical: 20mm (0.8\u201d) +\/-10mm (\u00e0 partir du ISO centre)<\/li>\n<li>Axe de roulis \u2013 Rotation horizontale: 10\u00ba +\/-5\u00ba<\/li>\n<li>Axe de tangage \u2013 Rotation verticale: 6\u00ba +\/-3\u00ba<\/li>\n<\/ul>\n<\/li>\n<li>Rotation du faisceau en croix: 15\u00ba +\/-7.5\u00ba<\/li>\n<li>R\u00e9glage de la mise au point: de 0.5m \u00e0 6m (2\u2019-20\u2019)<\/li>\n<li>D\u00e9ploiement de la croix laser: 60\u00ba dans les deux axes<\/li>\n<li>Disponible en vert et rouge<\/li>\n<li>R\u00e9glage de l\u2019intensit\u00e9 du laser: 0.1mW-5mW<\/li>\n<li>Largeur de ligne maximale @ 3m (10\u2019): &lt; 1.2mm (0.047\u201d)<\/li>\n<li>Temp\u00e9rature de fonctionnement: 5\u00b0-28\u00b0C (40\u00b0-85\u00b0F)<\/li>\n<li>Exigences d\u2019alimentation: 110-240 VAC, 0.8A, 50-60Hz<\/li>\n<li>Dimensions:\n<ul>\n<li>Longueur 210 mm (8.2\u201d)<\/li>\n<li>Largeur 118 mm (4.6\u201d)<\/li>\n<li>Hauteur 100 mm (3.9\u201d)<\/li>\n<\/ul>\n<\/li>\n<li>Poids: 1.8 kg (3.9 lbs)<\/li>\n<\/ul>\n[\/vc_column_text][\/vc_column_inner][vc_column_inner width=\u00a0\u00bb1\/3&Prime; css=\u00a0\u00bb.vc_custom_1612466126233{margin-left: 15px !important;}\u00a0\u00bb][vc_single_image image=\u00a0\u00bb184&Prime; img_size=\u00a0\u00bbfull\u00a0\u00bb alignment=\u00a0\u00bbcenter\u00a0\u00bb][mk_button dimension=\u00a0\u00bbflat\u00a0\u00bb size=\u00a0\u00bbmedium\u00a0\u00bb url=\u00a0\u00bbhttps:\/\/cemarelectro.com\/wp-content\/uploads\/maxx-600-brochure-march-2026.pdf\u00a0\u00bb target=\u00a0\u00bb_blank\u00a0\u00bb align=\u00a0\u00bbcenter\u00a0\u00bb fullwidth=\u00a0\u00bbtrue\u00a0\u00bb margin_right=\u00a0\u00bb0&Prime; animation=\u00a0\u00bbscale-up\u00a0\u00bb bg_color=\u00a0\u00bb#0070ac\u00a0\u00bb]T\u00e9l\u00e9charger la brochure[\/mk_button][mk_button dimension=\u00a0\u00bbflat\u00a0\u00bb size=\u00a0\u00bbmedium\u00a0\u00bb url=\u00a0\u00bb\/fr\/demande-manuel-utilisation\/\u00a0\u00bb align=\u00a0\u00bbcenter\u00a0\u00bb fullwidth=\u00a0\u00bbtrue\u00a0\u00bb margin_right=\u00a0\u00bb0&Prime; animation=\u00a0\u00bbscale-up\u00a0\u00bb bg_color=\u00a0\u00bb#0070ac\u00a0\u00bb]Obtenir un manuel d&rsquo;utilisation[\/mk_button][mk_button dimension=\u00a0\u00bbflat\u00a0\u00bb size=\u00a0\u00bbmedium\u00a0\u00bb url=\u00a0\u00bbhttp:\/\/cemarelectro.com\/wp-content\/uploads\/maxx-600-template.pdf\u00a0\u00bb target=\u00a0\u00bb_blank\u00a0\u00bb align=\u00a0\u00bbcenter\u00a0\u00bb fullwidth=\u00a0\u00bbtrue\u00a0\u00bb margin_right=\u00a0\u00bb0&Prime; animation=\u00a0\u00bbscale-up\u00a0\u00bb bg_color=\u00a0\u00bb#0070ac\u00a0\u00bb]T\u00e9l\u00e9charger le gabarit d&rsquo;installation[\/mk_button][mk_button dimension=\u00a0\u00bbflat\u00a0\u00bb size=\u00a0\u00bbmedium\u00a0\u00bb url=\u00a0\u00bb\/fr\/soumission\/\u00a0\u00bb align=\u00a0\u00bbcenter\u00a0\u00bb fullwidth=\u00a0\u00bbtrue\u00a0\u00bb margin_right=\u00a0\u00bb0&Prime; animation=\u00a0\u00bbscale-up\u00a0\u00bb]Demander une soumission[\/mk_button][\/vc_column_inner][\/vc_row_inner][mk_padding_divider size=\u00a0\u00bb100&Prime;][\/vc_column][\/mk_page_section]\n<\/div>","protected":false},"excerpt":{"rendered":"<p>[mk_page_section bg_image=\u00a0\u00bbhttp:\/\/cemarelectro.com\/wp-content\/uploads\/bg-tile.jpg\u00a0\u00bb min_height=\u00a0\u00bb0&Prime; full_width=\u00a0\u00bbtrue\u00a0\u00bb padding_top=\u00a0\u00bb0&Prime; padding_bottom=\u00a0\u00bb0&Prime; visibility=\u00a0\u00bbhidden-sm\u00a0\u00bb el_class=\u00a0\u00bbbjm-stretch-image\u00a0\u00bb sidebar=\u00a0\u00bbsidebar-1&Prime;][vc_column css=\u00a0\u00bb.vc_custom_1612447985664{margin-top: 0px !important;margin-right: 0px !important;margin-bottom: 0px !important;margin-left: 0px !important;border-top-width: 0px !important;border-right-width: 0px !important;border-bottom-width: 0px !important;border-left-width: 0px !important;padding-top: 0px !important;padding-right: 0px !important;padding-bottom: 0px !important;padding-left: 0px !important;}\u00a0\u00bb][vc_single_image image=\u00a0\u00bb1337&Prime; img_size=\u00a0\u00bbfull\u00a0\u00bb alignment=\u00a0\u00bbcenter\u00a0\u00bb css=\u00a0\u00bb.vc_custom_1669229949480{margin-top: 0px !important;margin-right: 0px !important;margin-bottom: 0px !important;margin-left: 0px !important;border-top-width: 0px !important;border-right-width: 0px !important;border-bottom-width: 0px !important;border-left-width: 0px !important;padding-top: 0px [&hellip;]<\/p>\n","protected":false},"author":2,"featured_media":0,"parent":0,"menu_order":0,"comment_status":"closed","ping_status":"closed","template":"","meta":{"footnotes":""},"class_list":["post-1335","page","type-page","status-publish","hentry"],"yoast_head":"<!-- This site is optimized with the Yoast SEO plugin v27.4 - https:\/\/yoast.com\/product\/yoast-seo-wordpress\/ -->\n<title>Syst\u00e8me de Positionnement du Patient MAXX-600 | Cemar Electro<\/title>\n<meta name=\"description\" content=\"La s\u00e9rie MAXX-600 est \u00e9conomique, facile \u00e0 installer et durable. Apprenez-en plus sur ce syst\u00e8me de positionnement laser manuel du patient.\" \/>\n<meta name=\"robots\" content=\"index, follow, max-snippet:-1, max-image-preview:large, max-video-preview:-1\" \/>\n<link rel=\"canonical\" href=\"https:\/\/cemarelectro.com\/fr\/systeme-positionnement-patient-maxx-600\/\" \/>\n<meta property=\"og:locale\" content=\"fr_CA\" \/>\n<meta property=\"og:type\" content=\"article\" \/>\n<meta property=\"og:title\" content=\"Syst\u00e8me de Positionnement du Patient MAXX-600 | Cemar Electro\" \/>\n<meta property=\"og:description\" content=\"La s\u00e9rie MAXX-600 est \u00e9conomique, facile \u00e0 installer et durable. Apprenez-en plus sur ce syst\u00e8me de positionnement laser manuel du patient.\" \/>\n<meta property=\"og:url\" content=\"https:\/\/cemarelectro.com\/fr\/systeme-positionnement-patient-maxx-600\/\" \/>\n<meta property=\"og:site_name\" content=\"Cemar Electro Inc.\" \/>\n<meta property=\"article:modified_time\" content=\"2026-03-10T18:13:25+00:00\" \/>\n<meta name=\"twitter:card\" content=\"summary_large_image\" \/>\n<meta name=\"twitter:label1\" content=\"Estimation du temps de lecture\" \/>\n\t<meta name=\"twitter:data1\" content=\"2 minutes\" \/>\n<script type=\"application\/ld+json\" class=\"yoast-schema-graph\">{\"@context\":\"https:\\\/\\\/schema.org\",\"@graph\":[{\"@type\":\"WebPage\",\"@id\":\"https:\\\/\\\/cemarelectro.com\\\/fr\\\/systeme-positionnement-patient-maxx-600\\\/\",\"url\":\"https:\\\/\\\/cemarelectro.com\\\/fr\\\/systeme-positionnement-patient-maxx-600\\\/\",\"name\":\"Syst\u00e8me de Positionnement du Patient MAXX-600 | Cemar Electro\",\"isPartOf\":{\"@id\":\"https:\\\/\\\/cemarelectro.com\\\/fr\\\/#website\"},\"datePublished\":\"2021-03-02T11:19:15+00:00\",\"dateModified\":\"2026-03-10T18:13:25+00:00\",\"description\":\"La s\u00e9rie MAXX-600 est \u00e9conomique, facile \u00e0 installer et durable. Apprenez-en plus sur ce syst\u00e8me de positionnement laser manuel du patient.\",\"breadcrumb\":{\"@id\":\"https:\\\/\\\/cemarelectro.com\\\/fr\\\/systeme-positionnement-patient-maxx-600\\\/#breadcrumb\"},\"inLanguage\":\"fr-CA\",\"potentialAction\":[{\"@type\":\"ReadAction\",\"target\":[\"https:\\\/\\\/cemarelectro.com\\\/fr\\\/systeme-positionnement-patient-maxx-600\\\/\"]}]},{\"@type\":\"BreadcrumbList\",\"@id\":\"https:\\\/\\\/cemarelectro.com\\\/fr\\\/systeme-positionnement-patient-maxx-600\\\/#breadcrumb\",\"itemListElement\":[{\"@type\":\"ListItem\",\"position\":1,\"name\":\"Home\",\"item\":\"https:\\\/\\\/cemarelectro.com\\\/fr\\\/\"},{\"@type\":\"ListItem\",\"position\":2,\"name\":\"S\u00e9ries MAXX-600\"}]},{\"@type\":\"WebSite\",\"@id\":\"https:\\\/\\\/cemarelectro.com\\\/fr\\\/#website\",\"url\":\"https:\\\/\\\/cemarelectro.com\\\/fr\\\/\",\"name\":\"Cemar Electro Inc.\",\"description\":\"\",\"potentialAction\":[{\"@type\":\"SearchAction\",\"target\":{\"@type\":\"EntryPoint\",\"urlTemplate\":\"https:\\\/\\\/cemarelectro.com\\\/fr\\\/?s={search_term_string}\"},\"query-input\":{\"@type\":\"PropertyValueSpecification\",\"valueRequired\":true,\"valueName\":\"search_term_string\"}}],\"inLanguage\":\"fr-CA\"}]}<\/script>\n<!-- \/ Yoast SEO plugin. -->","yoast_head_json":{"title":"Syst\u00e8me de Positionnement du Patient MAXX-600 | Cemar Electro","description":"La s\u00e9rie MAXX-600 est \u00e9conomique, facile \u00e0 installer et durable. Apprenez-en plus sur ce syst\u00e8me de positionnement laser manuel du patient.","robots":{"index":"index","follow":"follow","max-snippet":"max-snippet:-1","max-image-preview":"max-image-preview:large","max-video-preview":"max-video-preview:-1"},"canonical":"https:\/\/cemarelectro.com\/fr\/systeme-positionnement-patient-maxx-600\/","og_locale":"fr_CA","og_type":"article","og_title":"Syst\u00e8me de Positionnement du Patient MAXX-600 | Cemar Electro","og_description":"La s\u00e9rie MAXX-600 est \u00e9conomique, facile \u00e0 installer et durable. Apprenez-en plus sur ce syst\u00e8me de positionnement laser manuel du patient.","og_url":"https:\/\/cemarelectro.com\/fr\/systeme-positionnement-patient-maxx-600\/","og_site_name":"Cemar Electro Inc.","article_modified_time":"2026-03-10T18:13:25+00:00","twitter_card":"summary_large_image","twitter_misc":{"Estimation du temps de lecture":"2 minutes"},"schema":{"@context":"https:\/\/schema.org","@graph":[{"@type":"WebPage","@id":"https:\/\/cemarelectro.com\/fr\/systeme-positionnement-patient-maxx-600\/","url":"https:\/\/cemarelectro.com\/fr\/systeme-positionnement-patient-maxx-600\/","name":"Syst\u00e8me de Positionnement du Patient MAXX-600 | Cemar Electro","isPartOf":{"@id":"https:\/\/cemarelectro.com\/fr\/#website"},"datePublished":"2021-03-02T11:19:15+00:00","dateModified":"2026-03-10T18:13:25+00:00","description":"La s\u00e9rie MAXX-600 est \u00e9conomique, facile \u00e0 installer et durable. Apprenez-en plus sur ce syst\u00e8me de positionnement laser manuel du patient.","breadcrumb":{"@id":"https:\/\/cemarelectro.com\/fr\/systeme-positionnement-patient-maxx-600\/#breadcrumb"},"inLanguage":"fr-CA","potentialAction":[{"@type":"ReadAction","target":["https:\/\/cemarelectro.com\/fr\/systeme-positionnement-patient-maxx-600\/"]}]},{"@type":"BreadcrumbList","@id":"https:\/\/cemarelectro.com\/fr\/systeme-positionnement-patient-maxx-600\/#breadcrumb","itemListElement":[{"@type":"ListItem","position":1,"name":"Home","item":"https:\/\/cemarelectro.com\/fr\/"},{"@type":"ListItem","position":2,"name":"S\u00e9ries MAXX-600"}]},{"@type":"WebSite","@id":"https:\/\/cemarelectro.com\/fr\/#website","url":"https:\/\/cemarelectro.com\/fr\/","name":"Cemar Electro Inc.","description":"","potentialAction":[{"@type":"SearchAction","target":{"@type":"EntryPoint","urlTemplate":"https:\/\/cemarelectro.com\/fr\/?s={search_term_string}"},"query-input":{"@type":"PropertyValueSpecification","valueRequired":true,"valueName":"search_term_string"}}],"inLanguage":"fr-CA"}]}},"_links":{"self":[{"href":"https:\/\/cemarelectro.com\/fr\/wp-json\/wp\/v2\/pages\/1335","targetHints":{"allow":["GET"]}}],"collection":[{"href":"https:\/\/cemarelectro.com\/fr\/wp-json\/wp\/v2\/pages"}],"about":[{"href":"https:\/\/cemarelectro.com\/fr\/wp-json\/wp\/v2\/types\/page"}],"author":[{"embeddable":true,"href":"https:\/\/cemarelectro.com\/fr\/wp-json\/wp\/v2\/users\/2"}],"replies":[{"embeddable":true,"href":"https:\/\/cemarelectro.com\/fr\/wp-json\/wp\/v2\/comments?post=1335"}],"version-history":[{"count":4,"href":"https:\/\/cemarelectro.com\/fr\/wp-json\/wp\/v2\/pages\/1335\/revisions"}],"predecessor-version":[{"id":1645,"href":"https:\/\/cemarelectro.com\/fr\/wp-json\/wp\/v2\/pages\/1335\/revisions\/1645"}],"wp:attachment":[{"href":"https:\/\/cemarelectro.com\/fr\/wp-json\/wp\/v2\/media?parent=1335"}],"curies":[{"name":"wp","href":"https:\/\/api.w.org\/{rel}","templated":true}]}}