{"id":1344,"date":"2021-03-02T07:10:06","date_gmt":"2021-03-02T12:10:06","guid":{"rendered":"https:\/\/cemarelectro.com\/maxx-1100-ctroom-laser-patient-positioning-system\/"},"modified":"2026-03-10T13:28:12","modified_gmt":"2026-03-10T18:28:12","slug":"maxx-1100-ctroom-laser","status":"publish","type":"page","link":"https:\/\/cemarelectro.com\/fr\/maxx-1100-ctroom-laser\/","title":{"rendered":"S\u00e9ries MAXX-1100"},"content":{"rendered":"<div class=\"wpb-content-wrapper\">[mk_page_section min_height=\u00a0\u00bb0&Prime; full_width=\u00a0\u00bbtrue\u00a0\u00bb padding_top=\u00a0\u00bb0&Prime; padding_bottom=\u00a0\u00bb0&Prime; visibility=\u00a0\u00bbhidden-sm\u00a0\u00bb el_class=\u00a0\u00bbbjm-stretch-image\u00a0\u00bb sidebar=\u00a0\u00bbsidebar-1&Prime;][vc_column css=\u00a0\u00bb.vc_custom_1612447985664{margin-top: 0px !important;margin-right: 0px !important;margin-bottom: 0px !important;margin-left: 0px !important;border-top-width: 0px !important;border-right-width: 0px !important;border-bottom-width: 0px !important;border-left-width: 0px !important;padding-top: 0px !important;padding-right: 0px !important;padding-bottom: 0px !important;padding-left: 0px !important;}\u00a0\u00bb][vc_single_image image=\u00a0\u00bb1346&Prime; img_size=\u00a0\u00bbfull\u00a0\u00bb alignment=\u00a0\u00bbcenter\u00a0\u00bb css=\u00a0\u00bb.vc_custom_1669231216763{margin-top: 0px !important;margin-right: 0px !important;margin-bottom: 0px !important;margin-left: 0px !important;border-top-width: 0px !important;border-right-width: 0px !important;border-bottom-width: 0px !important;border-left-width: 0px !important;padding-top: 0px !important;padding-right: 0px !important;padding-bottom: 0px !important;padding-left: 0px !important;}\u00a0\u00bb][\/vc_column][\/mk_page_section][mk_page_section min_height=\u00a0\u00bb0&Prime; full_width=\u00a0\u00bbtrue\u00a0\u00bb padding_top=\u00a0\u00bb0&Prime; padding_bottom=\u00a0\u00bb0&Prime; visibility=\u00a0\u00bbvisible-sm\u00a0\u00bb el_class=\u00a0\u00bbbjm-stretch-image\u00a0\u00bb sidebar=\u00a0\u00bbsidebar-1&Prime;][vc_column css=\u00a0\u00bb.vc_custom_1612447985664{margin-top: 0px !important;margin-right: 0px !important;margin-bottom: 0px !important;margin-left: 0px !important;border-top-width: 0px !important;border-right-width: 0px !important;border-bottom-width: 0px !important;border-left-width: 0px !important;padding-top: 0px !important;padding-right: 0px !important;padding-bottom: 0px !important;padding-left: 0px !important;}\u00a0\u00bb][vc_single_image image=\u00a0\u00bb1348&Prime; img_size=\u00a0\u00bbfull\u00a0\u00bb alignment=\u00a0\u00bbcenter\u00a0\u00bb css=\u00a0\u00bb.vc_custom_1669231345262{margin-top: 0px !important;margin-right: 0px !important;margin-bottom: 0px !important;margin-left: 0px !important;border-top-width: 0px !important;border-right-width: 0px !important;border-bottom-width: 0px !important;border-left-width: 0px !important;padding-top: 0px !important;padding-right: 0px !important;padding-bottom: 0px !important;padding-left: 0px !important;}\u00a0\u00bb][\/vc_column][\/mk_page_section][mk_page_section bg_image=\u00a0\u00bbhttp:\/\/cemarelectro.com\/wp-content\/uploads\/pattern-bg.jpg\u00a0\u00bb padding_top=\u00a0\u00bb0&Prime; padding_bottom=\u00a0\u00bb0&Prime; sidebar=\u00a0\u00bbsidebar-1&Prime;][vc_column][mk_padding_divider size=\u00a0\u00bb140&Prime;][mk_fancy_title tag_name=\u00a0\u00bbh1&Prime; color=\u00a0\u00bb#707070&Prime; size=\u00a0\u00bb16&Prime; font_weight=\u00a0\u00bb400&Prime; txt_transform=\u00a0\u00bbuppercase\u00a0\u00bb letter_spacing=\u00a0\u00bb4&Prime; margin_bottom=\u00a0\u00bb0&Prime; font_family=\u00a0\u00bbMontserrat\u00a0\u00bb font_type=\u00a0\u00bbgoogle\u00a0\u00bb align=\u00a0\u00bbcenter\u00a0\u00bb]Syst\u00e8me de positionnement du patient avec le mouvement le plus pr\u00e9cis du march\u00e9[\/mk_fancy_title][mk_fancy_title size=\u00a0\u00bb48&Prime; force_font_size=\u00a0\u00bbtrue\u00a0\u00bb size_tablet=\u00a0\u00bb30&Prime; size_phone=\u00a0\u00bb20&Prime; line_height=\u00a0\u00bb90&Prime; font_weight=\u00a0\u00bbbold\u00a0\u00bb txt_transform=\u00a0\u00bbuppercase\u00a0\u00bb margin_bottom=\u00a0\u00bb0&Prime; font_family=\u00a0\u00bbMontserrat\u00a0\u00bb font_type=\u00a0\u00bbgoogle\u00a0\u00bb align=\u00a0\u00bbcenter\u00a0\u00bb]Laser MAXX-1100 pour salle de tomodensitom\u00e9trie[\/mk_fancy_title][mk_padding_divider size=\u00a0\u00bb60&Prime;][vc_row_inner attached=\u00a0\u00bbtrue\u00a0\u00bb][vc_column_inner width=\u00a0\u00bb2\/3&Prime;][vc_column_text css=\u00a0\u00bb.vc_custom_1773167265469{margin-bottom: 0px !important;}\u00a0\u00bb]<span style=\"text-align: justify; display: block;\">Le syst\u00e8me de laser pour salle de tomodensitom\u00e9trie de Cemar, le Maxx-1100, offre le mouvement le plus pr\u00e9cis disponible. Il est \u00e9galement propos\u00e9 en rouge ou en vert, en unit\u00e9s individuelles autonomes ou sous forme d\u2019ensemble complet int\u00e9gr\u00e9 dans un syst\u00e8me de portique. L\u2019interface de contr\u00f4le est bas\u00e9e sur DICOM et compatible avec tous les principaux tomodensitom\u00e8tres. Les couleurs sont interchangeables et nos diodes laser modulaires peuvent \u00eatre entretenues par l\u2019utilisateur sans d\u00e9monter l\u2019unit\u00e9, une caract\u00e9ristique pr\u00e9sente dans tous les produits Maxx. Les deux options de couleur sont au m\u00eame prix, votre choix n\u2019est donc pas influenc\u00e9 par votre budget.<br \/>\n<\/span><\/p>\n<p><strong>Caract\u00e9ristiques<\/strong><\/p>\n<ul>\n<li>T\u00e9l\u00e9commande bas\u00e9e sur des symboles<\/li>\n<li>Communication sans fil<\/li>\n<li>Ethernet et Zigbee<\/li>\n<li>Dicom 3.0 RT<\/li>\n<li>Bas\u00e9 sur Windows<\/li>\n<li>Pr\u00e9cision de +\/- 0,2 mm<\/li>\n<li>Plage de d\u00e9placement de +\/- 300mm<\/li>\n<\/ul>\n<p><strong>Longueur d&rsquo;ondes<\/strong><\/p>\n<ul>\n<li>ROUGE 635nm<\/li>\n<li>VERT 520nm<\/li>\n<\/ul>\n[\/vc_column_text][\/vc_column_inner][vc_column_inner width=\u00a0\u00bb1\/3&Prime; css=\u00a0\u00bb.vc_custom_1612466126233{margin-left: 15px !important;}\u00a0\u00bb][vc_single_image image=\u00a0\u00bb1633&Prime; img_size=\u00a0\u00bbfull\u00a0\u00bb alignment=\u00a0\u00bbcenter\u00a0\u00bb css=\u00a0\u00bb.vc_custom_1773167287531{padding-right: 20px !important;padding-left: 20px !important;}\u00a0\u00bb][mk_button dimension=\u00a0\u00bbflat\u00a0\u00bb size=\u00a0\u00bbmedium\u00a0\u00bb url=\u00a0\u00bbhttps:\/\/cemarelectro.com\/wp-content\/uploads\/maxx-1100-brochure-for-maxx-tablet-march-2026.pdf\u00a0\u00bb target=\u00a0\u00bb_blank\u00a0\u00bb align=\u00a0\u00bbcenter\u00a0\u00bb fullwidth=\u00a0\u00bbtrue\u00a0\u00bb margin_right=\u00a0\u00bb0&Prime; animation=\u00a0\u00bbscale-up\u00a0\u00bb bg_color=\u00a0\u00bb#0070ac\u00a0\u00bb]T\u00e9l\u00e9charger la brochure[\/mk_button][mk_button dimension=\u00a0\u00bbflat\u00a0\u00bb size=\u00a0\u00bbmedium\u00a0\u00bb url=\u00a0\u00bb\/fr\/demande-manuel-utilisation\/\u00a0\u00bb align=\u00a0\u00bbcenter\u00a0\u00bb fullwidth=\u00a0\u00bbtrue\u00a0\u00bb margin_right=\u00a0\u00bb0&Prime; animation=\u00a0\u00bbscale-up\u00a0\u00bb bg_color=\u00a0\u00bb#0070ac\u00a0\u00bb]Obtenir un manuel d&rsquo;utilisation[\/mk_button][mk_button dimension=\u00a0\u00bbflat\u00a0\u00bb size=\u00a0\u00bbmedium\u00a0\u00bb url=\u00a0\u00bbhttp:\/\/cemarelectro.com\/wp-content\/uploads\/maxx-1100-templates.pdf\u00a0\u00bb target=\u00a0\u00bb_blank\u00a0\u00bb align=\u00a0\u00bbcenter\u00a0\u00bb fullwidth=\u00a0\u00bbtrue\u00a0\u00bb margin_right=\u00a0\u00bb0&Prime; animation=\u00a0\u00bbscale-up\u00a0\u00bb bg_color=\u00a0\u00bb#0070ac\u00a0\u00bb]T\u00e9l\u00e9charger le gabarit d&rsquo;utilisation[\/mk_button][mk_button dimension=\u00a0\u00bbflat\u00a0\u00bb size=\u00a0\u00bbmedium\u00a0\u00bb url=\u00a0\u00bb\/fr\/soumission\/\u00a0\u00bb target=\u00a0\u00bb_blank\u00a0\u00bb align=\u00a0\u00bbcenter\u00a0\u00bb fullwidth=\u00a0\u00bbtrue\u00a0\u00bb margin_right=\u00a0\u00bb0&Prime; animation=\u00a0\u00bbscale-up\u00a0\u00bb]Demander une soumission[\/mk_button][\/vc_column_inner][\/vc_row_inner][mk_padding_divider size=\u00a0\u00bb100&Prime;][\/vc_column][\/mk_page_section]\n<\/div>","protected":false},"excerpt":{"rendered":"<p>[mk_page_section min_height=\u00a0\u00bb0&Prime; full_width=\u00a0\u00bbtrue\u00a0\u00bb padding_top=\u00a0\u00bb0&Prime; padding_bottom=\u00a0\u00bb0&Prime; visibility=\u00a0\u00bbhidden-sm\u00a0\u00bb el_class=\u00a0\u00bbbjm-stretch-image\u00a0\u00bb sidebar=\u00a0\u00bbsidebar-1&Prime;][vc_column css=\u00a0\u00bb.vc_custom_1612447985664{margin-top: 0px !important;margin-right: 0px !important;margin-bottom: 0px !important;margin-left: 0px !important;border-top-width: 0px !important;border-right-width: 0px !important;border-bottom-width: 0px !important;border-left-width: 0px !important;padding-top: 0px !important;padding-right: 0px !important;padding-bottom: 0px !important;padding-left: 0px !important;}\u00a0\u00bb][vc_single_image image=\u00a0\u00bb1346&Prime; img_size=\u00a0\u00bbfull\u00a0\u00bb alignment=\u00a0\u00bbcenter\u00a0\u00bb css=\u00a0\u00bb.vc_custom_1669231216763{margin-top: 0px !important;margin-right: 0px !important;margin-bottom: 0px !important;margin-left: 0px !important;border-top-width: 0px !important;border-right-width: 0px !important;border-bottom-width: 0px !important;border-left-width: 0px !important;padding-top: 0px !important;padding-right: [&hellip;]<\/p>\n","protected":false},"author":2,"featured_media":0,"parent":0,"menu_order":0,"comment_status":"closed","ping_status":"closed","template":"","meta":{"footnotes":""},"class_list":["post-1344","page","type-page","status-publish","hentry"],"yoast_head":"<!-- This site is optimized with the Yoast SEO plugin v27.4 - https:\/\/yoast.com\/product\/yoast-seo-wordpress\/ -->\n<title>MAXX-1100 CT Room Laser System | Cemar Electro<\/title>\n<meta name=\"description\" content=\"The Maxx-1100 patient positioning system delivers the most precise movement available and remote control touch-screen adjustment. Learn more!\" \/>\n<meta name=\"robots\" content=\"index, follow, max-snippet:-1, max-image-preview:large, max-video-preview:-1\" \/>\n<link rel=\"canonical\" href=\"https:\/\/cemarelectro.com\/fr\/maxx-1100-ctroom-laser\/\" \/>\n<meta property=\"og:locale\" content=\"fr_CA\" \/>\n<meta property=\"og:type\" content=\"article\" \/>\n<meta property=\"og:title\" content=\"MAXX-1100 CT Room Laser System | Cemar Electro\" \/>\n<meta property=\"og:description\" content=\"The Maxx-1100 patient positioning system delivers the most precise movement available and remote control touch-screen adjustment. Learn more!\" \/>\n<meta property=\"og:url\" content=\"https:\/\/cemarelectro.com\/fr\/maxx-1100-ctroom-laser\/\" \/>\n<meta property=\"og:site_name\" content=\"Cemar Electro Inc.\" \/>\n<meta property=\"article:modified_time\" content=\"2026-03-10T18:28:12+00:00\" \/>\n<meta name=\"twitter:card\" content=\"summary_large_image\" \/>\n<meta name=\"twitter:label1\" content=\"Estimation du temps de lecture\" \/>\n\t<meta name=\"twitter:data1\" content=\"3 minutes\" \/>\n<script type=\"application\/ld+json\" class=\"yoast-schema-graph\">{\"@context\":\"https:\\\/\\\/schema.org\",\"@graph\":[{\"@type\":\"WebPage\",\"@id\":\"https:\\\/\\\/cemarelectro.com\\\/fr\\\/maxx-1100-ctroom-laser\\\/\",\"url\":\"https:\\\/\\\/cemarelectro.com\\\/fr\\\/maxx-1100-ctroom-laser\\\/\",\"name\":\"MAXX-1100 CT Room Laser System | Cemar Electro\",\"isPartOf\":{\"@id\":\"https:\\\/\\\/cemarelectro.com\\\/fr\\\/#website\"},\"datePublished\":\"2021-03-02T12:10:06+00:00\",\"dateModified\":\"2026-03-10T18:28:12+00:00\",\"description\":\"The Maxx-1100 patient positioning system delivers the most precise movement available and remote control touch-screen adjustment. Learn more!\",\"breadcrumb\":{\"@id\":\"https:\\\/\\\/cemarelectro.com\\\/fr\\\/maxx-1100-ctroom-laser\\\/#breadcrumb\"},\"inLanguage\":\"fr-CA\",\"potentialAction\":[{\"@type\":\"ReadAction\",\"target\":[\"https:\\\/\\\/cemarelectro.com\\\/fr\\\/maxx-1100-ctroom-laser\\\/\"]}]},{\"@type\":\"BreadcrumbList\",\"@id\":\"https:\\\/\\\/cemarelectro.com\\\/fr\\\/maxx-1100-ctroom-laser\\\/#breadcrumb\",\"itemListElement\":[{\"@type\":\"ListItem\",\"position\":1,\"name\":\"Home\",\"item\":\"https:\\\/\\\/cemarelectro.com\\\/fr\\\/\"},{\"@type\":\"ListItem\",\"position\":2,\"name\":\"S\u00e9ries MAXX-1100\"}]},{\"@type\":\"WebSite\",\"@id\":\"https:\\\/\\\/cemarelectro.com\\\/fr\\\/#website\",\"url\":\"https:\\\/\\\/cemarelectro.com\\\/fr\\\/\",\"name\":\"Cemar Electro Inc.\",\"description\":\"\",\"potentialAction\":[{\"@type\":\"SearchAction\",\"target\":{\"@type\":\"EntryPoint\",\"urlTemplate\":\"https:\\\/\\\/cemarelectro.com\\\/fr\\\/?s={search_term_string}\"},\"query-input\":{\"@type\":\"PropertyValueSpecification\",\"valueRequired\":true,\"valueName\":\"search_term_string\"}}],\"inLanguage\":\"fr-CA\"}]}<\/script>\n<!-- \/ Yoast SEO plugin. -->","yoast_head_json":{"title":"MAXX-1100 CT Room Laser System | Cemar Electro","description":"The Maxx-1100 patient positioning system delivers the most precise movement available and remote control touch-screen adjustment. Learn more!","robots":{"index":"index","follow":"follow","max-snippet":"max-snippet:-1","max-image-preview":"max-image-preview:large","max-video-preview":"max-video-preview:-1"},"canonical":"https:\/\/cemarelectro.com\/fr\/maxx-1100-ctroom-laser\/","og_locale":"fr_CA","og_type":"article","og_title":"MAXX-1100 CT Room Laser System | Cemar Electro","og_description":"The Maxx-1100 patient positioning system delivers the most precise movement available and remote control touch-screen adjustment. Learn more!","og_url":"https:\/\/cemarelectro.com\/fr\/maxx-1100-ctroom-laser\/","og_site_name":"Cemar Electro Inc.","article_modified_time":"2026-03-10T18:28:12+00:00","twitter_card":"summary_large_image","twitter_misc":{"Estimation du temps de lecture":"3 minutes"},"schema":{"@context":"https:\/\/schema.org","@graph":[{"@type":"WebPage","@id":"https:\/\/cemarelectro.com\/fr\/maxx-1100-ctroom-laser\/","url":"https:\/\/cemarelectro.com\/fr\/maxx-1100-ctroom-laser\/","name":"MAXX-1100 CT Room Laser System | Cemar Electro","isPartOf":{"@id":"https:\/\/cemarelectro.com\/fr\/#website"},"datePublished":"2021-03-02T12:10:06+00:00","dateModified":"2026-03-10T18:28:12+00:00","description":"The Maxx-1100 patient positioning system delivers the most precise movement available and remote control touch-screen adjustment. Learn more!","breadcrumb":{"@id":"https:\/\/cemarelectro.com\/fr\/maxx-1100-ctroom-laser\/#breadcrumb"},"inLanguage":"fr-CA","potentialAction":[{"@type":"ReadAction","target":["https:\/\/cemarelectro.com\/fr\/maxx-1100-ctroom-laser\/"]}]},{"@type":"BreadcrumbList","@id":"https:\/\/cemarelectro.com\/fr\/maxx-1100-ctroom-laser\/#breadcrumb","itemListElement":[{"@type":"ListItem","position":1,"name":"Home","item":"https:\/\/cemarelectro.com\/fr\/"},{"@type":"ListItem","position":2,"name":"S\u00e9ries MAXX-1100"}]},{"@type":"WebSite","@id":"https:\/\/cemarelectro.com\/fr\/#website","url":"https:\/\/cemarelectro.com\/fr\/","name":"Cemar Electro Inc.","description":"","potentialAction":[{"@type":"SearchAction","target":{"@type":"EntryPoint","urlTemplate":"https:\/\/cemarelectro.com\/fr\/?s={search_term_string}"},"query-input":{"@type":"PropertyValueSpecification","valueRequired":true,"valueName":"search_term_string"}}],"inLanguage":"fr-CA"}]}},"_links":{"self":[{"href":"https:\/\/cemarelectro.com\/fr\/wp-json\/wp\/v2\/pages\/1344","targetHints":{"allow":["GET"]}}],"collection":[{"href":"https:\/\/cemarelectro.com\/fr\/wp-json\/wp\/v2\/pages"}],"about":[{"href":"https:\/\/cemarelectro.com\/fr\/wp-json\/wp\/v2\/types\/page"}],"author":[{"embeddable":true,"href":"https:\/\/cemarelectro.com\/fr\/wp-json\/wp\/v2\/users\/2"}],"replies":[{"embeddable":true,"href":"https:\/\/cemarelectro.com\/fr\/wp-json\/wp\/v2\/comments?post=1344"}],"version-history":[{"count":6,"href":"https:\/\/cemarelectro.com\/fr\/wp-json\/wp\/v2\/pages\/1344\/revisions"}],"predecessor-version":[{"id":1657,"href":"https:\/\/cemarelectro.com\/fr\/wp-json\/wp\/v2\/pages\/1344\/revisions\/1657"}],"wp:attachment":[{"href":"https:\/\/cemarelectro.com\/fr\/wp-json\/wp\/v2\/media?parent=1344"}],"curies":[{"name":"wp","href":"https:\/\/api.w.org\/{rel}","templated":true}]}}