{"id":1358,"date":"2021-03-02T07:51:13","date_gmt":"2021-03-02T12:51:13","guid":{"rendered":"https:\/\/cemarelectro.com\/maxx-1100-ct-desktop-application\/"},"modified":"2022-11-23T14:46:41","modified_gmt":"2022-11-23T19:46:41","slug":"application-maxx-1100-ct","status":"publish","type":"page","link":"https:\/\/cemarelectro.com\/fr\/application-maxx-1100-ct\/","title":{"rendered":"Application de bureau MAXX-1100 CT"},"content":{"rendered":"<div class=\"wpb-content-wrapper\">[mk_page_section bg_image=\u00a0\u00bbhttp:\/\/cemarelectro.com\/wp-content\/uploads\/pattern-bg.jpg\u00a0\u00bb padding_top=\u00a0\u00bb0&Prime; padding_bottom=\u00a0\u00bb0&Prime; sidebar=\u00a0\u00bbsidebar-1&Prime;][vc_column][mk_padding_divider size=\u00a0\u00bb140&Prime;][mk_fancy_title tag_name=\u00a0\u00bbh1&Prime; color=\u00a0\u00bb#707070&Prime; size=\u00a0\u00bb16&Prime; font_weight=\u00a0\u00bb400&Prime; txt_transform=\u00a0\u00bbuppercase\u00a0\u00bb letter_spacing=\u00a0\u00bb4&Prime; margin_bottom=\u00a0\u00bb0&Prime; font_family=\u00a0\u00bbMontserrat\u00a0\u00bb font_type=\u00a0\u00bbgoogle\u00a0\u00bb align=\u00a0\u00bbcenter\u00a0\u00bb]Une application puissante utilis\u00e9e pour faire fonctionner nos syst\u00e8mes de positionnement des patients MAXX-1100[\/mk_fancy_title][mk_fancy_title size=\u00a0\u00bb48&Prime; force_font_size=\u00a0\u00bbtrue\u00a0\u00bb size_tablet=\u00a0\u00bb30&Prime; size_phone=\u00a0\u00bb20&Prime; line_height=\u00a0\u00bb90&Prime; font_weight=\u00a0\u00bbbold\u00a0\u00bb txt_transform=\u00a0\u00bbuppercase\u00a0\u00bb margin_bottom=\u00a0\u00bb0&Prime; font_family=\u00a0\u00bbMontserrat\u00a0\u00bb font_type=\u00a0\u00bbgoogle\u00a0\u00bb align=\u00a0\u00bbcenter\u00a0\u00bb]Application de bureau MAXX-1100 CT[\/mk_fancy_title][mk_padding_divider size=\u00a0\u00bb60&Prime;][vc_row_inner attached=\u00a0\u00bbtrue\u00a0\u00bb][vc_column_inner width=\u00a0\u00bb2\/3&Prime;][vc_column_text css=\u00a0\u00bb.vc_custom_1669232723972{margin-bottom: 0px !important;}\u00a0\u00bb]<span style=\"text-align: justify; display: block;\">Le syst\u00e8me de contr\u00f4le PC du laser MAXX-1100 CT est une application .NET bas\u00e9e sur Microsoft Windows, capable de faire fonctionner des unit\u00e9s MAXX-1100 individuellement ainsi qu&rsquo;un ensemble complet de MAXX-1100 par TCP\/IP via Ethernet. L&rsquo;application pour PC MAXX-1100 est \u00e9quip\u00e9e d&rsquo;une grille de donn\u00e9es sur le patient, d&rsquo;un panneau de commande des lasers pour faire fonctionner chacune des unit\u00e9s, d&rsquo;une interface de commande DICOM 3.0 compatible avec toutes les principales machines CT, d&rsquo;un diagramme de r\u00e9f\u00e9rence et de plusieurs autres fonctionnalit\u00e9s. Le contr\u00f4leur PC MAXX-1100 CT laser est une application puissante utilis\u00e9e pour faire fonctionner nos syst\u00e8mes de positionnement du patient MAXX-1100. Elle est conviviale afin de ne pas ralentir les op\u00e9rations quotidiennes qui peuvent ainsi toujours \u00eatre effectu\u00e9es en temps voulu.<\/span><\/p>\n<p><strong>Caract\u00e9ristiques:<\/strong><\/p>\n<ul>\n<li>Nous utilisons un logiciel robuste et validons que les op\u00e9rations quotidiennes sont effectu\u00e9es en temps voulu.<\/li>\n<li>L&rsquo;application de bureau du laser MAXX-1100 CT est une application .NET bas\u00e9e sur Microsoft Windows.<\/li>\n<li>Elle fait fonctionner des unit\u00e9s MAXX-1100 individuelles et multiples.<\/li>\n<li>L&rsquo;application communique avec les syst\u00e8mes MAXX-1100 en utilisant le protocole TCP \/ IP sur Ethernet.<\/li>\n<li>L&rsquo;application est dot\u00e9e d&rsquo;une vue en grille des donn\u00e9es du patient.<\/li>\n<li>L&rsquo;application comprend un exemple de sch\u00e9ma de r\u00e9f\u00e9rence.<\/li>\n<li>Convivial et facile d&rsquo;utilisation.<\/li>\n<li>Nous \u00e9quipons notre application CT Laser d&rsquo;un serveur DICOM 3.0.<\/li>\n<li>Notre application est dot\u00e9e d&rsquo;un panneau de commande laser int\u00e9gr\u00e9.<\/li>\n<\/ul>\n[\/vc_column_text][\/vc_column_inner][vc_column_inner width=\u00a0\u00bb1\/3&Prime; css=\u00a0\u00bb.vc_custom_1612466126233{margin-left: 15px !important;}\u00a0\u00bb][vc_single_image image=\u00a0\u00bb225&Prime; img_size=\u00a0\u00bbfull\u00a0\u00bb alignment=\u00a0\u00bbcenter\u00a0\u00bb][vc_single_image image=\u00a0\u00bb223&Prime; img_size=\u00a0\u00bbmedium\u00a0\u00bb alignment=\u00a0\u00bbcenter\u00a0\u00bb][mk_button dimension=\u00a0\u00bbflat\u00a0\u00bb size=\u00a0\u00bbmedium\u00a0\u00bb url=\u00a0\u00bbhttp:\/\/cemarelectro.com\/wp-content\/uploads\/desktop-installation-guide-v1-3-0-365_04-2019.pdf\u00a0\u00bb target=\u00a0\u00bb_blank\u00a0\u00bb align=\u00a0\u00bbcenter\u00a0\u00bb fullwidth=\u00a0\u00bbtrue\u00a0\u00bb margin_right=\u00a0\u00bb0&Prime; animation=\u00a0\u00bbscale-up\u00a0\u00bb bg_color=\u00a0\u00bb#0070ac\u00a0\u00bb]T\u00e9l\u00e9charger le guide d&rsquo;installation[\/mk_button][mk_button dimension=\u00a0\u00bbflat\u00a0\u00bb size=\u00a0\u00bbmedium\u00a0\u00bb url=\u00a0\u00bbhttp:\/\/cemarelectro.com\/wp-content\/uploads\/maxx1100-desktop-application-manual.pdf\u00a0\u00bb target=\u00a0\u00bb_blank\u00a0\u00bb align=\u00a0\u00bbcenter\u00a0\u00bb fullwidth=\u00a0\u00bbtrue\u00a0\u00bb margin_right=\u00a0\u00bb0&Prime; animation=\u00a0\u00bbscale-up\u00a0\u00bb bg_color=\u00a0\u00bb#0070ac\u00a0\u00bb]T\u00e9l\u00e9charger le manuel d&rsquo;utilisation[\/mk_button][mk_button dimension=\u00a0\u00bbflat\u00a0\u00bb size=\u00a0\u00bbmedium\u00a0\u00bb url=\u00a0\u00bb\/fr\/soumission\/\u00a0\u00bb target=\u00a0\u00bb_blank\u00a0\u00bb align=\u00a0\u00bbcenter\u00a0\u00bb fullwidth=\u00a0\u00bbtrue\u00a0\u00bb margin_right=\u00a0\u00bb0&Prime; animation=\u00a0\u00bbscale-up\u00a0\u00bb]Obtenir une soumission[\/mk_button][\/vc_column_inner][\/vc_row_inner][mk_padding_divider size=\u00a0\u00bb100&Prime;][\/vc_column][\/mk_page_section]\n<\/div>","protected":false},"excerpt":{"rendered":"<p>[mk_page_section bg_image=\u00a0\u00bbhttp:\/\/cemarelectro.com\/wp-content\/uploads\/pattern-bg.jpg\u00a0\u00bb padding_top=\u00a0\u00bb0&Prime; padding_bottom=\u00a0\u00bb0&Prime; sidebar=\u00a0\u00bbsidebar-1&Prime;][vc_column][mk_padding_divider size=\u00a0\u00bb140&Prime;][mk_fancy_title tag_name=\u00a0\u00bbh1&Prime; color=\u00a0\u00bb#707070&Prime; size=\u00a0\u00bb16&Prime; font_weight=\u00a0\u00bb400&Prime; txt_transform=\u00a0\u00bbuppercase\u00a0\u00bb letter_spacing=\u00a0\u00bb4&Prime; margin_bottom=\u00a0\u00bb0&Prime; font_family=\u00a0\u00bbMontserrat\u00a0\u00bb font_type=\u00a0\u00bbgoogle\u00a0\u00bb align=\u00a0\u00bbcenter\u00a0\u00bb]Une application puissante utilis\u00e9e pour faire fonctionner nos syst\u00e8mes de positionnement des patients MAXX-1100[\/mk_fancy_title][mk_fancy_title size=\u00a0\u00bb48&Prime; force_font_size=\u00a0\u00bbtrue\u00a0\u00bb size_tablet=\u00a0\u00bb30&Prime; size_phone=\u00a0\u00bb20&Prime; line_height=\u00a0\u00bb90&Prime; font_weight=\u00a0\u00bbbold\u00a0\u00bb txt_transform=\u00a0\u00bbuppercase\u00a0\u00bb margin_bottom=\u00a0\u00bb0&Prime; font_family=\u00a0\u00bbMontserrat\u00a0\u00bb font_type=\u00a0\u00bbgoogle\u00a0\u00bb align=\u00a0\u00bbcenter\u00a0\u00bb]Application de bureau MAXX-1100 CT[\/mk_fancy_title][mk_padding_divider size=\u00a0\u00bb60&Prime;][vc_row_inner attached=\u00a0\u00bbtrue\u00a0\u00bb][vc_column_inner width=\u00a0\u00bb2\/3&Prime;][vc_column_text css=\u00a0\u00bb.vc_custom_1669232723972{margin-bottom: 0px !important;}\u00a0\u00bb]Le syst\u00e8me de contr\u00f4le PC du [&hellip;]<\/p>\n","protected":false},"author":2,"featured_media":0,"parent":0,"menu_order":0,"comment_status":"closed","ping_status":"closed","template":"","meta":{"footnotes":""},"class_list":["post-1358","page","type-page","status-publish","hentry"],"yoast_head":"<!-- This site is optimized with the Yoast SEO plugin v27.4 - https:\/\/yoast.com\/product\/yoast-seo-wordpress\/ -->\n<title>Application de Bureau MAXX-1100 CT | Cemar Electro<\/title>\n<meta name=\"description\" content=\"L&#039;application MAXX-1100 est \u00e9quip\u00e9e d&#039;une grille de donn\u00e9es sur le patient, d&#039;un panneau de contr\u00f4le du laser et plus encore.\" \/>\n<meta name=\"robots\" content=\"index, follow, max-snippet:-1, max-image-preview:large, max-video-preview:-1\" \/>\n<link rel=\"canonical\" href=\"https:\/\/cemarelectro.com\/fr\/application-maxx-1100-ct\/\" \/>\n<meta property=\"og:locale\" content=\"fr_CA\" \/>\n<meta property=\"og:type\" content=\"article\" \/>\n<meta property=\"og:title\" content=\"Application de Bureau MAXX-1100 CT | Cemar Electro\" \/>\n<meta property=\"og:description\" content=\"L&#039;application MAXX-1100 est \u00e9quip\u00e9e d&#039;une grille de donn\u00e9es sur le patient, d&#039;un panneau de contr\u00f4le du laser et plus encore.\" \/>\n<meta property=\"og:url\" content=\"https:\/\/cemarelectro.com\/fr\/application-maxx-1100-ct\/\" \/>\n<meta property=\"og:site_name\" content=\"Cemar Electro Inc.\" \/>\n<meta property=\"article:modified_time\" content=\"2022-11-23T19:46:41+00:00\" \/>\n<meta name=\"twitter:card\" content=\"summary_large_image\" \/>\n<meta name=\"twitter:label1\" content=\"Estimation du temps de lecture\" \/>\n\t<meta name=\"twitter:data1\" content=\"2 minutes\" \/>\n<script type=\"application\/ld+json\" class=\"yoast-schema-graph\">{\"@context\":\"https:\\\/\\\/schema.org\",\"@graph\":[{\"@type\":\"WebPage\",\"@id\":\"https:\\\/\\\/cemarelectro.com\\\/fr\\\/application-maxx-1100-ct\\\/\",\"url\":\"https:\\\/\\\/cemarelectro.com\\\/fr\\\/application-maxx-1100-ct\\\/\",\"name\":\"Application de Bureau MAXX-1100 CT | Cemar Electro\",\"isPartOf\":{\"@id\":\"https:\\\/\\\/cemarelectro.com\\\/fr\\\/#website\"},\"datePublished\":\"2021-03-02T12:51:13+00:00\",\"dateModified\":\"2022-11-23T19:46:41+00:00\",\"description\":\"L'application MAXX-1100 est \u00e9quip\u00e9e d'une grille de donn\u00e9es sur le patient, d'un panneau de contr\u00f4le du laser et plus encore.\",\"breadcrumb\":{\"@id\":\"https:\\\/\\\/cemarelectro.com\\\/fr\\\/application-maxx-1100-ct\\\/#breadcrumb\"},\"inLanguage\":\"fr-CA\",\"potentialAction\":[{\"@type\":\"ReadAction\",\"target\":[\"https:\\\/\\\/cemarelectro.com\\\/fr\\\/application-maxx-1100-ct\\\/\"]}]},{\"@type\":\"BreadcrumbList\",\"@id\":\"https:\\\/\\\/cemarelectro.com\\\/fr\\\/application-maxx-1100-ct\\\/#breadcrumb\",\"itemListElement\":[{\"@type\":\"ListItem\",\"position\":1,\"name\":\"Home\",\"item\":\"https:\\\/\\\/cemarelectro.com\\\/fr\\\/\"},{\"@type\":\"ListItem\",\"position\":2,\"name\":\"Application de bureau MAXX-1100 CT\"}]},{\"@type\":\"WebSite\",\"@id\":\"https:\\\/\\\/cemarelectro.com\\\/fr\\\/#website\",\"url\":\"https:\\\/\\\/cemarelectro.com\\\/fr\\\/\",\"name\":\"Cemar Electro Inc.\",\"description\":\"\",\"potentialAction\":[{\"@type\":\"SearchAction\",\"target\":{\"@type\":\"EntryPoint\",\"urlTemplate\":\"https:\\\/\\\/cemarelectro.com\\\/fr\\\/?s={search_term_string}\"},\"query-input\":{\"@type\":\"PropertyValueSpecification\",\"valueRequired\":true,\"valueName\":\"search_term_string\"}}],\"inLanguage\":\"fr-CA\"}]}<\/script>\n<!-- \/ Yoast SEO plugin. -->","yoast_head_json":{"title":"Application de Bureau MAXX-1100 CT | Cemar Electro","description":"L'application MAXX-1100 est \u00e9quip\u00e9e d'une grille de donn\u00e9es sur le patient, d'un panneau de contr\u00f4le du laser et plus encore.","robots":{"index":"index","follow":"follow","max-snippet":"max-snippet:-1","max-image-preview":"max-image-preview:large","max-video-preview":"max-video-preview:-1"},"canonical":"https:\/\/cemarelectro.com\/fr\/application-maxx-1100-ct\/","og_locale":"fr_CA","og_type":"article","og_title":"Application de Bureau MAXX-1100 CT | Cemar Electro","og_description":"L'application MAXX-1100 est \u00e9quip\u00e9e d'une grille de donn\u00e9es sur le patient, d'un panneau de contr\u00f4le du laser et plus encore.","og_url":"https:\/\/cemarelectro.com\/fr\/application-maxx-1100-ct\/","og_site_name":"Cemar Electro Inc.","article_modified_time":"2022-11-23T19:46:41+00:00","twitter_card":"summary_large_image","twitter_misc":{"Estimation du temps de lecture":"2 minutes"},"schema":{"@context":"https:\/\/schema.org","@graph":[{"@type":"WebPage","@id":"https:\/\/cemarelectro.com\/fr\/application-maxx-1100-ct\/","url":"https:\/\/cemarelectro.com\/fr\/application-maxx-1100-ct\/","name":"Application de Bureau MAXX-1100 CT | Cemar Electro","isPartOf":{"@id":"https:\/\/cemarelectro.com\/fr\/#website"},"datePublished":"2021-03-02T12:51:13+00:00","dateModified":"2022-11-23T19:46:41+00:00","description":"L'application MAXX-1100 est \u00e9quip\u00e9e d'une grille de donn\u00e9es sur le patient, d'un panneau de contr\u00f4le du laser et plus encore.","breadcrumb":{"@id":"https:\/\/cemarelectro.com\/fr\/application-maxx-1100-ct\/#breadcrumb"},"inLanguage":"fr-CA","potentialAction":[{"@type":"ReadAction","target":["https:\/\/cemarelectro.com\/fr\/application-maxx-1100-ct\/"]}]},{"@type":"BreadcrumbList","@id":"https:\/\/cemarelectro.com\/fr\/application-maxx-1100-ct\/#breadcrumb","itemListElement":[{"@type":"ListItem","position":1,"name":"Home","item":"https:\/\/cemarelectro.com\/fr\/"},{"@type":"ListItem","position":2,"name":"Application de bureau MAXX-1100 CT"}]},{"@type":"WebSite","@id":"https:\/\/cemarelectro.com\/fr\/#website","url":"https:\/\/cemarelectro.com\/fr\/","name":"Cemar Electro Inc.","description":"","potentialAction":[{"@type":"SearchAction","target":{"@type":"EntryPoint","urlTemplate":"https:\/\/cemarelectro.com\/fr\/?s={search_term_string}"},"query-input":{"@type":"PropertyValueSpecification","valueRequired":true,"valueName":"search_term_string"}}],"inLanguage":"fr-CA"}]}},"_links":{"self":[{"href":"https:\/\/cemarelectro.com\/fr\/wp-json\/wp\/v2\/pages\/1358","targetHints":{"allow":["GET"]}}],"collection":[{"href":"https:\/\/cemarelectro.com\/fr\/wp-json\/wp\/v2\/pages"}],"about":[{"href":"https:\/\/cemarelectro.com\/fr\/wp-json\/wp\/v2\/types\/page"}],"author":[{"embeddable":true,"href":"https:\/\/cemarelectro.com\/fr\/wp-json\/wp\/v2\/users\/2"}],"replies":[{"embeddable":true,"href":"https:\/\/cemarelectro.com\/fr\/wp-json\/wp\/v2\/comments?post=1358"}],"version-history":[{"count":2,"href":"https:\/\/cemarelectro.com\/fr\/wp-json\/wp\/v2\/pages\/1358\/revisions"}],"predecessor-version":[{"id":1360,"href":"https:\/\/cemarelectro.com\/fr\/wp-json\/wp\/v2\/pages\/1358\/revisions\/1360"}],"wp:attachment":[{"href":"https:\/\/cemarelectro.com\/fr\/wp-json\/wp\/v2\/media?parent=1358"}],"curies":[{"name":"wp","href":"https:\/\/api.w.org\/{rel}","templated":true}]}}